{"id":53760,"date":"2021-02-26T15:41:04","date_gmt":"2021-02-26T13:41:04","guid":{"rendered":"https:\/\/www.pussycatmerida.com\/eshop\/product\/pump-worx-bomba-de-ereccion-maxima-amplitud\/"},"modified":"2026-03-11T12:27:58","modified_gmt":"2026-03-11T11:27:58","slug":"pump-worx-bomba-de-ereccion-maxima-amplitud","status":"publish","type":"product","link":"https:\/\/www.pussycatmerida.com\/eshop\/producto\/pump-worx-bomba-de-ereccion-maxima-amplitud\/","title":{"rendered":"PUMP WORX BOMBA DE ERECCION MAXIMA AMPLITUD"},"content":{"rendered":"<p style=\"text-align: center;\"><embed allowfullscreen=\"true\" allowscriptaccess=\"always\" flashvars=\"controlbar=bottomnetstreambasepath=http%3A%2F%2Fwww.pipedreamproducts.com%2Ffile=http%3A%2F%2Fwww.pipedreamproducts.com%2Fpdtv_videos\/pdtvvideo_0000000158.m4vautostart=true\" height=\"304\" src=\"http:\/\/www.pipedreamproducts.com\/jwplayer\/player.swf\" width=\"650\"><\/embed><\/p>\n<p>Cuando necesitas alcanzar el tama\u00f1o y la confianza que siempre has so\u00f1ado, s\u00f3lo la bomba de erecci\u00f3n Max-Width puede ayudarte! Con cada apret\u00f3n de la manilla de la bomba, tu pene se har\u00e1 m\u00e1s grande, m\u00e1s grueso, y se hinchar\u00e1 de poder.<\/p>\n<ul>\n<li>100% Libre de Phalatos.<\/li>\n<\/ul>\n<p>Una vez que introduces el pene en la suave y flexible abertura de PVC, descubrir\u00e1s r\u00e1pidamente tus erecciones duras como una roca y que duran y duran sin descensos en el rendimiento.<\/p>\n<p>El tubo de vac\u00edo transparente te permite ver tu miembro crecer, y la v\u00e1lvula de liberaci\u00f3n r\u00e1pida te quita de encima la presi\u00f3n con la pulsaci\u00f3n de un bot\u00f3n.<\/p>\n<p>La manilla de la bomba es ergon\u00f3mica, se adapta c\u00f3modamente a tu mano y te permite utilizarla con una sola mano, dejando la otra mano libre para una mayor estimulaci\u00f3n.<br \/>Para prolongar la eyaculaci\u00f3n, deslice el suave anillo sobre la base de tu pene.<\/p>\n<p>Esa sensaci\u00f3n te ayudar\u00e1 a mantener la erecci\u00f3n y prolongar la diversi\u00f3n.<\/p>\n<p>Cuando hayas terminado, s\u00f3lo tienes que separar el cilindro de la manguera y limpiarlo con el gel limpiador de juguetes de Pipedream y agua tibia.<\/p>\n<ul>\n<li>Incluye muestras de lubricante y gel limpiador de juguetes.<\/li>\n<\/ul>\n<p>Descubre nuevas experiencias!!<\/p>\n","protected":false},"excerpt":{"rendered":"<p>PUMP WORX MAX-WIDTH PENIS ENLARGER<\/p>\n","protected":false},"featured_media":53761,"template":"","meta":[],"pwb-brand":[476,844],"product_brand":[],"product_cat":[386,277,953,286,274,306],"product_tag":[],"class_list":{"0":"post-53760","1":"product","2":"type-product","3":"status-publish","4":"has-post-thumbnail","6":"pwb-brand-pipedreams","7":"pwb-brand-pipedreams-pump-worx","8":"product_cat-alargamiento-del-pene","9":"product_cat-juguetes-sexuales-xxxalargamiento-pene","10":"product_cat-bombas-de-ereccion","11":"product_cat-juguetes-sexuales-xxxdesarrolladores","12":"product_cat-juguetes-sexuales-xxx","13":"product_cat-juguetes-sexuales-xxxpara-el","14":"post_count_is_0","15":"boutique_post_style_4","17":"first","18":"instock","19":"taxable","20":"shipping-taxable","21":"purchasable","22":"product-type-simple","23":"boutique_image_style_2"},"brands":[{"id":476,"name":"PIPEDREAMS","slug":"pipedreams"},{"id":844,"name":"PUMP WORX","slug":"pipedreams-pump-worx"}],"_links":{"self":[{"href":"https:\/\/www.pussycatmerida.com\/eshop\/wp-json\/wp\/v2\/product\/53760","targetHints":{"allow":["GET"]}}],"collection":[{"href":"https:\/\/www.pussycatmerida.com\/eshop\/wp-json\/wp\/v2\/product"}],"about":[{"href":"https:\/\/www.pussycatmerida.com\/eshop\/wp-json\/wp\/v2\/types\/product"}],"wp:featuredmedia":[{"embeddable":true,"href":"https:\/\/www.pussycatmerida.com\/eshop\/wp-json\/wp\/v2\/media\/53761"}],"wp:attachment":[{"href":"https:\/\/www.pussycatmerida.com\/eshop\/wp-json\/wp\/v2\/media?parent=53760"}],"wp:term":[{"taxonomy":"pwb-brand","embeddable":true,"href":"https:\/\/www.pussycatmerida.com\/eshop\/wp-json\/wp\/v2\/pwb-brand?post=53760"},{"taxonomy":"product_brand","embeddable":true,"href":"https:\/\/www.pussycatmerida.com\/eshop\/wp-json\/wp\/v2\/product_brand?post=53760"},{"taxonomy":"product_cat","embeddable":true,"href":"https:\/\/www.pussycatmerida.com\/eshop\/wp-json\/wp\/v2\/product_cat?post=53760"},{"taxonomy":"product_tag","embeddable":true,"href":"https:\/\/www.pussycatmerida.com\/eshop\/wp-json\/wp\/v2\/product_tag?post=53760"}],"curies":[{"name":"wp","href":"https:\/\/api.w.org\/{rel}","templated":true}]}}