{"id":5686,"date":"2021-03-01T13:28:34","date_gmt":"2021-03-01T11:28:34","guid":{"rendered":"https:\/\/www.pussycatmerida.com\/eshop\/product\/sex-juego-para-parejas-es-en\/"},"modified":"2026-03-11T12:26:52","modified_gmt":"2026-03-11T11:26:52","slug":"sex-juego-para-parejas-es-en","status":"publish","type":"product","link":"https:\/\/www.pussycatmerida.com\/eshop\/producto\/sex-juego-para-parejas-es-en\/","title":{"rendered":"SEX JUEGO PARA PAREJAS ES\/EN"},"content":{"rendered":"<p>El popular Kama Sutra convertido ahora en un entretenido y ardiente juego de mesa. Los amantes, a medida que avanzan por el tablero, emprenden juegos er\u00f3ticos y se dejan llevar por las m\u00e1s fogosas pasiones.<\/p>\n<p>Gana cartas de Sex! al acertar respuestas.<\/p>\n<p>Las preguntas y respuestas sobre sexo, para ella y para \u00e9l. Os ayudar\u00e1n a conocer mejor los gustos sexuales de la pareja mientras aprend\u00e9is cosas fascinantes sobre el sexo.<\/p>\n<p>T\u00fa y tu amante ganar\u00e9is cuando hay\u00e1is completado una fantas\u00eda de 6 posturas sexuales. Pueden variar de la m\u00e1s ardiente a la m\u00e1s apote\u00f3sica!<\/p>\n<p>Incluye el tablero, 35 cartas de preguntas \u00abPara \u00e9l\u00bb, 35 cartas de preguntas \u00abPara ella\u00bb, 60 cartas de Sex!, 3 dados, 2 fichas de jugador.<\/p>\n<p>Instrucciones en Espa\u00f1ol e Ingles.<\/p>\n<p><img decoding=\"async\" alt=\"\" src=\"https:\/\/dreamlove.gesio.be\/UserFiles\/image\/ingles-espa\u00f1ol.png\" style=\"width: 64px; height: 31px;\" \/><\/p>\n","protected":false},"excerpt":{"rendered":"<p>SEX BOARD GAME.  ES\/EN<\/p>\n","protected":false},"featured_media":62707,"template":"","meta":[],"pwb-brand":[821],"product_brand":[],"product_cat":[375,379,376,443],"product_tag":[],"class_list":{"0":"post-5686","1":"product","2":"type-product","3":"status-publish","4":"has-post-thumbnail","6":"pwb-brand-kheper-games-inc","7":"product_cat-juegos","8":"product_cat-juegosjuegos-de-mesa","9":"product_cat-juegosjuegos-de-pareja","10":"product_cat-juegosjuegos-en-espanol","11":"post_count_is_0","12":"boutique_post_style_4","14":"first","15":"instock","16":"taxable","17":"shipping-taxable","18":"purchasable","19":"product-type-simple","20":"boutique_image_style_2"},"brands":[{"id":821,"name":"KHEPER GAMES, INC.","slug":"kheper-games-inc"}],"_links":{"self":[{"href":"https:\/\/www.pussycatmerida.com\/eshop\/wp-json\/wp\/v2\/product\/5686","targetHints":{"allow":["GET"]}}],"collection":[{"href":"https:\/\/www.pussycatmerida.com\/eshop\/wp-json\/wp\/v2\/product"}],"about":[{"href":"https:\/\/www.pussycatmerida.com\/eshop\/wp-json\/wp\/v2\/types\/product"}],"wp:featuredmedia":[{"embeddable":true,"href":"https:\/\/www.pussycatmerida.com\/eshop\/wp-json\/wp\/v2\/media\/62707"}],"wp:attachment":[{"href":"https:\/\/www.pussycatmerida.com\/eshop\/wp-json\/wp\/v2\/media?parent=5686"}],"wp:term":[{"taxonomy":"pwb-brand","embeddable":true,"href":"https:\/\/www.pussycatmerida.com\/eshop\/wp-json\/wp\/v2\/pwb-brand?post=5686"},{"taxonomy":"product_brand","embeddable":true,"href":"https:\/\/www.pussycatmerida.com\/eshop\/wp-json\/wp\/v2\/product_brand?post=5686"},{"taxonomy":"product_cat","embeddable":true,"href":"https:\/\/www.pussycatmerida.com\/eshop\/wp-json\/wp\/v2\/product_cat?post=5686"},{"taxonomy":"product_tag","embeddable":true,"href":"https:\/\/www.pussycatmerida.com\/eshop\/wp-json\/wp\/v2\/product_tag?post=5686"}],"curies":[{"name":"wp","href":"https:\/\/api.w.org\/{rel}","templated":true}]}}