{"id":57320,"date":"2021-03-01T10:35:59","date_gmt":"2021-03-01T08:35:59","guid":{"rendered":"https:\/\/www.pussycatmerida.com\/eshop\/product\/darkness-abrazadera-pezones-metal-con-cadena\/"},"modified":"2026-03-11T12:39:23","modified_gmt":"2026-03-11T11:39:23","slug":"darkness-abrazadera-pezones-metal-con-cadena","status":"publish","type":"product","link":"https:\/\/www.pussycatmerida.com\/eshop\/producto\/darkness-abrazadera-pezones-metal-con-cadena\/","title":{"rendered":"DARKNESS ABRAZADERA PEZONES METAL CON CADENA"},"content":{"rendered":"<p>Estas ingeniosas abrazaderas est\u00e1n especialmente dise\u00f1adas para apretar su agarre a medida que se tiran hacia abajo.<\/p>\n<p>Los extremos est\u00e1n inclinados con metal en relieve, para ayudar a retener su agarre y aumentar la sensaci\u00f3n. Incluye una cadena de metal para aumentar la sensaci\u00f3n de peso y placer .<\/p>\n<p>Incluye dos pinzas.<\/p>\n<p>LA MARCA<\/p>\n<p>Darkness es una marca de nueva generaci\u00f3n 2020, todos nuestros materiales son de excelente calidad asegurando que la fabricaci\u00f3n compromete un resultado perfecto para principiantes o avanzados que le gusta el mundo Fetish o bdsm.<\/p>\n<p>\u00a0<\/p>\n","protected":false},"excerpt":{"rendered":"<p>DARKNESS NIPPLE CLAMPS  WITH CHAIN<\/p>\n","protected":false},"featured_media":57321,"template":"","meta":[],"pwb-brand":[467,474],"product_brand":[],"product_cat":[423,282,274,941],"product_tag":[],"class_list":{"0":"post-57320","1":"product","2":"type-product","3":"status-publish","4":"has-post-thumbnail","6":"pwb-brand-darkness","7":"pwb-brand-darknessdarkness-bondage","8":"product_cat-juguetes-sexuales-xxxfetish-bondagebdsm-accesorios","9":"product_cat-juguetes-sexuales-xxxfetish-bondage","10":"product_cat-juguetes-sexuales-xxx","11":"product_cat-pinzas-para-pezones","12":"post_count_is_0","13":"boutique_post_style_4","15":"first","16":"instock","17":"taxable","18":"shipping-taxable","19":"purchasable","20":"product-type-simple","21":"boutique_image_style_2"},"brands":[{"id":467,"name":"DARKNESS","slug":"darkness"},{"id":474,"name":"DARKNESS BONDAGE","slug":"darknessdarkness-bondage"}],"_links":{"self":[{"href":"https:\/\/www.pussycatmerida.com\/eshop\/wp-json\/wp\/v2\/product\/57320","targetHints":{"allow":["GET"]}}],"collection":[{"href":"https:\/\/www.pussycatmerida.com\/eshop\/wp-json\/wp\/v2\/product"}],"about":[{"href":"https:\/\/www.pussycatmerida.com\/eshop\/wp-json\/wp\/v2\/types\/product"}],"wp:featuredmedia":[{"embeddable":true,"href":"https:\/\/www.pussycatmerida.com\/eshop\/wp-json\/wp\/v2\/media\/57321"}],"wp:attachment":[{"href":"https:\/\/www.pussycatmerida.com\/eshop\/wp-json\/wp\/v2\/media?parent=57320"}],"wp:term":[{"taxonomy":"pwb-brand","embeddable":true,"href":"https:\/\/www.pussycatmerida.com\/eshop\/wp-json\/wp\/v2\/pwb-brand?post=57320"},{"taxonomy":"product_brand","embeddable":true,"href":"https:\/\/www.pussycatmerida.com\/eshop\/wp-json\/wp\/v2\/product_brand?post=57320"},{"taxonomy":"product_cat","embeddable":true,"href":"https:\/\/www.pussycatmerida.com\/eshop\/wp-json\/wp\/v2\/product_cat?post=57320"},{"taxonomy":"product_tag","embeddable":true,"href":"https:\/\/www.pussycatmerida.com\/eshop\/wp-json\/wp\/v2\/product_tag?post=57320"}],"curies":[{"name":"wp","href":"https:\/\/api.w.org\/{rel}","templated":true}]}}