{"id":57360,"date":"2021-03-01T10:36:19","date_gmt":"2021-03-01T08:36:19","guid":{"rendered":"https:\/\/www.pussycatmerida.com\/eshop\/product\/coquette-collar-cuero-vegano-accesorio-woman\/"},"modified":"2026-03-11T12:39:03","modified_gmt":"2026-03-11T11:39:03","slug":"coquette-collar-cuero-vegano-accesorio-woman","status":"publish","type":"product","link":"https:\/\/www.pussycatmerida.com\/eshop\/producto\/coquette-collar-cuero-vegano-accesorio-woman\/","title":{"rendered":"COQUETTE COLLAR CUERO VEGANO ACCESORIO WOMAN"},"content":{"rendered":"<p>La colecci\u00f3n de accesorios de Coquette es exclusivamente realizada en cuero vegano cuidadosamente fabricada para que cada detalle en el cuerpo de la mujer brille cada segundo.<\/p>\n<p>Este collar fetiche es una pieza exclusiva de cuero vegano para complementar como accesorio a tu vestuario.<\/p>\n<p>Hecho de cuero vegano cuenta con un cierre seguro de tres broches que permiten ajustarse a todos los tama\u00f1os de cuello, siendo confortable. \u00a0<\/p>\n<ul>\n<li>Cuello (ajustable)<\/li>\n<li>Longitud: 38\u00a0cm<\/li>\n<li>Altura 2.2 cm<\/li>\n<li>Cuero Vegano<\/li>\n<li>Metal Libre de niquel<\/li>\n<\/ul>\n<p>LA MARCA COQUETTE<\/p>\n<p>Llega las novedades de la colecci\u00f3n COQUETTE con inspiraci\u00f3n femenina y elegante. La marca se une a los adeptos del lujo placer vida  sensualidad armon\u00eda elplacercongarant\u00edas y nos ofrece looks \u00fanicos en la jugueter\u00eda sexual aptos para cualquier ocasi\u00f3n. \u201cNos trasladamos a newyork donde las tiendas inspiran a todos los humanos para convertir la inspiraci\u00f3n en realidad a trav\u00e9s de Coquette\u201d<\/p>\n<p>La mujer del siglo XXI es s\u00edmbolo de prosperidad, estabilidad y elegancia. Todo va asociado a la felicidad sexual y la paz interior, y para ello nace COQUETTE, una marca 100% inspirada en la mujer del siglo XXI europea.<\/p>\n","protected":false},"excerpt":{"rendered":"<p>COQUETTE HAND CRAFTED CHOKER<\/p>\n","protected":false},"featured_media":57361,"template":"","meta":[],"pwb-brand":[473],"product_brand":[],"product_cat":[423,422,313,282,274,309,471],"product_tag":[],"class_list":{"0":"post-57360","1":"product","2":"type-product","3":"status-publish","4":"has-post-thumbnail","6":"pwb-brand-coquette","7":"product_cat-juguetes-sexuales-xxxfetish-bondagebdsm-accesorios","8":"product_cat-juguetes-sexuales-xxxfetish-bondagebdsm-collares","9":"product_cat-lenceriacomplementos-lenceria","10":"product_cat-juguetes-sexuales-xxxfetish-bondage","11":"product_cat-juguetes-sexuales-xxx","12":"product_cat-lenceria","13":"product_cat-novedades","14":"post_count_is_0","15":"boutique_post_style_4","17":"first","18":"instock","19":"taxable","20":"shipping-taxable","21":"purchasable","22":"product-type-simple","23":"boutique_image_style_2"},"brands":[{"id":473,"name":"COQUETTE","slug":"coquette"}],"_links":{"self":[{"href":"https:\/\/www.pussycatmerida.com\/eshop\/wp-json\/wp\/v2\/product\/57360","targetHints":{"allow":["GET"]}}],"collection":[{"href":"https:\/\/www.pussycatmerida.com\/eshop\/wp-json\/wp\/v2\/product"}],"about":[{"href":"https:\/\/www.pussycatmerida.com\/eshop\/wp-json\/wp\/v2\/types\/product"}],"wp:featuredmedia":[{"embeddable":true,"href":"https:\/\/www.pussycatmerida.com\/eshop\/wp-json\/wp\/v2\/media\/57361"}],"wp:attachment":[{"href":"https:\/\/www.pussycatmerida.com\/eshop\/wp-json\/wp\/v2\/media?parent=57360"}],"wp:term":[{"taxonomy":"pwb-brand","embeddable":true,"href":"https:\/\/www.pussycatmerida.com\/eshop\/wp-json\/wp\/v2\/pwb-brand?post=57360"},{"taxonomy":"product_brand","embeddable":true,"href":"https:\/\/www.pussycatmerida.com\/eshop\/wp-json\/wp\/v2\/product_brand?post=57360"},{"taxonomy":"product_cat","embeddable":true,"href":"https:\/\/www.pussycatmerida.com\/eshop\/wp-json\/wp\/v2\/product_cat?post=57360"},{"taxonomy":"product_tag","embeddable":true,"href":"https:\/\/www.pussycatmerida.com\/eshop\/wp-json\/wp\/v2\/product_tag?post=57360"}],"curies":[{"name":"wp","href":"https:\/\/api.w.org\/{rel}","templated":true}]}}