{"id":5750,"date":"2021-02-26T15:02:07","date_gmt":"2021-02-26T13:02:07","guid":{"rendered":"https:\/\/www.pussycatmerida.com\/eshop\/product\/fetish-fantasy-arnes-fantasia\/"},"modified":"2026-03-11T12:39:13","modified_gmt":"2026-03-11T11:39:13","slug":"fetish-fantasy-arnes-fantasia","status":"publish","type":"product","link":"https:\/\/www.pussycatmerida.com\/eshop\/producto\/fetish-fantasy-arnes-fantasia\/","title":{"rendered":"FETISH FANTASY ARNES FANTASIA"},"content":{"rendered":"<p>Tu subordinado\/a te rogar\u00e1 que lo ates si o si!!<\/p>\n<p>Este sistema de seguridad de alta resistencia te permite acceder a m\u00faltiples posiciones con una sola restricci\u00f3n.<\/p>\n<p>S\u00f3lo tienes que colocarle el collar de velcro en el cuello y abrocharle el cintur\u00f3n alrededor de su cintura, ambos son ajustables para adaptarse a la mayor\u00eda de los tama\u00f1os.<\/p>\n<p>La correa de la columna vertebral dispone de ocho anillos y se puede usar en el torso o en la espalda. C<\/p>\n<p>oloca las restricciones alrededor de las mu\u00f1ecas o en los tobillos y suj\u00e9talo al arn\u00e9s<\/p>\n<p>Util\u00edzalo como como resistencias y el sujeto no intentar\u00e1 escapar.<\/p>\n<p>Incluye el arn\u00e9s de 9 anillas con 2 pu\u00f1os ajustables de neopreno con mosquetones y una m\u00e1scara satinada de regalo.<\/p>\n<p>Te atreves?.<\/p>\n<p>\u00a0<\/p>\n","protected":false},"excerpt":{"rendered":"<p>FETISH FANTASY FANTASY HARNESS<\/p>\n","protected":false},"featured_media":49862,"template":"","meta":[],"pwb-brand":[485,476],"product_brand":[],"product_cat":[952,390,282,274,389],"product_tag":[],"class_list":{"0":"post-5750","1":"product","2":"type-product","3":"status-publish","4":"has-post-thumbnail","6":"pwb-brand-pipedreams-fetish-fantasy-series","7":"pwb-brand-pipedreams","8":"product_cat-bondage","9":"product_cat-juguetes-sexuales-xxxfetish-bondageesposas","10":"product_cat-juguetes-sexuales-xxxfetish-bondage","11":"product_cat-juguetes-sexuales-xxx","12":"product_cat-juguetes-sexuales-xxxmascaras-y-esposas","13":"post_count_is_0","14":"boutique_post_style_4","16":"first","17":"instock","18":"taxable","19":"shipping-taxable","20":"purchasable","21":"product-type-simple","22":"boutique_image_style_2"},"brands":[{"id":485,"name":"FETISH FANTASY SERIES","slug":"pipedreams-fetish-fantasy-series"},{"id":476,"name":"PIPEDREAMS","slug":"pipedreams"}],"_links":{"self":[{"href":"https:\/\/www.pussycatmerida.com\/eshop\/wp-json\/wp\/v2\/product\/5750","targetHints":{"allow":["GET"]}}],"collection":[{"href":"https:\/\/www.pussycatmerida.com\/eshop\/wp-json\/wp\/v2\/product"}],"about":[{"href":"https:\/\/www.pussycatmerida.com\/eshop\/wp-json\/wp\/v2\/types\/product"}],"wp:featuredmedia":[{"embeddable":true,"href":"https:\/\/www.pussycatmerida.com\/eshop\/wp-json\/wp\/v2\/media\/49862"}],"wp:attachment":[{"href":"https:\/\/www.pussycatmerida.com\/eshop\/wp-json\/wp\/v2\/media?parent=5750"}],"wp:term":[{"taxonomy":"pwb-brand","embeddable":true,"href":"https:\/\/www.pussycatmerida.com\/eshop\/wp-json\/wp\/v2\/pwb-brand?post=5750"},{"taxonomy":"product_brand","embeddable":true,"href":"https:\/\/www.pussycatmerida.com\/eshop\/wp-json\/wp\/v2\/product_brand?post=5750"},{"taxonomy":"product_cat","embeddable":true,"href":"https:\/\/www.pussycatmerida.com\/eshop\/wp-json\/wp\/v2\/product_cat?post=5750"},{"taxonomy":"product_tag","embeddable":true,"href":"https:\/\/www.pussycatmerida.com\/eshop\/wp-json\/wp\/v2\/product_tag?post=5750"}],"curies":[{"name":"wp","href":"https:\/\/api.w.org\/{rel}","templated":true}]}}