{"id":58311,"date":"2021-03-01T10:48:43","date_gmt":"2021-03-01T08:48:43","guid":{"rendered":"https:\/\/www.pussycatmerida.com\/eshop\/product\/shunga-lluvia-de-amor-crema-estimulante-del-punto-g\/"},"modified":"2026-03-11T12:26:35","modified_gmt":"2026-03-11T11:26:35","slug":"shunga-lluvia-de-amor-crema-estimulante-del-punto-g","status":"publish","type":"product","link":"https:\/\/www.pussycatmerida.com\/eshop\/producto\/shunga-lluvia-de-amor-crema-estimulante-del-punto-g\/","title":{"rendered":"SHUNGA LLUVIA DE AMOR CREMA ESTIMULANTE DEL PUNTO G."},"content":{"rendered":"<p>Es una crema estimulante para el Punto G, es el producto m\u00e1s revolucionario de Shunga.<\/p>\n<p>La firma de cosm\u00e9tica Shunga, siempre enfocada a la b\u00fasqueda del placer, ha creado una crema (compatible con el l\u00e1tex y fabricada con ingredientes de grado alimenticio y farmac\u00e9utico) especialmente pensada para estimular el punto G y descubrir sensaciones sin igual que nos acerquen al placer supremo.<\/p>\n<p>Pasar\u00e1s de un ligero placer a unas sensaciones incre\u00edbles con s\u00f3lo una aplicaci\u00f3n.<\/p>\n<p>Incluye un completo manual ilustrado para practicar diversos ejercicios que te ayudar\u00e1n definitivamente a encontrar el punto G.<\/p>\n<p>SHUNGA RAIN OF LOVE se presenta en una caja de lujo que incluye un peque\u00f1o manual ilustrado con consejos para encontrar el punto G y para sentir el m\u00e1ximo placer.<\/p>\n<p>El placer esta a tu alcance<\/p>\n<p>Frasco de 30 ml.<\/p>\n<p>Shunga es L\u00edder mundia en cosmetica Erotica, sus ingredientes naturales fusionado con principios activos logran un gran resultado<\/p>\n<p>Entrar en el mundo er\u00f3tico de Shunga es viajar al pasado. Traducido literalmente, Shunga significa \u2018imagen de primavera, una manera delicada de decir \u2018relaciones sexuales entre personas.<\/p>\n<p>Esta palabra se usaba para designar las pinturas er\u00f3ticas japonesas del siglo XVI, XVII y XVIII, un tipo llamado ukiyo-e, que no eran otra cosa que obras sobre madera o pergamino con escenas sensuales y episodios de amor carnal, siempre elaborados con mucho cuidado y buen gusto.<\/p>\n<p>El arte Shunga, aunque oculto durante siglos, marc\u00f3 el principio de la industria pornogr\u00e1fica para la clase media nipona y sirvi\u00f3 durante generaciones como ense\u00f1anza para los hijos y las hijas de muchas familias.<\/p>\n<p><img decoding=\"async\" alt=\"\" src=\"https:\/\/store.dreamlove.es\/UserFiles\/image\/banderas.png\" style=\"width: 121px; height: 35px;\" \/><\/p>\n<p>\u00a0<\/p>\n<p>\u00a0<\/p>\n","protected":false},"excerpt":{"rendered":"<p>SHUNGA RAIN OF LOVE G-SPOT AROUSAL CREAM<\/p>\n","protected":false},"featured_media":58312,"template":"","meta":[],"pwb-brand":[42,774],"product_brand":[],"product_cat":[350,342,337,328,340,359,363,361,330,362],"product_tag":[],"class_list":{"0":"post-58311","1":"product","2":"type-product","3":"status-publish","4":"has-post-thumbnail","6":"pwb-brand-shunga","7":"pwb-brand-shungashunga-aphrodisiacs","8":"product_cat-aceites-y-lubricantesaceites-y-cremas-de-masaje100-comestibles","9":"product_cat-aceites-y-lubricantesaceites-y-cremas-de-masaje","10":"product_cat-aceites-y-lubricantes","11":"product_cat-afrodisiacos","12":"product_cat-aceites-y-lubricantesaumenta-la-potencia-en-el-hombre","13":"product_cat-aceites-y-lubricantesorgasmo-femenino","14":"product_cat-aceites-y-lubricantesorgasmo-femeninopara-tu-punto-g","15":"product_cat-aceites-y-lubricantesorgasmo-femeninopotenciador-orgasmo-femenino","16":"product_cat-afrodisiacospotenciadores","17":"product_cat-afrodisiacospunto-g","18":"post_count_is_0","19":"boutique_post_style_4","21":"first","22":"instock","23":"taxable","24":"shipping-taxable","25":"purchasable","26":"product-type-simple","27":"boutique_image_style_2"},"brands":[{"id":42,"name":"SHUNGA","slug":"shunga"},{"id":774,"name":"SHUNGA APHRODISIACS","slug":"shungashunga-aphrodisiacs"}],"_links":{"self":[{"href":"https:\/\/www.pussycatmerida.com\/eshop\/wp-json\/wp\/v2\/product\/58311","targetHints":{"allow":["GET"]}}],"collection":[{"href":"https:\/\/www.pussycatmerida.com\/eshop\/wp-json\/wp\/v2\/product"}],"about":[{"href":"https:\/\/www.pussycatmerida.com\/eshop\/wp-json\/wp\/v2\/types\/product"}],"wp:featuredmedia":[{"embeddable":true,"href":"https:\/\/www.pussycatmerida.com\/eshop\/wp-json\/wp\/v2\/media\/58312"}],"wp:attachment":[{"href":"https:\/\/www.pussycatmerida.com\/eshop\/wp-json\/wp\/v2\/media?parent=58311"}],"wp:term":[{"taxonomy":"pwb-brand","embeddable":true,"href":"https:\/\/www.pussycatmerida.com\/eshop\/wp-json\/wp\/v2\/pwb-brand?post=58311"},{"taxonomy":"product_brand","embeddable":true,"href":"https:\/\/www.pussycatmerida.com\/eshop\/wp-json\/wp\/v2\/product_brand?post=58311"},{"taxonomy":"product_cat","embeddable":true,"href":"https:\/\/www.pussycatmerida.com\/eshop\/wp-json\/wp\/v2\/product_cat?post=58311"},{"taxonomy":"product_tag","embeddable":true,"href":"https:\/\/www.pussycatmerida.com\/eshop\/wp-json\/wp\/v2\/product_tag?post=58311"}],"curies":[{"name":"wp","href":"https:\/\/api.w.org\/{rel}","templated":true}]}}