{"id":58426,"date":"2021-03-01T11:09:00","date_gmt":"2021-03-01T09:09:00","guid":{"rendered":"https:\/\/www.pussycatmerida.com\/eshop\/product\/bijoux-za-za-zu-feather-handcuffs\/"},"modified":"2026-03-11T12:39:12","modified_gmt":"2026-03-11T11:39:12","slug":"bijoux-za-za-zu-feather-handcuffs","status":"publish","type":"product","link":"https:\/\/www.pussycatmerida.com\/eshop\/producto\/bijoux-za-za-zu-feather-handcuffs\/","title":{"rendered":"BIJOUX ZA ZA ZU FEATHER HANDCUFFS"},"content":{"rendered":"<p>Descubre el fascinante poder de atrapar a tu amante, o d\u00e9jate atrapar por estas suaves esposas de plumas. Un excitante juego que arrastra a los amantes al deleite de las sensaciones.<\/p>\n<ul>\n<li>Contenido: esposas de plumas de tama\u00f1o y cierre ajustables.<\/li>\n<\/ul>\n<p>Sab\u00edas que&#8230;<\/p>\n<p>&#8230; estar atados y sentirse presos descarga adrenalina, haciendo que la tensi\u00f3n sexual vaya a m\u00e1s porque se liberan ondas alfas que contribuyen a entrar en un estado casi hipn\u00f3tico que permite que los amantes se relajen y se entreguen a las fantas\u00edas de una manera placentera?<\/p>\n<p>&#8230; las esposas de Bijoux Indiscrets son la manera m\u00e1s sofisticada de experimentar con el bondage?<\/p>\n<p>&#8230; el bondage es una de las fantas\u00edas sexuales m\u00e1s comunes, tanto entre hombres como mujeres?<\/p>\n<p>&#8230; la esencia del bondage consiste en dejarse dominar y entregarse a la pareja? La entrega, m\u00e1s que un juego, supone la confianza total y absoluta, en el otro. \u00a0Un valioso regalo que, adem\u00e1s, debe ser rec\u00edproco.<\/p>\n<p>\u00a0<\/p>\n","protected":false},"excerpt":{"rendered":"<p>ZA ZA ZU ESPOSAS DE PLUMAS.<\/p>\n","protected":false},"featured_media":58427,"template":"","meta":[],"pwb-brand":[51],"product_brand":[],"product_cat":[282,274,389],"product_tag":[],"class_list":{"0":"post-58426","1":"product","2":"type-product","3":"status-publish","4":"has-post-thumbnail","6":"pwb-brand-bijoux-indiscrets","7":"product_cat-juguetes-sexuales-xxxfetish-bondage","8":"product_cat-juguetes-sexuales-xxx","9":"product_cat-juguetes-sexuales-xxxmascaras-y-esposas","10":"post_count_is_0","11":"boutique_post_style_4","13":"first","14":"instock","15":"taxable","16":"shipping-taxable","17":"purchasable","18":"product-type-simple","19":"boutique_image_style_2"},"brands":[{"id":51,"name":"BIJOUX INDISCRETS","slug":"bijoux-indiscrets"}],"_links":{"self":[{"href":"https:\/\/www.pussycatmerida.com\/eshop\/wp-json\/wp\/v2\/product\/58426","targetHints":{"allow":["GET"]}}],"collection":[{"href":"https:\/\/www.pussycatmerida.com\/eshop\/wp-json\/wp\/v2\/product"}],"about":[{"href":"https:\/\/www.pussycatmerida.com\/eshop\/wp-json\/wp\/v2\/types\/product"}],"wp:featuredmedia":[{"embeddable":true,"href":"https:\/\/www.pussycatmerida.com\/eshop\/wp-json\/wp\/v2\/media\/58427"}],"wp:attachment":[{"href":"https:\/\/www.pussycatmerida.com\/eshop\/wp-json\/wp\/v2\/media?parent=58426"}],"wp:term":[{"taxonomy":"pwb-brand","embeddable":true,"href":"https:\/\/www.pussycatmerida.com\/eshop\/wp-json\/wp\/v2\/pwb-brand?post=58426"},{"taxonomy":"product_brand","embeddable":true,"href":"https:\/\/www.pussycatmerida.com\/eshop\/wp-json\/wp\/v2\/product_brand?post=58426"},{"taxonomy":"product_cat","embeddable":true,"href":"https:\/\/www.pussycatmerida.com\/eshop\/wp-json\/wp\/v2\/product_cat?post=58426"},{"taxonomy":"product_tag","embeddable":true,"href":"https:\/\/www.pussycatmerida.com\/eshop\/wp-json\/wp\/v2\/product_tag?post=58426"}],"curies":[{"name":"wp","href":"https:\/\/api.w.org\/{rel}","templated":true}]}}