{"id":58431,"date":"2021-03-01T11:09:10","date_gmt":"2021-03-01T09:09:10","guid":{"rendered":"https:\/\/www.pussycatmerida.com\/eshop\/product\/bijoux-esencia-de-boudoir-perfumador-de-sabanas-130ml\/"},"modified":"2026-03-11T12:26:14","modified_gmt":"2026-03-11T11:26:14","slug":"bijoux-esencia-de-boudoir-perfumador-de-sabanas-130ml","status":"publish","type":"product","link":"https:\/\/www.pussycatmerida.com\/eshop\/producto\/bijoux-esencia-de-boudoir-perfumador-de-sabanas-130ml\/","title":{"rendered":"BIJOUX ESENCIA DE BOUDOIR PERFUMADOR DE SABANAS 130ML"},"content":{"rendered":"<p>Potencia la atracci\u00f3n creando un ambiente sensual. L&#8217;essence du Boudoir contiene los aromas de la rosa y el jazm\u00edn combinados con maderas nobles, especias ex\u00f3ticas, y el poder er\u00f3tico del Ylang-Ylang.<\/p>\n<p>Contenido: perfume de s\u00e1banas con vaporizador (130 ml)<\/p>\n<p>Sab\u00edas que&#8230;<\/p>\n<p>&#8230; Lessence du Boudoir contiene la esencia de Bijoux Indiscrets, cuya f\u00f3rmula ha sido creada a partir de una receta del Kamasutra que combina el Ylang-Ylang, la delicadeza de la rosa y el jazm\u00edn. Dando como resultado un perfume capaz de crear una atm\u00f3sfera sutil y agradable?<\/p>\n<p>&#8230; Lessence du Boudoir est\u00e1 inspirado en las antiguos perfumeros? Un envase elegante y sofisticado, que tambi\u00e9n es un adorno ideal para el tocador.<\/p>\n<p>&#8230; el frasco reutilizable y que, para evitar que el perfume se evapore, es aconsejable taparlo bien despu\u00e9s de cada uso con su tap\u00f3n original estanco?<\/p>\n<p>&#8230; Lessence du Boudoir es tambi\u00e9n un excelente aromatizador de espacios, y que, adem\u00e1s de la s\u00e1banas, puedes \u00a0perfumar con Lessence du Boudoir bolas de algod\u00f3n con y repartirlas por tu armario o el caj\u00f3n donde guardas tu ropa interior?<\/p>\n<p>&#8230; el olfato es el sentido m\u00e1s sensible, r\u00e1pido, y con mayor poder de evocaci\u00f3n, y que, adem\u00e1s, juega un papel decisivo a la hora de sentirnos atra\u00eddos, o no, por alguien?<\/p>\n<p>\u00a0<\/p>\n","protected":false},"excerpt":{"rendered":"<p>BIJOUX ESSENCE DU BOUDOIR<\/p>\n","protected":false},"featured_media":58432,"template":"","meta":[],"pwb-brand":[865,51],"product_brand":[],"product_cat":[328,329],"product_tag":[],"class_list":{"0":"post-58431","1":"product","2":"type-product","3":"status-publish","4":"has-post-thumbnail","6":"pwb-brand-bijoux-indiscretsbijoux-boudoir-essentials","7":"pwb-brand-bijoux-indiscrets","8":"product_cat-afrodisiacos","9":"product_cat-afrodisiacosperfumes","10":"post_count_is_0","11":"boutique_post_style_4","13":"first","14":"instock","15":"taxable","16":"shipping-taxable","17":"purchasable","18":"product-type-simple","19":"boutique_image_style_2"},"brands":[{"id":865,"name":"BIJOUX BOUDOIR ESSENTIALS","slug":"bijoux-indiscretsbijoux-boudoir-essentials"},{"id":51,"name":"BIJOUX INDISCRETS","slug":"bijoux-indiscrets"}],"_links":{"self":[{"href":"https:\/\/www.pussycatmerida.com\/eshop\/wp-json\/wp\/v2\/product\/58431","targetHints":{"allow":["GET"]}}],"collection":[{"href":"https:\/\/www.pussycatmerida.com\/eshop\/wp-json\/wp\/v2\/product"}],"about":[{"href":"https:\/\/www.pussycatmerida.com\/eshop\/wp-json\/wp\/v2\/types\/product"}],"wp:featuredmedia":[{"embeddable":true,"href":"https:\/\/www.pussycatmerida.com\/eshop\/wp-json\/wp\/v2\/media\/58432"}],"wp:attachment":[{"href":"https:\/\/www.pussycatmerida.com\/eshop\/wp-json\/wp\/v2\/media?parent=58431"}],"wp:term":[{"taxonomy":"pwb-brand","embeddable":true,"href":"https:\/\/www.pussycatmerida.com\/eshop\/wp-json\/wp\/v2\/pwb-brand?post=58431"},{"taxonomy":"product_brand","embeddable":true,"href":"https:\/\/www.pussycatmerida.com\/eshop\/wp-json\/wp\/v2\/product_brand?post=58431"},{"taxonomy":"product_cat","embeddable":true,"href":"https:\/\/www.pussycatmerida.com\/eshop\/wp-json\/wp\/v2\/product_cat?post=58431"},{"taxonomy":"product_tag","embeddable":true,"href":"https:\/\/www.pussycatmerida.com\/eshop\/wp-json\/wp\/v2\/product_tag?post=58431"}],"curies":[{"name":"wp","href":"https:\/\/api.w.org\/{rel}","templated":true}]}}