{"id":58437,"date":"2021-03-01T11:09:15","date_gmt":"2021-03-01T09:09:15","guid":{"rendered":"https:\/\/www.pussycatmerida.com\/eshop\/product\/bijoux-shhh-antifaz\/"},"modified":"2026-03-11T12:39:30","modified_gmt":"2026-03-11T11:39:30","slug":"bijoux-shhh-antifaz","status":"publish","type":"product","link":"https:\/\/www.pussycatmerida.com\/eshop\/producto\/bijoux-shhh-antifaz\/","title":{"rendered":"BIJOUX SHHH ANTIFAZ"},"content":{"rendered":"<p>Descubre el placer de los juegos a tientas. Shhh es un antifaz que invita al suspense y al juego er\u00f3tico. A cada lado de la cinta hay un mensaje que propone desatar las fantas\u00edas m\u00e1s ardientes (Ohhh), o las m\u00e1s secretas (Shhh).<\/p>\n<p>Contenido: antifaz en cinta satinada con mensajes sensuales.<\/p>\n<p>Sab\u00edas que&#8230;<\/p>\n<p>&#8230; la vista es el sentido m\u00e1s desarrollado y domina sobre el resto? Por eso, al limitarla se agudiza el resto de los sentidos, especialmente, el tacto; la percepci\u00f3n cambia, y todo se vuelve m\u00e1s intenso, y profundo.<\/p>\n<p>&#8230; entrar en el mundo de sensaciones requiere un gesto tan simple como cerrar los ojos y que a oscuras, un susurro, unas palabras sensuales o una melod\u00eda pueden hacer estallar el deseo?<\/p>\n<p>&#8230; ocultando la mirada de tu amante tras Shhh y acariciando su piel con diferentes texturas como plumas, gel o vela de masaje, o hielo lograr\u00e1s intensificar la experiencia?<\/p>\n","protected":false},"excerpt":{"rendered":"<p>BIJOUX SHHH BLINDFOLD<\/p>\n","protected":false},"featured_media":58438,"template":"","meta":[],"pwb-brand":[51],"product_brand":[],"product_cat":[409,282,274,389],"product_tag":[],"class_list":{"0":"post-58437","1":"product","2":"type-product","3":"status-publish","4":"has-post-thumbnail","6":"pwb-brand-bijoux-indiscrets","7":"product_cat-juguetes-sexuales-xxxfetish-bondageantifaces-mascaras","8":"product_cat-juguetes-sexuales-xxxfetish-bondage","9":"product_cat-juguetes-sexuales-xxx","10":"product_cat-juguetes-sexuales-xxxmascaras-y-esposas","11":"post_count_is_0","12":"boutique_post_style_4","14":"first","15":"instock","16":"taxable","17":"shipping-taxable","18":"purchasable","19":"product-type-simple","20":"boutique_image_style_2"},"brands":[{"id":51,"name":"BIJOUX INDISCRETS","slug":"bijoux-indiscrets"}],"_links":{"self":[{"href":"https:\/\/www.pussycatmerida.com\/eshop\/wp-json\/wp\/v2\/product\/58437","targetHints":{"allow":["GET"]}}],"collection":[{"href":"https:\/\/www.pussycatmerida.com\/eshop\/wp-json\/wp\/v2\/product"}],"about":[{"href":"https:\/\/www.pussycatmerida.com\/eshop\/wp-json\/wp\/v2\/types\/product"}],"wp:featuredmedia":[{"embeddable":true,"href":"https:\/\/www.pussycatmerida.com\/eshop\/wp-json\/wp\/v2\/media\/58438"}],"wp:attachment":[{"href":"https:\/\/www.pussycatmerida.com\/eshop\/wp-json\/wp\/v2\/media?parent=58437"}],"wp:term":[{"taxonomy":"pwb-brand","embeddable":true,"href":"https:\/\/www.pussycatmerida.com\/eshop\/wp-json\/wp\/v2\/pwb-brand?post=58437"},{"taxonomy":"product_brand","embeddable":true,"href":"https:\/\/www.pussycatmerida.com\/eshop\/wp-json\/wp\/v2\/product_brand?post=58437"},{"taxonomy":"product_cat","embeddable":true,"href":"https:\/\/www.pussycatmerida.com\/eshop\/wp-json\/wp\/v2\/product_cat?post=58437"},{"taxonomy":"product_tag","embeddable":true,"href":"https:\/\/www.pussycatmerida.com\/eshop\/wp-json\/wp\/v2\/product_tag?post=58437"}],"curies":[{"name":"wp","href":"https:\/\/api.w.org\/{rel}","templated":true}]}}