{"id":58710,"date":"2021-03-01T11:16:40","date_gmt":"2021-03-01T09:16:40","guid":{"rendered":"https:\/\/www.pussycatmerida.com\/eshop\/product\/secretplay-sensual-feelings-kit\/"},"modified":"2026-03-11T12:38:11","modified_gmt":"2026-03-11T11:38:11","slug":"secretplay-sensual-feelings-kit","status":"publish","type":"product","link":"https:\/\/www.pussycatmerida.com\/eshop\/producto\/secretplay-sensual-feelings-kit\/","title":{"rendered":"SECRETPLAY SENSUAL FEELINGS KIT"},"content":{"rendered":"<p>Divi\u00e9rte con este kit de balita vibradora y dado de posturas para llevar a cabo tus fantas\u00edas m\u00e1s traviesas. La bala \u00abSecret bullet\u00bb est\u00e1 pensada para la estimulaci\u00f3n externa de zonas como el cl\u00edtoris, los pechos, el perineo o los test\u00edculos.<\/p>\n<p>Esta bala puedes utilizarla en tus momentos m\u00e1s \u00edntimos solo\/a o en pareja para hacer vuestras relaciones m\u00e1s placenteras. Adem\u00e1s es perfecta para llevarla contigo a cualquier parte sin que nadie se d\u00e9 cuenta.\u00a0<\/p>\n<p>Mmmm! Qu\u00e9 morbo. Pero eso no es todo, adem\u00e1s de la balita este kit con bolsita de organza tambi\u00e9n lleva un dado de posturas que te har\u00e1 pasar los ratos m\u00e1s divertidos en pareja.\u00a0<\/p>\n<p>Contiene:\u00a0<\/p>\n<ul>\n<li>1 dado de posturas\u00a0<\/li>\n<li>25 mm color rosa.\u00a0<\/li>\n<li>1 bala\u00a0vibradora color rosa.<\/li>\n<\/ul>\n","protected":false},"excerpt":{"rendered":"<p>SECRETPLAY SENSUAL FEELINGS KIT<\/p>\n","protected":false},"featured_media":58711,"template":"","meta":[],"pwb-brand":[498,560],"product_brand":[],"product_cat":[429,378,375,274,471],"product_tag":[],"class_list":{"0":"post-58710","1":"product","2":"type-product","3":"status-publish","4":"has-post-thumbnail","6":"pwb-brand-secretplay","7":"pwb-brand-secretplaysecretplay-toys","8":"product_cat-juguetes-sexuales-xxxbalas-vibradoras","9":"product_cat-juegosdados","10":"product_cat-juegos","11":"product_cat-juguetes-sexuales-xxx","12":"product_cat-novedades","13":"post_count_is_0","14":"boutique_post_style_4","16":"first","17":"instock","18":"taxable","19":"shipping-taxable","20":"purchasable","21":"product-type-simple","22":"boutique_image_style_2"},"brands":[{"id":498,"name":"SECRETPLAY","slug":"secretplay"},{"id":560,"name":"SECRETPLAY TOYS","slug":"secretplaysecretplay-toys"}],"_links":{"self":[{"href":"https:\/\/www.pussycatmerida.com\/eshop\/wp-json\/wp\/v2\/product\/58710","targetHints":{"allow":["GET"]}}],"collection":[{"href":"https:\/\/www.pussycatmerida.com\/eshop\/wp-json\/wp\/v2\/product"}],"about":[{"href":"https:\/\/www.pussycatmerida.com\/eshop\/wp-json\/wp\/v2\/types\/product"}],"wp:featuredmedia":[{"embeddable":true,"href":"https:\/\/www.pussycatmerida.com\/eshop\/wp-json\/wp\/v2\/media\/58711"}],"wp:attachment":[{"href":"https:\/\/www.pussycatmerida.com\/eshop\/wp-json\/wp\/v2\/media?parent=58710"}],"wp:term":[{"taxonomy":"pwb-brand","embeddable":true,"href":"https:\/\/www.pussycatmerida.com\/eshop\/wp-json\/wp\/v2\/pwb-brand?post=58710"},{"taxonomy":"product_brand","embeddable":true,"href":"https:\/\/www.pussycatmerida.com\/eshop\/wp-json\/wp\/v2\/product_brand?post=58710"},{"taxonomy":"product_cat","embeddable":true,"href":"https:\/\/www.pussycatmerida.com\/eshop\/wp-json\/wp\/v2\/product_cat?post=58710"},{"taxonomy":"product_tag","embeddable":true,"href":"https:\/\/www.pussycatmerida.com\/eshop\/wp-json\/wp\/v2\/product_tag?post=58710"}],"curies":[{"name":"wp","href":"https:\/\/api.w.org\/{rel}","templated":true}]}}