{"id":5889,"date":"2021-03-09T11:34:31","date_gmt":"2021-03-09T09:34:31","guid":{"rendered":"https:\/\/www.pussycatmerida.com\/eshop\/producto\/spencer-sujetador-caramelos-lovers\/"},"modified":"2026-03-11T12:26:37","modified_gmt":"2026-03-11T11:26:37","slug":"spencer-sujetador-caramelos-lovers","status":"publish","type":"product","link":"https:\/\/www.pussycatmerida.com\/eshop\/producto\/spencer-sujetador-caramelos-lovers\/","title":{"rendered":"SPENCER SUJETADOR CARAMELOS LOVERS"},"content":{"rendered":"<p>Es el aut\u00e9ntico Sujetador de Caramelo para ella, un novedoso art\u00edculo dulce y muy sexy.<\/p>\n<p>Se adapta a toda las tallas ya que podee en su interios un hilo de suave lycra para darle mayor flexibiladad y conford.<\/p>\n<ul>\n<li>Dibujo en forma de corazon, edicion especial san valentin<\/li>\n<li>No mancha ni descolore con la humedad de los labios.<\/li>\n<li>Nunca una lenceria fue tan dulce&#8230;<\/li>\n<\/ul>\n<p>\u00a1Lama y mordisquee su camino al \u00e9xtasis er\u00f3tico y la diversi\u00f3n! Cuanto m\u00e1s lo lame mejor sabe.<\/p>\n<p>Sabor a Tutti Frutti nos transportaran a aquellos a\u00f1os mozos donde las hormonas se disparaban solas&#8230;.<\/p>\n<p>Le arrancaremos la lenceria a mordisquitos&#8230;estas dispuesto?<\/p>\n<p>Contiene 280 gramos.<\/p>\n<p><img decoding=\"async\" alt=\"\" src=\"https:\/\/dreamlove.gesio.be\/UserFiles\/image\/banderas.png\" \/><\/p>\n","protected":false},"excerpt":{"rendered":"<p>CANDY BRA LOVERS<\/p>\n","protected":false},"featured_media":50126,"template":"","meta":[],"pwb-brand":[759],"product_brand":[],"product_cat":[384,385,380,396,397],"product_tag":[],"class_list":{"0":"post-5889","1":"product","2":"type-product","3":"status-publish","4":"has-post-thumbnail","6":"pwb-brand-spencerfletwood-limited","7":"product_cat-articulos-variadosarticulos-comestibles","8":"product_cat-articulos-variadosarticulos-divertidos","9":"product_cat-articulos-variados","10":"product_cat-articulos-variadosarticulos-divertidoscomplementos","11":"product_cat-articulos-variadoslenceria-comestible","12":"post_count_is_0","13":"boutique_post_style_4","15":"first","16":"instock","17":"taxable","18":"shipping-taxable","19":"purchasable","20":"product-type-simple","21":"boutique_image_style_2"},"brands":[{"id":759,"name":"SPENCERFLETWOOD LIMITED","slug":"spencerfletwood-limited"}],"_links":{"self":[{"href":"https:\/\/www.pussycatmerida.com\/eshop\/wp-json\/wp\/v2\/product\/5889","targetHints":{"allow":["GET"]}}],"collection":[{"href":"https:\/\/www.pussycatmerida.com\/eshop\/wp-json\/wp\/v2\/product"}],"about":[{"href":"https:\/\/www.pussycatmerida.com\/eshop\/wp-json\/wp\/v2\/types\/product"}],"wp:featuredmedia":[{"embeddable":true,"href":"https:\/\/www.pussycatmerida.com\/eshop\/wp-json\/wp\/v2\/media\/50126"}],"wp:attachment":[{"href":"https:\/\/www.pussycatmerida.com\/eshop\/wp-json\/wp\/v2\/media?parent=5889"}],"wp:term":[{"taxonomy":"pwb-brand","embeddable":true,"href":"https:\/\/www.pussycatmerida.com\/eshop\/wp-json\/wp\/v2\/pwb-brand?post=5889"},{"taxonomy":"product_brand","embeddable":true,"href":"https:\/\/www.pussycatmerida.com\/eshop\/wp-json\/wp\/v2\/product_brand?post=5889"},{"taxonomy":"product_cat","embeddable":true,"href":"https:\/\/www.pussycatmerida.com\/eshop\/wp-json\/wp\/v2\/product_cat?post=5889"},{"taxonomy":"product_tag","embeddable":true,"href":"https:\/\/www.pussycatmerida.com\/eshop\/wp-json\/wp\/v2\/product_tag?post=5889"}],"curies":[{"name":"wp","href":"https:\/\/api.w.org\/{rel}","templated":true}]}}