{"id":5915,"date":"2021-03-01T11:36:10","date_gmt":"2021-03-01T09:36:10","guid":{"rendered":"https:\/\/www.pussycatmerida.com\/eshop\/product\/lelo-insignia-tiani-3-masajeador-deep-rose\/"},"modified":"2026-03-11T12:28:00","modified_gmt":"2026-03-11T11:28:00","slug":"lelo-insignia-tiani-3-masajeador-deep-rose","status":"publish","type":"product","link":"https:\/\/www.pussycatmerida.com\/eshop\/producto\/lelo-insignia-tiani-3-masajeador-deep-rose\/","title":{"rendered":"LELO INSIGNIA TIANI 3 MASAJEADOR DEEP ROSE"},"content":{"rendered":"<p>El m\u00e1s exclusivo masajeador para parejas para ser llevado por la mujer al hacer el amor<\/p>\n<p>Tiani\u2122 3 es la nueva y mejorada versi\u00f3n del original masajeador para parejas ganador del premio Red Dot Design Award, llevado por la mujer al hacer el amor.<\/p>\n<p>Su mejorada vibraci\u00f3n con el doble de potencia proporciona sensaciones dirigidas especialmente al cl\u00edtoris, mientras que su dise\u00f1o en suave silicona proporciona un placer incomparable y una comodidad suprema.<\/p>\n<p>Sumergible, recargable y con mando a distancia, Tiani\u2122 3 es el nuevo dise\u00f1o de LELO para compartir orgasmos m\u00faltiples con tu pareja.<\/p>\n<ul>\n<li>El lujoso masajeador para parejas que se lleva al hacer el amor<\/li>\n<li>Nuevo dise\u00f1o de silicona suave con un motor 100% m\u00e1s poderoso<\/li>\n<li>Mando a distancia con tecnolog\u00eda SenseMotion\u2122<\/li>\n<li>8 modos de estimulaci\u00f3n (6 est\u00e1ndar y 2 creados con el mando a distancia)<\/li>\n<li>100% sumergible y recargable<\/li>\n<li>Garant\u00eda de calidad de 10 a\u00f1os<\/li>\n<\/ul>\n<p>Tiani 3 se presenta en la galardonada caja LELO con su cargador espec\u00edfico del pa\u00eds, una bolsita de sat\u00e9n para guardarlo, lubricante monodosis de regalo\u00a0 y\u00a0 la garant\u00eda completa de 1 a\u00f1o<\/p>\n","protected":false},"excerpt":{"rendered":"<p>LELO INSIGNIA TIANI  3 REMOTE MASSAGER DEEP ROSE<\/p>\n","protected":false},"featured_media":59393,"template":"","meta":[],"pwb-brand":[40],"product_brand":[],"product_cat":[275,284,288,274,294,893,299,298],"product_tag":[],"class_list":{"0":"post-5915","1":"product","2":"type-product","3":"status-publish","4":"has-post-thumbnail","6":"pwb-brand-lelo","7":"product_cat-juguetes-sexuales-xxxacuaticos","8":"product_cat-juguetes-sexuales-xxxcontrol-remoto","9":"product_cat-juguetes-sexuales-xxxestimuladores","10":"product_cat-juguetes-sexuales-xxx","11":"product_cat-juguetes-sexuales-xxxmasturbadores-para-ellas","12":"product_cat-parejas","13":"product_cat-juguetes-sexuales-xxxvibradores","14":"product_cat-juguetes-sexuales-xxxvibradores-hi-tech","15":"post_count_is_0","16":"boutique_post_style_4","18":"first","19":"instock","20":"taxable","21":"shipping-taxable","22":"purchasable","23":"product-type-simple","24":"boutique_image_style_2"},"brands":[{"id":40,"name":"LELO","slug":"lelo"}],"_links":{"self":[{"href":"https:\/\/www.pussycatmerida.com\/eshop\/wp-json\/wp\/v2\/product\/5915","targetHints":{"allow":["GET"]}}],"collection":[{"href":"https:\/\/www.pussycatmerida.com\/eshop\/wp-json\/wp\/v2\/product"}],"about":[{"href":"https:\/\/www.pussycatmerida.com\/eshop\/wp-json\/wp\/v2\/types\/product"}],"wp:featuredmedia":[{"embeddable":true,"href":"https:\/\/www.pussycatmerida.com\/eshop\/wp-json\/wp\/v2\/media\/59393"}],"wp:attachment":[{"href":"https:\/\/www.pussycatmerida.com\/eshop\/wp-json\/wp\/v2\/media?parent=5915"}],"wp:term":[{"taxonomy":"pwb-brand","embeddable":true,"href":"https:\/\/www.pussycatmerida.com\/eshop\/wp-json\/wp\/v2\/pwb-brand?post=5915"},{"taxonomy":"product_brand","embeddable":true,"href":"https:\/\/www.pussycatmerida.com\/eshop\/wp-json\/wp\/v2\/product_brand?post=5915"},{"taxonomy":"product_cat","embeddable":true,"href":"https:\/\/www.pussycatmerida.com\/eshop\/wp-json\/wp\/v2\/product_cat?post=5915"},{"taxonomy":"product_tag","embeddable":true,"href":"https:\/\/www.pussycatmerida.com\/eshop\/wp-json\/wp\/v2\/product_tag?post=5915"}],"curies":[{"name":"wp","href":"https:\/\/api.w.org\/{rel}","templated":true}]}}