{"id":5931,"date":"2021-02-26T15:15:02","date_gmt":"2021-02-26T13:15:02","guid":{"rendered":"https:\/\/www.pussycatmerida.com\/eshop\/product\/secretplay-esposas-de-marabu-lila\/"},"modified":"2026-03-11T12:38:59","modified_gmt":"2026-03-11T11:38:59","slug":"secretplay-esposas-de-marabu-lila","status":"publish","type":"product","link":"https:\/\/www.pussycatmerida.com\/eshop\/producto\/secretplay-esposas-de-marabu-lila\/","title":{"rendered":"SECRETPLAY ESPOSAS DE MARABU LILA"},"content":{"rendered":"<p>Unas esposas de cadena sutiles, con toda la carga er\u00f3tica que llevan consigo pero con el atractivo a\u00f1adido del marab\u00fa para dar rienda suelta a vuestras\u00a0 fantas\u00edas m\u00e1s excitantes.<\/p>\n<p>En tus manos queda llevar a cabo tus m\u00e1s escondidos deseos.<\/p>\n<ul>\n<li>Hecho en Espa\u00f1a.<\/li>\n<li>Color rosa.<\/li>\n<li>Composici\u00f3n: Aluminio y pluma.<\/li>\n<\/ul>\n","protected":false},"excerpt":{"rendered":"<p>SECRETPLAY PURPLE MARABOU HANDCUFFS<\/p>\n","protected":false},"featured_media":51014,"template":"","meta":[],"pwb-brand":[498,499],"product_brand":[],"product_cat":[390,282,274,389],"product_tag":[],"class_list":{"0":"post-5931","1":"product","2":"type-product","3":"status-publish","4":"has-post-thumbnail","6":"pwb-brand-secretplay","7":"pwb-brand-secretplaysecretplay-100-fetish","8":"product_cat-juguetes-sexuales-xxxfetish-bondageesposas","9":"product_cat-juguetes-sexuales-xxxfetish-bondage","10":"product_cat-juguetes-sexuales-xxx","11":"product_cat-juguetes-sexuales-xxxmascaras-y-esposas","12":"post_count_is_0","13":"boutique_post_style_4","15":"first","16":"instock","17":"taxable","18":"shipping-taxable","19":"purchasable","20":"product-type-simple","21":"boutique_image_style_2"},"brands":[{"id":498,"name":"SECRETPLAY","slug":"secretplay"},{"id":499,"name":"SECRETPLAY 100% FETISH","slug":"secretplaysecretplay-100-fetish"}],"_links":{"self":[{"href":"https:\/\/www.pussycatmerida.com\/eshop\/wp-json\/wp\/v2\/product\/5931","targetHints":{"allow":["GET"]}}],"collection":[{"href":"https:\/\/www.pussycatmerida.com\/eshop\/wp-json\/wp\/v2\/product"}],"about":[{"href":"https:\/\/www.pussycatmerida.com\/eshop\/wp-json\/wp\/v2\/types\/product"}],"wp:featuredmedia":[{"embeddable":true,"href":"https:\/\/www.pussycatmerida.com\/eshop\/wp-json\/wp\/v2\/media\/51014"}],"wp:attachment":[{"href":"https:\/\/www.pussycatmerida.com\/eshop\/wp-json\/wp\/v2\/media?parent=5931"}],"wp:term":[{"taxonomy":"pwb-brand","embeddable":true,"href":"https:\/\/www.pussycatmerida.com\/eshop\/wp-json\/wp\/v2\/pwb-brand?post=5931"},{"taxonomy":"product_brand","embeddable":true,"href":"https:\/\/www.pussycatmerida.com\/eshop\/wp-json\/wp\/v2\/product_brand?post=5931"},{"taxonomy":"product_cat","embeddable":true,"href":"https:\/\/www.pussycatmerida.com\/eshop\/wp-json\/wp\/v2\/product_cat?post=5931"},{"taxonomy":"product_tag","embeddable":true,"href":"https:\/\/www.pussycatmerida.com\/eshop\/wp-json\/wp\/v2\/product_tag?post=5931"}],"curies":[{"name":"wp","href":"https:\/\/api.w.org\/{rel}","templated":true}]}}