{"id":6140,"date":"2021-02-24T15:15:16","date_gmt":"2021-02-24T13:15:16","guid":{"rendered":"https:\/\/www.pussycatmerida.com\/eshop\/product\/lelo-insignia-bolas-hula-azul\/"},"modified":"2026-03-11T12:28:00","modified_gmt":"2026-03-11T11:28:00","slug":"lelo-insignia-bolas-hula-azul","status":"publish","type":"product","link":"https:\/\/www.pussycatmerida.com\/eshop\/producto\/lelo-insignia-bolas-hula-azul\/","title":{"rendered":"LELO INSIGNIA BOLAS HULA AZUL"},"content":{"rendered":"<p>HULA Beads\u2122 son las primeras esferas de placer con rotaci\u00f3n y vibraci\u00f3n simult\u00e1neas controladas con mando a distancia que proporcionan los placeres m\u00e1s emocionantes con s\u00f3lo pulsar un bot\u00f3n.<\/p>\n<p>Cuando las colocas, su discreta esfera superior rota contra el punto G mientras la esfera inferior proporciona potentes vibraciones muy silenciosas.<\/p>\n<p>Para una sensaci\u00f3n totalmente nueva, introduce suavemente la esfera rotadora y siente las vibraciones a lo largo de la zona de los labios vaginales hasta el cl\u00edtoris, para disfrutar del cl\u00edmax m\u00e1s exquisito y satisfactorio.<\/p>\n<ul>\n<li>Mandos a distancia con tecnolog\u00eda SenseMotion\u2122<\/li>\n<li>8 modos de estimulaci\u00f3n (6 est\u00e1ndar y 2 SenseMotion\u2122)<\/li>\n<li>100% sumergible y recargable (1.5 horas de uso)<\/li>\n<li>Dise\u00f1o de silicona ultra-suave y biocompatible<\/li>\n<li>Objeto de Placer HULA Beads\u2122 de 7,5 x 3,5 cm.<\/li>\n<\/ul>\n<p>Incluye, Bolsita de Saten para guardar, muestra de lubricante, mando a distancia, cargardor europeo.<\/p>\n<p>Garantia LELO de 1 a\u00f1o.<\/p>\n<p>Convierte tus momentos en algo magicamente erotico!!<\/p>\n","protected":false},"excerpt":{"rendered":"<p>LELO INSIGNIA HULA BEADS BLUE<\/p>\n","protected":false},"featured_media":35595,"template":"","meta":[],"pwb-brand":[40],"product_brand":[],"product_cat":[284,288,274,294,298],"product_tag":[],"class_list":{"0":"post-6140","1":"product","2":"type-product","3":"status-publish","4":"has-post-thumbnail","6":"pwb-brand-lelo","7":"product_cat-juguetes-sexuales-xxxcontrol-remoto","8":"product_cat-juguetes-sexuales-xxxestimuladores","9":"product_cat-juguetes-sexuales-xxx","10":"product_cat-juguetes-sexuales-xxxmasturbadores-para-ellas","11":"product_cat-juguetes-sexuales-xxxvibradores-hi-tech","12":"post_count_is_0","13":"boutique_post_style_4","15":"first","16":"instock","17":"taxable","18":"shipping-taxable","19":"purchasable","20":"product-type-simple","21":"boutique_image_style_2"},"brands":[{"id":40,"name":"LELO","slug":"lelo"}],"_links":{"self":[{"href":"https:\/\/www.pussycatmerida.com\/eshop\/wp-json\/wp\/v2\/product\/6140","targetHints":{"allow":["GET"]}}],"collection":[{"href":"https:\/\/www.pussycatmerida.com\/eshop\/wp-json\/wp\/v2\/product"}],"about":[{"href":"https:\/\/www.pussycatmerida.com\/eshop\/wp-json\/wp\/v2\/types\/product"}],"wp:featuredmedia":[{"embeddable":true,"href":"https:\/\/www.pussycatmerida.com\/eshop\/wp-json\/wp\/v2\/media\/35595"}],"wp:attachment":[{"href":"https:\/\/www.pussycatmerida.com\/eshop\/wp-json\/wp\/v2\/media?parent=6140"}],"wp:term":[{"taxonomy":"pwb-brand","embeddable":true,"href":"https:\/\/www.pussycatmerida.com\/eshop\/wp-json\/wp\/v2\/pwb-brand?post=6140"},{"taxonomy":"product_brand","embeddable":true,"href":"https:\/\/www.pussycatmerida.com\/eshop\/wp-json\/wp\/v2\/product_brand?post=6140"},{"taxonomy":"product_cat","embeddable":true,"href":"https:\/\/www.pussycatmerida.com\/eshop\/wp-json\/wp\/v2\/product_cat?post=6140"},{"taxonomy":"product_tag","embeddable":true,"href":"https:\/\/www.pussycatmerida.com\/eshop\/wp-json\/wp\/v2\/product_tag?post=6140"}],"curies":[{"name":"wp","href":"https:\/\/api.w.org\/{rel}","templated":true}]}}