{"id":6146,"date":"2021-02-26T10:58:59","date_gmt":"2021-02-26T08:58:59","guid":{"rendered":"https:\/\/www.pussycatmerida.com\/eshop\/product\/desir-metallique-collar-metalico-negro\/"},"modified":"2026-03-11T12:39:39","modified_gmt":"2026-03-11T11:39:39","slug":"desir-metallique-collar-metalico-negro","status":"publish","type":"product","link":"https:\/\/www.pussycatmerida.com\/eshop\/producto\/desir-metallique-collar-metalico-negro\/","title":{"rendered":"D\u00c9SIR M\u00c9TALLIQUE COLLAR MET\u00c1LICO NEGRO"},"content":{"rendered":"<p>Encadena su mirada a la silueta de tu cuerpo!!<\/p>\n<p>Luce D\u00e9sir Met\u00e1llique como un complemento m\u00e1s en cualquier ocasi\u00f3n, y ll\u00e9valo siempre que desees practicar sugerentes juegos de bondage en la intimidad.<\/p>\n<p>Accesorio de gargantilla de malla met\u00e1lica y cintur\u00f3n de cadena ajustables.<\/p>\n<p>Seduce y conviertete en la mas sexy!!<\/p>\n<p><img decoding=\"async\" alt=\"\" src=\"https:\/\/dreamlove.gesio.be\/UserFiles\/image\/banderas.png\" \/><\/p>\n","protected":false},"excerpt":{"rendered":"<p>D\u00c9SIR M\u00c9TALLIQUE COLLAR BLACK<\/p>\n","protected":false},"featured_media":41387,"template":"","meta":[],"pwb-brand":[630,51],"product_brand":[],"product_cat":[313,912,274,309,295],"product_tag":[],"class_list":{"0":"post-6146","1":"product","2":"type-product","3":"status-publish","4":"has-post-thumbnail","6":"pwb-brand-bijoux-indiscretsbijoux-desire-metallique","7":"pwb-brand-bijoux-indiscrets","8":"product_cat-lenceriacomplementos-lenceria","9":"product_cat-joyeria-corporal","10":"product_cat-juguetes-sexuales-xxx","11":"product_cat-lenceria","12":"product_cat-juguetes-sexuales-xxxmetal","13":"post_count_is_0","14":"boutique_post_style_4","16":"first","17":"instock","18":"taxable","19":"shipping-taxable","20":"purchasable","21":"product-type-simple","22":"boutique_image_style_2"},"brands":[{"id":630,"name":"BIJOUX DESIRE METALLIQUE","slug":"bijoux-indiscretsbijoux-desire-metallique"},{"id":51,"name":"BIJOUX INDISCRETS","slug":"bijoux-indiscrets"}],"_links":{"self":[{"href":"https:\/\/www.pussycatmerida.com\/eshop\/wp-json\/wp\/v2\/product\/6146","targetHints":{"allow":["GET"]}}],"collection":[{"href":"https:\/\/www.pussycatmerida.com\/eshop\/wp-json\/wp\/v2\/product"}],"about":[{"href":"https:\/\/www.pussycatmerida.com\/eshop\/wp-json\/wp\/v2\/types\/product"}],"wp:featuredmedia":[{"embeddable":true,"href":"https:\/\/www.pussycatmerida.com\/eshop\/wp-json\/wp\/v2\/media\/41387"}],"wp:attachment":[{"href":"https:\/\/www.pussycatmerida.com\/eshop\/wp-json\/wp\/v2\/media?parent=6146"}],"wp:term":[{"taxonomy":"pwb-brand","embeddable":true,"href":"https:\/\/www.pussycatmerida.com\/eshop\/wp-json\/wp\/v2\/pwb-brand?post=6146"},{"taxonomy":"product_brand","embeddable":true,"href":"https:\/\/www.pussycatmerida.com\/eshop\/wp-json\/wp\/v2\/product_brand?post=6146"},{"taxonomy":"product_cat","embeddable":true,"href":"https:\/\/www.pussycatmerida.com\/eshop\/wp-json\/wp\/v2\/product_cat?post=6146"},{"taxonomy":"product_tag","embeddable":true,"href":"https:\/\/www.pussycatmerida.com\/eshop\/wp-json\/wp\/v2\/product_tag?post=6146"}],"curies":[{"name":"wp","href":"https:\/\/api.w.org\/{rel}","templated":true}]}}