{"id":61786,"date":"2021-03-01T13:16:55","date_gmt":"2021-03-01T11:16:55","guid":{"rendered":"https:\/\/www.pussycatmerida.com\/eshop\/product\/lelo-sila-estimulador-por-ondas-de-clitoris-aqua\/"},"modified":"2026-03-11T12:38:10","modified_gmt":"2026-03-11T11:38:10","slug":"lelo-sila-estimulador-por-ondas-de-clitoris-aqua","status":"publish","type":"product","link":"https:\/\/www.pussycatmerida.com\/eshop\/producto\/lelo-sila-estimulador-por-ondas-de-clitoris-aqua\/","title":{"rendered":"LELO SILA ESTIMULADOR POR ONDAS DE CLITORIS AQUA"},"content":{"rendered":"<p>Descubre nuevas formas de alcanzar el cl\u00edmax con SILA\u2122 y experimenta las maravillas de la estimulaci\u00f3n del cl\u00edtoris a trav\u00e9s de sus delicadas ondas s\u00f3nicas.<\/p>\n<p>Sum\u00e9rgete en una espiral de orgasmos eternos con este precioso masajeador, cuya boca orbita alrededor de tu punto de placer y convierte sensual experiencia en una c\u00f3moda serie de orgasmos infinitos<\/p>\n<p>CARACTER\u00cdSTICAS\u00a0<\/p>\n<p>ONDAS S\u00d3NICAS MUY DELICADAS<\/p>\n<ul>\n<li>Las ondas s\u00f3nicas del SILA estimulan con mucha delicadeza tu cl\u00edtoris para que disfrutes de un cl\u00edmax de gran intensidad y te sumerjas en una espiral de orgasmos.\u00a0<\/li>\n<\/ul>\n<p>BOCA M\u00c1S ANCHA\u00a0<\/p>\n<ul>\n<li>Sin entrar en contacto directo con tu cuerpo, la boca ancha de tu SILA orbita alrededor del centro de tu punto de placer, de forma c\u00f3moda y satisfactoria<\/li>\n<\/ul>\n<p>SILICONA EXTRASUAVE<\/p>\n<ul>\n<li>Est\u00e1 hecho de silicona ultrasuave y segura para tu cuerpo para que tengas una experiencia sensual \u00fanica y una tranquilidad total. 100 %\u00a0<\/li>\n<\/ul>\n<p>SUMERGIBLE Y RECARGABLE POR USB<\/p>\n<ul>\n<li>Con el cargador de USB incluido, puedes llevarte tu SILA\u2122 donde quieras ya que adem\u00e1s de ser suave y sumergible, es muy f\u00e1cil de limpiar.<\/li>\n<\/ul>\n<p>ESPECIFICACIONES T\u00c9CNICAS\u00a0<\/p>\n<ul>\n<li>Tiempo de uso: Hasta 2 horas<\/li>\n<li>En espera: 90 d\u00edas<\/li>\n<li>Frecuencia: 60 Hz<\/li>\n<li>Interfaz: 3 botones<\/li>\n<li>Material: silicona segura para el cuerpo, ABS<\/li>\n<li>Tama\u00f1o: 80 x 75 x 35 mm<\/li>\n<li>Peso: 105 g<\/li>\n<li>Bater\u00eda: Li-Ion 520 mA 3.7 V<\/li>\n<li>Carga: 2 h a 5.0V 500 mA<\/li>\n<\/ul>\n<p>C\u00d3MO USARLO:<\/p>\n<ul>\n<li>Aseg\u00farate de que SILA\u2122 est\u00e9 desbloqueado, pulsando y manteniendo presionados los botones de + y &#8211; durante 3 segundos hasta que la luz se encienda.<\/li>\n<li>Presiona el bot\u00f3n + para encenderlo y p\u00falsalo otra vez para incrementar la intensidad de la vibraci\u00f3n.<\/li>\n<li>Presiona el bot\u00f3n ( ) para cambiar a cualquiera de los 8 patrones de vibraci\u00f3n.<\/li>\n<li>Pulsa el bot\u00f3n  para reducir la potencia de vibraci\u00f3n.<\/li>\n<li>Pulsa el bot\u00f3n ( ) para apagarlo.<\/li>\n<\/ul>\n","protected":false},"excerpt":{"rendered":"<p>LELO SILA CLIT STIMULATING &#8211; AQUA<\/p>\n","protected":false},"featured_media":61787,"template":"","meta":[],"pwb-brand":[40],"product_brand":[],"product_cat":[275,274,431,471,885],"product_tag":[],"class_list":{"0":"post-61786","1":"product","2":"type-product","3":"status-publish","4":"has-post-thumbnail","6":"pwb-brand-lelo","7":"product_cat-juguetes-sexuales-xxxacuaticos","8":"product_cat-juguetes-sexuales-xxx","9":"product_cat-juguetes-sexuales-xxxmasajeadores","10":"product_cat-novedades","11":"product_cat-succionadores","12":"post_count_is_0","13":"boutique_post_style_4","15":"first","16":"instock","17":"taxable","18":"shipping-taxable","19":"purchasable","20":"product-type-simple","21":"boutique_image_style_2"},"brands":[{"id":40,"name":"LELO","slug":"lelo"}],"_links":{"self":[{"href":"https:\/\/www.pussycatmerida.com\/eshop\/wp-json\/wp\/v2\/product\/61786","targetHints":{"allow":["GET"]}}],"collection":[{"href":"https:\/\/www.pussycatmerida.com\/eshop\/wp-json\/wp\/v2\/product"}],"about":[{"href":"https:\/\/www.pussycatmerida.com\/eshop\/wp-json\/wp\/v2\/types\/product"}],"wp:featuredmedia":[{"embeddable":true,"href":"https:\/\/www.pussycatmerida.com\/eshop\/wp-json\/wp\/v2\/media\/61787"}],"wp:attachment":[{"href":"https:\/\/www.pussycatmerida.com\/eshop\/wp-json\/wp\/v2\/media?parent=61786"}],"wp:term":[{"taxonomy":"pwb-brand","embeddable":true,"href":"https:\/\/www.pussycatmerida.com\/eshop\/wp-json\/wp\/v2\/pwb-brand?post=61786"},{"taxonomy":"product_brand","embeddable":true,"href":"https:\/\/www.pussycatmerida.com\/eshop\/wp-json\/wp\/v2\/product_brand?post=61786"},{"taxonomy":"product_cat","embeddable":true,"href":"https:\/\/www.pussycatmerida.com\/eshop\/wp-json\/wp\/v2\/product_cat?post=61786"},{"taxonomy":"product_tag","embeddable":true,"href":"https:\/\/www.pussycatmerida.com\/eshop\/wp-json\/wp\/v2\/product_tag?post=61786"}],"curies":[{"name":"wp","href":"https:\/\/api.w.org\/{rel}","templated":true}]}}