{"id":61790,"date":"2021-03-01T13:16:57","date_gmt":"2021-03-01T11:16:57","guid":{"rendered":"https:\/\/www.pussycatmerida.com\/eshop\/product\/satisfyer-love-breeze-succionador-ice-blue\/"},"modified":"2026-03-11T12:38:10","modified_gmt":"2026-03-11T11:38:10","slug":"satisfyer-love-breeze-succionador-ice-blue","status":"publish","type":"product","link":"https:\/\/www.pussycatmerida.com\/eshop\/producto\/satisfyer-love-breeze-succionador-ice-blue\/","title":{"rendered":"SATISFYER LOVE BREEZE SUCCIONADOR ICE BLUE"},"content":{"rendered":"<p>Estimulador air pulse.<\/p>\n<p>Atr\u00e1s quedaron los d\u00edas de esforzarse para alcanzar tus objetivos de placer org\u00e1smico. Deja que esta llave de placer de forma \u00fanica y ergon\u00f3mica se asiente perfectamente en la palma de tu mano mientras navegas a trav\u00e9s de la tecnolog\u00eda Air Pulse.<\/p>\n<p>Permite que tu cl\u00edtoris se sostenga en la comodidad de la c\u00e1mara de silicona suave y suelta tu cabello mientras canaliza a tu placer con las 11 funciones de succi\u00f3n diferentes.<\/p>\n<p>Disfruta de un relajante ba\u00f1o o ducha con la ventaja adicional de LOVE BREEZE aumentando tu placer, gracias a su clasificaci\u00f3n de impermeabilidad IPX7.<\/p>\n<p>El LOVE BREEZE est\u00e1 disponible en 3 colores pastel elegantes. \u00a1Sabemos que encontrar\u00e1s el ajuste perfecto y nunca te olvides de llevar este juguete contigo a cualquier lugar!<\/p>\n<p>Caracter\u00edsticas:<\/p>\n<ul>\n<li>Modo susurro<\/li>\n<li>11 opciones de Air Pulse<\/li>\n<li>recargable<\/li>\n<li>IPX7 impermeable<\/li>\n<li>15 a\u00f1os de garant\u00eda.<\/li>\n<li>Silicona amigable con el cuerpo<\/li>\n<li>3 colores distintos<\/li>\n<\/ul>\n","protected":false},"excerpt":{"rendered":"<p>SATISFYER LOVE BREEZE ICE BLUE<\/p>\n","protected":false},"featured_media":61791,"template":"","meta":[],"pwb-brand":[43],"product_brand":[],"product_cat":[274,294,885],"product_tag":[],"class_list":{"0":"post-61790","1":"product","2":"type-product","3":"status-publish","4":"has-post-thumbnail","6":"pwb-brand-satisfyer","7":"product_cat-juguetes-sexuales-xxx","8":"product_cat-juguetes-sexuales-xxxmasturbadores-para-ellas","9":"product_cat-succionadores","10":"post_count_is_0","11":"boutique_post_style_4","13":"first","14":"instock","15":"taxable","16":"shipping-taxable","17":"purchasable","18":"product-type-simple","19":"boutique_image_style_2"},"brands":[{"id":43,"name":"SATISFYER","slug":"satisfyer"}],"_links":{"self":[{"href":"https:\/\/www.pussycatmerida.com\/eshop\/wp-json\/wp\/v2\/product\/61790","targetHints":{"allow":["GET"]}}],"collection":[{"href":"https:\/\/www.pussycatmerida.com\/eshop\/wp-json\/wp\/v2\/product"}],"about":[{"href":"https:\/\/www.pussycatmerida.com\/eshop\/wp-json\/wp\/v2\/types\/product"}],"wp:featuredmedia":[{"embeddable":true,"href":"https:\/\/www.pussycatmerida.com\/eshop\/wp-json\/wp\/v2\/media\/61791"}],"wp:attachment":[{"href":"https:\/\/www.pussycatmerida.com\/eshop\/wp-json\/wp\/v2\/media?parent=61790"}],"wp:term":[{"taxonomy":"pwb-brand","embeddable":true,"href":"https:\/\/www.pussycatmerida.com\/eshop\/wp-json\/wp\/v2\/pwb-brand?post=61790"},{"taxonomy":"product_brand","embeddable":true,"href":"https:\/\/www.pussycatmerida.com\/eshop\/wp-json\/wp\/v2\/product_brand?post=61790"},{"taxonomy":"product_cat","embeddable":true,"href":"https:\/\/www.pussycatmerida.com\/eshop\/wp-json\/wp\/v2\/product_cat?post=61790"},{"taxonomy":"product_tag","embeddable":true,"href":"https:\/\/www.pussycatmerida.com\/eshop\/wp-json\/wp\/v2\/product_tag?post=61790"}],"curies":[{"name":"wp","href":"https:\/\/api.w.org\/{rel}","templated":true}]}}