{"id":62204,"date":"2021-03-01T13:22:05","date_gmt":"2021-03-01T11:22:05","guid":{"rendered":"https:\/\/www.pussycatmerida.com\/eshop\/product\/coquette-lingerie-set-con-pezoneras-deluxe\/"},"modified":"2026-03-11T12:39:45","modified_gmt":"2026-03-11T11:39:45","slug":"coquette-lingerie-set-con-pezoneras-deluxe","status":"publish","type":"product","link":"https:\/\/www.pussycatmerida.com\/eshop\/producto\/coquette-lingerie-set-con-pezoneras-deluxe\/","title":{"rendered":"COQUETTE LINGERIE SET CON PEZONERAS DELUXE"},"content":{"rendered":"<p>Os presentemos a esta pieza exclusiva perfecta para tu fondo de armario y usar en momentos puntuales donde quieras potenciar toda tu feminidad. \u00a0Este arn\u00e9s es una pieza completa \u00a0con sensaci\u00f3n a cors\u00e9 perfecto tanto para tus outfits como para tus conjuntos de lencer\u00eda.<\/p>\n<ul>\n<li>Pezoneras incluidas a juego.<\/li>\n<\/ul>\n<p>Medidas:LA MARCA COQUETTE<\/p>\n<p>Llega las novedades de la colecci\u00f3n COQUETTE con inspiraci\u00f3n femenina y elegante. La marca se une a los adeptos del lujo placer vida  sensualidad armon\u00eda elplacercongarant\u00edas y nos ofrece looks \u00fanicos en la jugueter\u00eda sexual aptos para cualquier ocasi\u00f3n. \u201cNos trasladamos a newyork donde las tiendas inspiran a todos los humanos para convertir la inspiraci\u00f3n en realidad a trav\u00e9s de Coquette\u201d<\/p>\n<p>La mujer del siglo XXI es s\u00edmbolo de prosperidad, estabilidad y elegancia. Todo va asociado a la felicidad sexual y la paz interior, y para ello nace COQUETTE, una marca 100% inspirada en la mujer del siglo XXI europea.<\/p>\n","protected":false},"excerpt":{"rendered":"<p>COQUETTE ELASTIC HARNESS SET AND NIPPLE COVERS BLACK<\/p>\n","protected":false},"featured_media":62205,"template":"","meta":[],"pwb-brand":[473],"product_brand":[],"product_cat":[313,309,471,437,324],"product_tag":[],"class_list":{"0":"post-62204","1":"product","2":"type-product","3":"status-publish","4":"has-post-thumbnail","6":"pwb-brand-coquette","7":"product_cat-lenceriacomplementos-lenceria","8":"product_cat-lenceria","9":"product_cat-novedades","10":"product_cat-lenceriasujetador-y-parte-inferior","11":"product_cat-lenceriateddy","12":"post_count_is_0","13":"boutique_post_style_4","15":"first","16":"instock","17":"taxable","18":"shipping-taxable","19":"purchasable","20":"product-type-simple","21":"boutique_image_style_2"},"brands":[{"id":473,"name":"COQUETTE","slug":"coquette"}],"_links":{"self":[{"href":"https:\/\/www.pussycatmerida.com\/eshop\/wp-json\/wp\/v2\/product\/62204","targetHints":{"allow":["GET"]}}],"collection":[{"href":"https:\/\/www.pussycatmerida.com\/eshop\/wp-json\/wp\/v2\/product"}],"about":[{"href":"https:\/\/www.pussycatmerida.com\/eshop\/wp-json\/wp\/v2\/types\/product"}],"wp:featuredmedia":[{"embeddable":true,"href":"https:\/\/www.pussycatmerida.com\/eshop\/wp-json\/wp\/v2\/media\/62205"}],"wp:attachment":[{"href":"https:\/\/www.pussycatmerida.com\/eshop\/wp-json\/wp\/v2\/media?parent=62204"}],"wp:term":[{"taxonomy":"pwb-brand","embeddable":true,"href":"https:\/\/www.pussycatmerida.com\/eshop\/wp-json\/wp\/v2\/pwb-brand?post=62204"},{"taxonomy":"product_brand","embeddable":true,"href":"https:\/\/www.pussycatmerida.com\/eshop\/wp-json\/wp\/v2\/product_brand?post=62204"},{"taxonomy":"product_cat","embeddable":true,"href":"https:\/\/www.pussycatmerida.com\/eshop\/wp-json\/wp\/v2\/product_cat?post=62204"},{"taxonomy":"product_tag","embeddable":true,"href":"https:\/\/www.pussycatmerida.com\/eshop\/wp-json\/wp\/v2\/product_tag?post=62204"}],"curies":[{"name":"wp","href":"https:\/\/api.w.org\/{rel}","templated":true}]}}