{"id":62695,"date":"2021-03-01T13:28:28","date_gmt":"2021-03-01T11:28:28","guid":{"rendered":"https:\/\/www.pussycatmerida.com\/eshop\/product\/fantasy-affairs-juego-fantasias-creativas-es-en\/"},"modified":"2026-03-11T12:26:52","modified_gmt":"2026-03-11T11:26:52","slug":"fantasy-affairs-juego-fantasias-creativas-es-en","status":"publish","type":"product","link":"https:\/\/www.pussycatmerida.com\/eshop\/producto\/fantasy-affairs-juego-fantasias-creativas-es-en\/","title":{"rendered":"FANTASY AFFAIRS JUEGO FANTASIAS CREATIVAS ES\/EN"},"content":{"rendered":"<p>Fantasy Affairs es un juego de mesa que re\u00fane varios escenarios para tus fantasias. Tal vez quieras convertirte en la ama de casa que sue\u00f1a con seducir a su fontanero, o el jefe de un club privado de striptease muy interesado en tener una actuaci\u00f3n privada.<\/p>\n<ul>\n<li>Sean cuales sean tus fantas\u00edas secretas las podr\u00e1s llevar a cabo de una forma segura y creativa, satisfaciendo las tuyas o las de tu amante.<\/li>\n<\/ul>\n<p>El Funcionamiento es sencillo, s\u00f3lo debes tirar el dado y caer en la casilla adecuada.<\/p>\n<p>Incluye el tablero, 36 cartas Creative Kiss, 36 cartas Fantasy Affair, 104 cartas Heart, 10 fichas en forma de coraz\u00f3n, 2 fichas de usuario, el dado y las instrucciones en espa\u00f1ol e ingl\u00e9s.<\/p>\n<p>Comienza el Juego!!<\/p>\n","protected":false},"excerpt":{"rendered":"<p>FANTASY AFFAIRS CREATIVE GAME. ES\/EN<\/p>\n","protected":false},"featured_media":62696,"template":"","meta":[],"pwb-brand":[821],"product_brand":[],"product_cat":[375,379,376,443],"product_tag":[],"class_list":{"0":"post-62695","1":"product","2":"type-product","3":"status-publish","4":"has-post-thumbnail","6":"pwb-brand-kheper-games-inc","7":"product_cat-juegos","8":"product_cat-juegosjuegos-de-mesa","9":"product_cat-juegosjuegos-de-pareja","10":"product_cat-juegosjuegos-en-espanol","11":"post_count_is_0","12":"boutique_post_style_4","14":"first","15":"instock","16":"taxable","17":"shipping-taxable","18":"purchasable","19":"product-type-simple","20":"boutique_image_style_2"},"brands":[{"id":821,"name":"KHEPER GAMES, INC.","slug":"kheper-games-inc"}],"_links":{"self":[{"href":"https:\/\/www.pussycatmerida.com\/eshop\/wp-json\/wp\/v2\/product\/62695","targetHints":{"allow":["GET"]}}],"collection":[{"href":"https:\/\/www.pussycatmerida.com\/eshop\/wp-json\/wp\/v2\/product"}],"about":[{"href":"https:\/\/www.pussycatmerida.com\/eshop\/wp-json\/wp\/v2\/types\/product"}],"wp:featuredmedia":[{"embeddable":true,"href":"https:\/\/www.pussycatmerida.com\/eshop\/wp-json\/wp\/v2\/media\/62696"}],"wp:attachment":[{"href":"https:\/\/www.pussycatmerida.com\/eshop\/wp-json\/wp\/v2\/media?parent=62695"}],"wp:term":[{"taxonomy":"pwb-brand","embeddable":true,"href":"https:\/\/www.pussycatmerida.com\/eshop\/wp-json\/wp\/v2\/pwb-brand?post=62695"},{"taxonomy":"product_brand","embeddable":true,"href":"https:\/\/www.pussycatmerida.com\/eshop\/wp-json\/wp\/v2\/product_brand?post=62695"},{"taxonomy":"product_cat","embeddable":true,"href":"https:\/\/www.pussycatmerida.com\/eshop\/wp-json\/wp\/v2\/product_cat?post=62695"},{"taxonomy":"product_tag","embeddable":true,"href":"https:\/\/www.pussycatmerida.com\/eshop\/wp-json\/wp\/v2\/product_tag?post=62695"}],"curies":[{"name":"wp","href":"https:\/\/api.w.org\/{rel}","templated":true}]}}