{"id":62838,"date":"2021-03-01T13:30:06","date_gmt":"2021-03-01T11:30:06","guid":{"rendered":"https:\/\/www.pussycatmerida.com\/eshop\/product\/4play-set-de-juegos-es-en-de-fr\/"},"modified":"2026-03-11T12:26:54","modified_gmt":"2026-03-11T11:26:54","slug":"4play-set-de-juegos-es-en-de-fr","status":"publish","type":"product","link":"https:\/\/www.pussycatmerida.com\/eshop\/producto\/4play-set-de-juegos-es-en-de-fr\/","title":{"rendered":"4PLAY SET DE JUEGOS ES\/EN\/DE\/FR"},"content":{"rendered":"<p>4PLAY SET DE JUEGOS. <strong>4PLAY SET OF GAMES.<\/strong><\/p>\n<p>Un set de cuatro juegos de placer para la pareja. Est\u00e1 compuesto por:<\/p>\n<ul>\n<li>&#8211; 4Play Dice: Un juego de dados que determinar\u00e1 que acci\u00f3n debes realizar y en qu\u00e9 lugar.<\/li>\n<li>&#8211; Wheel of 4Play: Una ruleta que te indicar\u00e1 la postura sexual a llevar a cabo con tu amante.<\/li>\n<li>&#8211; 4Play Fortune: Unas cartas con indicaciones y acciones con m\u00e1s de 1000 fantas\u00edas sexuales.<\/li>\n<li>&#8211; 4Play Trivia: El cl\u00e1sico trivial reconvertido al lado er\u00f3tico. Te permitir\u00e1 conocer m\u00e1s profundamente a tu pareja sobre que le parece divertido, rom\u00e1ntico, er\u00f3tico, etc.<\/li>\n<li>\u00a0<\/li>\n<\/ul>\n<p>Disponible en ingl\u00e9s, espa\u00f1ol, franc\u00e9s y alem\u00e1n.<\/p>\n","protected":false},"excerpt":{"rendered":"<p>4PLAY SET DE JUEGOS. 4PLAY SET OF GAMES. ES\/EN\/DE\/FR<\/p>\n","protected":false},"featured_media":62839,"template":"","meta":[],"pwb-brand":[821],"product_brand":[],"product_cat":[378,375,379,376,443],"product_tag":[],"class_list":{"0":"post-62838","1":"product","2":"type-product","3":"status-publish","4":"has-post-thumbnail","6":"pwb-brand-kheper-games-inc","7":"product_cat-juegosdados","8":"product_cat-juegos","9":"product_cat-juegosjuegos-de-mesa","10":"product_cat-juegosjuegos-de-pareja","11":"product_cat-juegosjuegos-en-espanol","12":"post_count_is_0","13":"boutique_post_style_4","15":"first","16":"instock","17":"taxable","18":"shipping-taxable","19":"purchasable","20":"product-type-simple","21":"boutique_image_style_2"},"brands":[{"id":821,"name":"KHEPER GAMES, INC.","slug":"kheper-games-inc"}],"_links":{"self":[{"href":"https:\/\/www.pussycatmerida.com\/eshop\/wp-json\/wp\/v2\/product\/62838","targetHints":{"allow":["GET"]}}],"collection":[{"href":"https:\/\/www.pussycatmerida.com\/eshop\/wp-json\/wp\/v2\/product"}],"about":[{"href":"https:\/\/www.pussycatmerida.com\/eshop\/wp-json\/wp\/v2\/types\/product"}],"wp:featuredmedia":[{"embeddable":true,"href":"https:\/\/www.pussycatmerida.com\/eshop\/wp-json\/wp\/v2\/media\/62839"}],"wp:attachment":[{"href":"https:\/\/www.pussycatmerida.com\/eshop\/wp-json\/wp\/v2\/media?parent=62838"}],"wp:term":[{"taxonomy":"pwb-brand","embeddable":true,"href":"https:\/\/www.pussycatmerida.com\/eshop\/wp-json\/wp\/v2\/pwb-brand?post=62838"},{"taxonomy":"product_brand","embeddable":true,"href":"https:\/\/www.pussycatmerida.com\/eshop\/wp-json\/wp\/v2\/product_brand?post=62838"},{"taxonomy":"product_cat","embeddable":true,"href":"https:\/\/www.pussycatmerida.com\/eshop\/wp-json\/wp\/v2\/product_cat?post=62838"},{"taxonomy":"product_tag","embeddable":true,"href":"https:\/\/www.pussycatmerida.com\/eshop\/wp-json\/wp\/v2\/product_tag?post=62838"}],"curies":[{"name":"wp","href":"https:\/\/api.w.org\/{rel}","templated":true}]}}