{"id":62939,"date":"2021-03-01T13:34:34","date_gmt":"2021-03-01T11:34:34","guid":{"rendered":"https:\/\/www.pussycatmerida.com\/eshop\/product\/secretplay-dado-kamasutra-lesbian-25mm\/"},"modified":"2026-03-11T12:26:55","modified_gmt":"2026-03-11T11:26:55","slug":"secretplay-dado-kamasutra-lesbian-25mm","status":"publish","type":"product","link":"https:\/\/www.pussycatmerida.com\/eshop\/producto\/secretplay-dado-kamasutra-lesbian-25mm\/","title":{"rendered":"SECRETPLAY  DADO KAMASUTRA LESBIAN 25MM"},"content":{"rendered":"<p>DADOS DE LA PASI\u00d3N!<\/p>\n<ul>\n<li>Qu\u00e9 postura hacemos hoy? Disfrutad del azar de los dados, una gran soluci\u00f3n para las indecisiones sexuales.\u00a0<\/li>\n<\/ul>\n<p>Estos dados de 25 mm. te sorpreder\u00e1n por su sencillez, puedes llevarlos a cualquier parte y os dar\u00e1n muchas alegr\u00edas&#8230;<\/p>\n","protected":false},"excerpt":{"rendered":"<p>SECRETPLAY  DICE KAMASUTRA LESBIAN 25MM<\/p>\n","protected":false},"featured_media":62940,"template":"","meta":[],"pwb-brand":[498,786],"product_brand":[],"product_cat":[378,375,471],"product_tag":[],"class_list":{"0":"post-62939","1":"product","2":"type-product","3":"status-publish","4":"has-post-thumbnail","6":"pwb-brand-secretplay","7":"pwb-brand-secretplaysecretplay-100-games","8":"product_cat-juegosdados","9":"product_cat-juegos","10":"product_cat-novedades","11":"post_count_is_0","12":"boutique_post_style_4","14":"first","15":"instock","16":"taxable","17":"shipping-taxable","18":"purchasable","19":"product-type-simple","20":"boutique_image_style_2"},"brands":[{"id":498,"name":"SECRETPLAY","slug":"secretplay"},{"id":786,"name":"SECRETPLAY 100% GAMES","slug":"secretplaysecretplay-100-games"}],"_links":{"self":[{"href":"https:\/\/www.pussycatmerida.com\/eshop\/wp-json\/wp\/v2\/product\/62939","targetHints":{"allow":["GET"]}}],"collection":[{"href":"https:\/\/www.pussycatmerida.com\/eshop\/wp-json\/wp\/v2\/product"}],"about":[{"href":"https:\/\/www.pussycatmerida.com\/eshop\/wp-json\/wp\/v2\/types\/product"}],"wp:featuredmedia":[{"embeddable":true,"href":"https:\/\/www.pussycatmerida.com\/eshop\/wp-json\/wp\/v2\/media\/62940"}],"wp:attachment":[{"href":"https:\/\/www.pussycatmerida.com\/eshop\/wp-json\/wp\/v2\/media?parent=62939"}],"wp:term":[{"taxonomy":"pwb-brand","embeddable":true,"href":"https:\/\/www.pussycatmerida.com\/eshop\/wp-json\/wp\/v2\/pwb-brand?post=62939"},{"taxonomy":"product_brand","embeddable":true,"href":"https:\/\/www.pussycatmerida.com\/eshop\/wp-json\/wp\/v2\/product_brand?post=62939"},{"taxonomy":"product_cat","embeddable":true,"href":"https:\/\/www.pussycatmerida.com\/eshop\/wp-json\/wp\/v2\/product_cat?post=62939"},{"taxonomy":"product_tag","embeddable":true,"href":"https:\/\/www.pussycatmerida.com\/eshop\/wp-json\/wp\/v2\/product_tag?post=62939"}],"curies":[{"name":"wp","href":"https:\/\/api.w.org\/{rel}","templated":true}]}}