{"id":63160,"date":"2021-03-06T15:17:26","date_gmt":"2021-03-06T13:17:26","guid":{"rendered":"https:\/\/www.pussycatmerida.com\/eshop\/product\/pretty-love-flirtation-vibrador-body-touch\/"},"modified":"2026-03-11T12:27:59","modified_gmt":"2026-03-11T11:27:59","slug":"pretty-love-flirtation-vibrador-body-touch","status":"publish","type":"product","link":"https:\/\/www.pussycatmerida.com\/eshop\/producto\/pretty-love-flirtation-vibrador-body-touch\/","title":{"rendered":"PRETTY LOVE FLIRTATION &#8211; VIBRADOR BODY-TOUCH"},"content":{"rendered":"<p>Elegante vibrador rampante en color Lila\u00a0 de calidad inigualable que puede ofrecer una estimulaci\u00f3n del cl\u00edtoris altamente irresistible.<\/p>\n<p>Es un vibrador de los mas novedosos siendo el unico que detecta el calor de tu cuerpo y empieza vibrar al contacto con la piel!!<\/p>\n<p>Te dar\u00e1 sin duda un paseo inolvidable, al mismo tiempo que se introduce dentro de ti, haci\u00e9ndote sentir a\u00fan m\u00e1s profundamente sus vibraciones, masajeando tu interior.<\/p>\n<ul>\n<li>Detecta tus puntos sensitivos<\/li>\n<li>100% silicona segura<\/li>\n<li>Mas potencia de vibraci\u00f3n<\/li>\n<li>Tacto real y agradable<\/li>\n<li>Acuatico<\/li>\n<li>3 sensores automaticos de sensibilidad<\/li>\n<li>Muy Silencioso<\/li>\n<li>Fabricado en silicona ABS\/TPR, respetar\u00e1 tu cuerpo y tu piel.<\/li>\n<li>Funciona con dos pilas AAA que no van incluidas.<\/li>\n<li>Medidas: 22.5 cm x 3,8 cm.<\/li>\n<\/ul>\n<p>Pretty Love fabrica productos con exigentes normas de calidad, todos sus productos estan dise\u00f1ados en Estados Unidos y tienen 1 a\u00f1o de garant\u00eda en defectos tecnicos.<\/p>\n","protected":false},"excerpt":{"rendered":"<p>PRETTY LOVE FLIRTATION &#8211; BODY-TOUCH VIBRATOR<\/p>\n","protected":false},"featured_media":37834,"template":"","meta":[],"pwb-brand":[509,213],"product_brand":[],"product_cat":[274,294,299,905],"product_tag":[],"class_list":{"0":"post-63160","1":"product","2":"type-product","3":"status-publish","4":"has-post-thumbnail","6":"pwb-brand-pretty-loveflirtation","7":"pwb-brand-pretty-love","8":"product_cat-juguetes-sexuales-xxx","9":"product_cat-juguetes-sexuales-xxxmasturbadores-para-ellas","10":"product_cat-juguetes-sexuales-xxxvibradores","11":"product_cat-vibradores-dobles","12":"post_count_is_0","13":"boutique_post_style_4","15":"first","16":"instock","17":"taxable","18":"shipping-taxable","19":"purchasable","20":"product-type-simple","21":"boutique_image_style_2"},"brands":[{"id":509,"name":"FLIRTATION","slug":"pretty-loveflirtation"},{"id":213,"name":"PRETTY LOVE","slug":"pretty-love"}],"_links":{"self":[{"href":"https:\/\/www.pussycatmerida.com\/eshop\/wp-json\/wp\/v2\/product\/63160","targetHints":{"allow":["GET"]}}],"collection":[{"href":"https:\/\/www.pussycatmerida.com\/eshop\/wp-json\/wp\/v2\/product"}],"about":[{"href":"https:\/\/www.pussycatmerida.com\/eshop\/wp-json\/wp\/v2\/types\/product"}],"wp:featuredmedia":[{"embeddable":true,"href":"https:\/\/www.pussycatmerida.com\/eshop\/wp-json\/wp\/v2\/media\/37834"}],"wp:attachment":[{"href":"https:\/\/www.pussycatmerida.com\/eshop\/wp-json\/wp\/v2\/media?parent=63160"}],"wp:term":[{"taxonomy":"pwb-brand","embeddable":true,"href":"https:\/\/www.pussycatmerida.com\/eshop\/wp-json\/wp\/v2\/pwb-brand?post=63160"},{"taxonomy":"product_brand","embeddable":true,"href":"https:\/\/www.pussycatmerida.com\/eshop\/wp-json\/wp\/v2\/product_brand?post=63160"},{"taxonomy":"product_cat","embeddable":true,"href":"https:\/\/www.pussycatmerida.com\/eshop\/wp-json\/wp\/v2\/product_cat?post=63160"},{"taxonomy":"product_tag","embeddable":true,"href":"https:\/\/www.pussycatmerida.com\/eshop\/wp-json\/wp\/v2\/product_tag?post=63160"}],"curies":[{"name":"wp","href":"https:\/\/api.w.org\/{rel}","templated":true}]}}