{"id":63162,"date":"2021-03-06T15:17:40","date_gmt":"2021-03-06T13:17:40","guid":{"rendered":"https:\/\/www.pussycatmerida.com\/eshop\/product\/ctype-pretty-love-amour-prostata-y-punto-g-lila\/"},"modified":"2026-03-11T12:27:53","modified_gmt":"2026-03-11T11:27:53","slug":"ctype-pretty-love-amour-prostata-y-punto-g-lila","status":"publish","type":"product","link":"https:\/\/www.pussycatmerida.com\/eshop\/producto\/ctype-pretty-love-amour-prostata-y-punto-g-lila\/","title":{"rendered":"CTYPE PRETTY LOVE AMOUR PROSTATA Y PUNTO G LILA"},"content":{"rendered":"<p>Amour es especial para chicos, es un fantastico estimulador de prostata y testiculos, la vibracion en la prostata esta cientificamente demostrado que ayuda a potenciar la erecci\u00f3n y a tener orgamos mas intensos, gracias a juguetes como esto podemos potenciar las sensaciones.<\/p>\n<ul>\n<li>12 funciones de vibracion<\/li>\n<li>100% Silicona medica<\/li>\n<li>Tacto suave<\/li>\n<li>Tecnologia del tacto<\/li>\n<li>Acuatico<\/li>\n<li>Rechargable a la corriente o al ordenador ( adaptadores incluidos)<\/li>\n<li>Este estimulador tambien es valido para la zona vaginal.<\/li>\n<li>Medidas del vibrador : See picture<\/li>\n<li>Presentaci\u00f3n en estuche duro con manual de instrucciones, bolsita de viaje y cargador.<\/li>\n<li>Color Lila.<\/li>\n<li>Incluye practica bolsa de tela para guardar el producto despues de su uso!<\/li>\n<\/ul>\n<p>Pretty Love fabrica productos con exigentes normas de calidad, todos sus productos estan dise\u00f1ados en Estados Unidos y tienen 1 a\u00f1o de garant\u00eda en defectos tecnicos<\/p>\n","protected":false},"excerpt":{"rendered":"<p>AMOUR PRETTY LOVE WATERPROOF 100% SILICONE<\/p>\n","protected":false},"featured_media":37893,"template":"","meta":[],"pwb-brand":[481,213],"product_brand":[],"product_cat":[280,274,894],"product_tag":[],"class_list":{"0":"post-63162","1":"product","2":"type-product","3":"status-publish","4":"has-post-thumbnail","6":"pwb-brand-pretty-lovec-type","7":"pwb-brand-pretty-love","8":"product_cat-juguetes-sexuales-xxxanal","9":"product_cat-juguetes-sexuales-xxx","10":"product_cat-prostaticos","11":"post_count_is_0","12":"boutique_post_style_4","14":"first","15":"instock","16":"taxable","17":"shipping-taxable","18":"purchasable","19":"product-type-simple","20":"boutique_image_style_2"},"brands":[{"id":481,"name":"C-TYPE","slug":"pretty-lovec-type"},{"id":213,"name":"PRETTY LOVE","slug":"pretty-love"}],"_links":{"self":[{"href":"https:\/\/www.pussycatmerida.com\/eshop\/wp-json\/wp\/v2\/product\/63162","targetHints":{"allow":["GET"]}}],"collection":[{"href":"https:\/\/www.pussycatmerida.com\/eshop\/wp-json\/wp\/v2\/product"}],"about":[{"href":"https:\/\/www.pussycatmerida.com\/eshop\/wp-json\/wp\/v2\/types\/product"}],"wp:featuredmedia":[{"embeddable":true,"href":"https:\/\/www.pussycatmerida.com\/eshop\/wp-json\/wp\/v2\/media\/37893"}],"wp:attachment":[{"href":"https:\/\/www.pussycatmerida.com\/eshop\/wp-json\/wp\/v2\/media?parent=63162"}],"wp:term":[{"taxonomy":"pwb-brand","embeddable":true,"href":"https:\/\/www.pussycatmerida.com\/eshop\/wp-json\/wp\/v2\/pwb-brand?post=63162"},{"taxonomy":"product_brand","embeddable":true,"href":"https:\/\/www.pussycatmerida.com\/eshop\/wp-json\/wp\/v2\/product_brand?post=63162"},{"taxonomy":"product_cat","embeddable":true,"href":"https:\/\/www.pussycatmerida.com\/eshop\/wp-json\/wp\/v2\/product_cat?post=63162"},{"taxonomy":"product_tag","embeddable":true,"href":"https:\/\/www.pussycatmerida.com\/eshop\/wp-json\/wp\/v2\/product_tag?post=63162"}],"curies":[{"name":"wp","href":"https:\/\/api.w.org\/{rel}","templated":true}]}}