{"id":63163,"date":"2021-03-06T15:17:49","date_gmt":"2021-03-06T13:17:49","guid":{"rendered":"https:\/\/www.pussycatmerida.com\/eshop\/product\/ctype-pretty-love-fascination-masajeador-lila\/"},"modified":"2026-03-11T12:40:51","modified_gmt":"2026-03-11T11:40:51","slug":"ctype-pretty-love-fascination-masajeador-lila","status":"publish","type":"product","link":"https:\/\/www.pussycatmerida.com\/eshop\/producto\/ctype-pretty-love-fascination-masajeador-lila\/","title":{"rendered":"CTYPE PRETTY LOVE FASCINATION MASAJEADOR LILA"},"content":{"rendered":"<p>FASCINATION es una innovaci\u00f3n revolucionaria con 30 ritmos distintos!\u00a0 un estimulador del clitoris y la zona interna vaginal innovadora.<\/p>\n<ul>\n<li>Estimulacion del clitoris y punto G<\/li>\n<li>100% Acuatico<\/li>\n<li>Recargable a la corriente o al ordenador ( adaptadores incluidos)<\/li>\n<li>30 Funciones de vibracion<\/li>\n<li>100% Silicona<\/li>\n<li>Permite la penetraci\u00f3n de tu pareja a la misma vez que se utiliza el juguete, ademas de utilizarse para la zona Anal!!<\/li>\n<li>Este\u00a0 vibrador ergon\u00f3mico en forma de U\u00a0 es ideal para utilizar en pareja , con distintos modos de pulsaci\u00f3n que hacen un total de 30funciones de vibraci\u00f3n, dos motores independientes y totalmente flexible.<\/li>\n<li>Silicona 100%, libre de phthalate y recargable. Presentaci\u00f3n en estuche duro alta gama con manual de instrucciones, bolsita de viaje y cargador.<\/li>\n<li>Tiempo de carga 60 minutos, tiempo de uso 90 minutos.<\/li>\n<li>Incluye practica bolsa de tela para guardar el producto despues de su uso!<\/li>\n<\/ul>\n<p>El placer esta\u00a0 asegurado!!<\/p>\n<p>Pretty Love fabrica productos con exigentes normas de calidad, todos sus productos estan dise\u00f1ados en Estados Unidos y tienen 1 a\u00f1o de garant\u00eda en defectos tecnicos.<\/p>\n","protected":false},"excerpt":{"rendered":"<p>FASCINATION DOUBLE STIMULATOR EXTREME CLIMAX<\/p>\n","protected":false},"featured_media":37899,"template":"","meta":[],"pwb-brand":[481,213],"product_brand":[],"product_cat":[274,893],"product_tag":[],"class_list":{"0":"post-63163","1":"product","2":"type-product","3":"status-publish","4":"has-post-thumbnail","6":"pwb-brand-pretty-lovec-type","7":"pwb-brand-pretty-love","8":"product_cat-juguetes-sexuales-xxx","9":"product_cat-parejas","10":"post_count_is_0","11":"boutique_post_style_4","13":"first","14":"instock","15":"taxable","16":"shipping-taxable","17":"purchasable","18":"product-type-simple","19":"boutique_image_style_2"},"brands":[{"id":481,"name":"C-TYPE","slug":"pretty-lovec-type"},{"id":213,"name":"PRETTY LOVE","slug":"pretty-love"}],"_links":{"self":[{"href":"https:\/\/www.pussycatmerida.com\/eshop\/wp-json\/wp\/v2\/product\/63163","targetHints":{"allow":["GET"]}}],"collection":[{"href":"https:\/\/www.pussycatmerida.com\/eshop\/wp-json\/wp\/v2\/product"}],"about":[{"href":"https:\/\/www.pussycatmerida.com\/eshop\/wp-json\/wp\/v2\/types\/product"}],"wp:featuredmedia":[{"embeddable":true,"href":"https:\/\/www.pussycatmerida.com\/eshop\/wp-json\/wp\/v2\/media\/37899"}],"wp:attachment":[{"href":"https:\/\/www.pussycatmerida.com\/eshop\/wp-json\/wp\/v2\/media?parent=63163"}],"wp:term":[{"taxonomy":"pwb-brand","embeddable":true,"href":"https:\/\/www.pussycatmerida.com\/eshop\/wp-json\/wp\/v2\/pwb-brand?post=63163"},{"taxonomy":"product_brand","embeddable":true,"href":"https:\/\/www.pussycatmerida.com\/eshop\/wp-json\/wp\/v2\/product_brand?post=63163"},{"taxonomy":"product_cat","embeddable":true,"href":"https:\/\/www.pussycatmerida.com\/eshop\/wp-json\/wp\/v2\/product_cat?post=63163"},{"taxonomy":"product_tag","embeddable":true,"href":"https:\/\/www.pussycatmerida.com\/eshop\/wp-json\/wp\/v2\/product_tag?post=63163"}],"curies":[{"name":"wp","href":"https:\/\/api.w.org\/{rel}","templated":true}]}}