{"id":63858,"date":"2021-03-09T10:54:06","date_gmt":"2021-03-09T08:54:06","guid":{"rendered":"https:\/\/www.pussycatmerida.com\/eshop\/producto\/control-gel-3-en-1-ice-feel-200-ml\/"},"modified":"2026-03-11T12:38:49","modified_gmt":"2026-03-11T11:38:49","slug":"control-gel-3-en-1-ice-feel-200-ml","status":"publish","type":"product","link":"https:\/\/www.pussycatmerida.com\/eshop\/producto\/control-gel-3-en-1-ice-feel-200-ml\/","title":{"rendered":"CONTROL GEL 3 EN 1 ICE FEEL 200 ML"},"content":{"rendered":"<p>Siente un escalofr\u00edo de placer con el nuevo 3 en 1 Ice feel: Masajea, estimula y lubrica gracias a su formula de larga duraci\u00f3n para la lubricaci\u00f3n y a su placentero efecto fr\u00edo que sensibiliza y estimula para que las relaciones sean m\u00e1s placenteras<\/p>\n<ul>\n<li>Gel 3 en 1\u00a0<\/li>\n<li>Efecto fr\u00edo<\/li>\n<li>Sin aroma\u00a0<\/li>\n<li>Hidratante, hipoalerg\u00e9nico ni az\u00facares\u00a0<\/li>\n<li>200 ml\u00a0<\/li>\n<\/ul>\n<p>\u00a0<\/p>\n<p>\u00a0<\/p>\n","protected":false},"excerpt":{"rendered":"<p>CONTROL GEL 3 IN 1 ICE FEEL 200 ML<\/p>\n","protected":false},"featured_media":46261,"template":"","meta":[],"pwb-brand":[50],"product_brand":[],"product_cat":[342,337,328,353,355,331],"product_tag":[],"class_list":{"0":"post-63858","1":"product","2":"type-product","3":"status-publish","4":"has-post-thumbnail","6":"pwb-brand-control","7":"product_cat-aceites-y-lubricantesaceites-y-cremas-de-masaje","8":"product_cat-aceites-y-lubricantes","9":"product_cat-afrodisiacos","10":"product_cat-aceites-y-lubricantesaceites-y-cremas-de-masajeclima-erotico","11":"product_cat-aceites-y-lubricantesaceites-y-cremas-de-masajecremas-de-masaje","12":"product_cat-afrodisiacosretardantes","13":"post_count_is_0","14":"boutique_post_style_4","16":"first","17":"instock","18":"taxable","19":"shipping-taxable","20":"purchasable","21":"product-type-simple","22":"boutique_image_style_2"},"brands":[{"id":50,"name":"CONTROL","slug":"control"}],"_links":{"self":[{"href":"https:\/\/www.pussycatmerida.com\/eshop\/wp-json\/wp\/v2\/product\/63858","targetHints":{"allow":["GET"]}}],"collection":[{"href":"https:\/\/www.pussycatmerida.com\/eshop\/wp-json\/wp\/v2\/product"}],"about":[{"href":"https:\/\/www.pussycatmerida.com\/eshop\/wp-json\/wp\/v2\/types\/product"}],"wp:featuredmedia":[{"embeddable":true,"href":"https:\/\/www.pussycatmerida.com\/eshop\/wp-json\/wp\/v2\/media\/46261"}],"wp:attachment":[{"href":"https:\/\/www.pussycatmerida.com\/eshop\/wp-json\/wp\/v2\/media?parent=63858"}],"wp:term":[{"taxonomy":"pwb-brand","embeddable":true,"href":"https:\/\/www.pussycatmerida.com\/eshop\/wp-json\/wp\/v2\/pwb-brand?post=63858"},{"taxonomy":"product_brand","embeddable":true,"href":"https:\/\/www.pussycatmerida.com\/eshop\/wp-json\/wp\/v2\/product_brand?post=63858"},{"taxonomy":"product_cat","embeddable":true,"href":"https:\/\/www.pussycatmerida.com\/eshop\/wp-json\/wp\/v2\/product_cat?post=63858"},{"taxonomy":"product_tag","embeddable":true,"href":"https:\/\/www.pussycatmerida.com\/eshop\/wp-json\/wp\/v2\/product_tag?post=63858"}],"curies":[{"name":"wp","href":"https:\/\/api.w.org\/{rel}","templated":true}]}}