{"id":64106,"date":"2021-03-09T11:38:53","date_gmt":"2021-03-09T09:38:53","guid":{"rendered":"https:\/\/www.pussycatmerida.com\/eshop\/producto\/spencer-anilla-caramelitos-lovers\/"},"modified":"2026-03-11T12:38:54","modified_gmt":"2026-03-11T11:38:54","slug":"spencer-anilla-caramelitos-lovers","status":"publish","type":"product","link":"https:\/\/www.pussycatmerida.com\/eshop\/producto\/spencer-anilla-caramelitos-lovers\/","title":{"rendered":"SPENCER ANILLA CARAMELITOS LOVERS"},"content":{"rendered":"<p>Es la autentica anilla\u00a0 de Caramelo para el, un novedoso art\u00edculo dulce y muy sexy.<\/p>\n<p>Se adapta a todos los tama\u00f1os de Pene<\/p>\n<ul>\n<li>No mancha ni descolore con la humedad de los labios.<\/li>\n<li>Nunca una lenceria fue tan dulce&#8230;<\/li>\n<\/ul>\n<p>\u00a1Lama y mordisquee su camino al \u00e9xtasis er\u00f3tico y la diversi\u00f3n! Cuanto m\u00e1s lo lame mejor sabe.<\/p>\n<p>Sabor a Tutti Frutti nos transportaran a aquellos a\u00f1os mozos donde las hormonas se disparaban solas&#8230;.<\/p>\n<p>Le arrancaremos la anilla\u00a0 a mordisquitos&#8230;estas dispuesto?<\/p>\n<p>No dejaras de lamer y mordisquear produciendo a tu pareja un picante cosquillieo.<\/p>\n<p>Envase con\u00a0 3 unidades<\/p>\n<p>18 gramos.<\/p>\n<p><img decoding=\"async\" alt=\"\" src=\"https:\/\/dreamlove.gesio.be\/UserFiles\/image\/banderas.png\" \/><\/p>\n","protected":false},"excerpt":{"rendered":"<p>CANDY LOVE RINGS<\/p>\n","protected":false},"featured_media":50910,"template":"","meta":[],"pwb-brand":[759],"product_brand":[],"product_cat":[384,385,380,396,274,397,408],"product_tag":[],"class_list":{"0":"post-64106","1":"product","2":"type-product","3":"status-publish","4":"has-post-thumbnail","6":"pwb-brand-spencerfletwood-limited","7":"product_cat-articulos-variadosarticulos-comestibles","8":"product_cat-articulos-variadosarticulos-divertidos","9":"product_cat-articulos-variados","10":"product_cat-articulos-variadosarticulos-divertidoscomplementos","11":"product_cat-juguetes-sexuales-xxx","12":"product_cat-articulos-variadoslenceria-comestible","13":"product_cat-juguetes-sexuales-xxxseleccion-vending","14":"post_count_is_0","15":"boutique_post_style_4","17":"first","18":"instock","19":"taxable","20":"shipping-taxable","21":"purchasable","22":"product-type-simple","23":"boutique_image_style_2"},"brands":[{"id":759,"name":"SPENCERFLETWOOD LIMITED","slug":"spencerfletwood-limited"}],"_links":{"self":[{"href":"https:\/\/www.pussycatmerida.com\/eshop\/wp-json\/wp\/v2\/product\/64106","targetHints":{"allow":["GET"]}}],"collection":[{"href":"https:\/\/www.pussycatmerida.com\/eshop\/wp-json\/wp\/v2\/product"}],"about":[{"href":"https:\/\/www.pussycatmerida.com\/eshop\/wp-json\/wp\/v2\/types\/product"}],"wp:featuredmedia":[{"embeddable":true,"href":"https:\/\/www.pussycatmerida.com\/eshop\/wp-json\/wp\/v2\/media\/50910"}],"wp:attachment":[{"href":"https:\/\/www.pussycatmerida.com\/eshop\/wp-json\/wp\/v2\/media?parent=64106"}],"wp:term":[{"taxonomy":"pwb-brand","embeddable":true,"href":"https:\/\/www.pussycatmerida.com\/eshop\/wp-json\/wp\/v2\/pwb-brand?post=64106"},{"taxonomy":"product_brand","embeddable":true,"href":"https:\/\/www.pussycatmerida.com\/eshop\/wp-json\/wp\/v2\/product_brand?post=64106"},{"taxonomy":"product_cat","embeddable":true,"href":"https:\/\/www.pussycatmerida.com\/eshop\/wp-json\/wp\/v2\/product_cat?post=64106"},{"taxonomy":"product_tag","embeddable":true,"href":"https:\/\/www.pussycatmerida.com\/eshop\/wp-json\/wp\/v2\/product_tag?post=64106"}],"curies":[{"name":"wp","href":"https:\/\/api.w.org\/{rel}","templated":true}]}}