{"id":64253,"date":"2021-03-10T02:45:13","date_gmt":"2021-03-10T00:45:13","guid":{"rendered":"https:\/\/www.pussycatmerida.com\/eshop\/producto\/kheper-games-juego-cartas-tantric-sex-en-es-de-fr\/"},"modified":"2026-03-11T12:26:56","modified_gmt":"2026-03-11T11:26:56","slug":"kheper-games-juego-cartas-tantric-sex-en-es-de-fr","status":"publish","type":"product","link":"https:\/\/www.pussycatmerida.com\/eshop\/producto\/kheper-games-juego-cartas-tantric-sex-en-es-de-fr\/","title":{"rendered":"KHEPER GAMES JUEGO CARTAS TANTRIC SEX! EN \/ ES \/ DE \/ FR"},"content":{"rendered":"<p>100.000 posibles caminos hacia orgasmos poderosos.<\/p>\n<p>Conectad vuestras\u00a0mentes, cuerpos y almas explotando t\u00e9cnicas t\u00e1ntricas de retraso del orgasmo. Usa el estado de \u00e1nimo, la conexi\u00f3n emocional, las pr\u00e1cticas de tantra, el juego previo y las tarjetas de posici\u00f3n sexual para crear tu fantas\u00eda \u00f3ptima para actuar. Incorpora tus pr\u00e1cticas favoritas en futuras sesiones de creaci\u00f3n de amor.<\/p>\n<p>Grandes t\u00e9cnicas conducen a un gran sexo!<\/p>\n<ul>\n<li>50 cartas<\/li>\n<li>Idiomas:\u00a0EN \/ ES \/ DE\u00a0\/ FR\u00a0<\/li>\n<\/ul>\n","protected":false},"excerpt":{"rendered":"<p>KHEPER GAMES TANTRIC SEX! CARDS  EN \/ ES \/ DE \/ FR<\/p>\n","protected":false},"featured_media":64254,"template":"","meta":[],"pwb-brand":[821],"product_brand":[],"product_cat":[375,442,376,939,443,936,938],"product_tag":[],"class_list":{"0":"post-64253","1":"product","2":"type-product","3":"status-publish","4":"has-post-thumbnail","6":"pwb-brand-kheper-games-inc","7":"product_cat-juegos","8":"product_cat-juegosjuegos-de-cartas","9":"product_cat-juegosjuegos-de-pareja","10":"product_cat-juegosjuegos-en-aleman","11":"product_cat-juegosjuegos-en-espanol","12":"product_cat-juegosjuegos-en-frances","13":"product_cat-juegosjuegos-en-ingles","14":"post_count_is_0","15":"boutique_post_style_4","17":"first","18":"instock","19":"taxable","20":"shipping-taxable","21":"purchasable","22":"product-type-simple","23":"boutique_image_style_2"},"brands":[{"id":821,"name":"KHEPER GAMES, INC.","slug":"kheper-games-inc"}],"_links":{"self":[{"href":"https:\/\/www.pussycatmerida.com\/eshop\/wp-json\/wp\/v2\/product\/64253","targetHints":{"allow":["GET"]}}],"collection":[{"href":"https:\/\/www.pussycatmerida.com\/eshop\/wp-json\/wp\/v2\/product"}],"about":[{"href":"https:\/\/www.pussycatmerida.com\/eshop\/wp-json\/wp\/v2\/types\/product"}],"wp:featuredmedia":[{"embeddable":true,"href":"https:\/\/www.pussycatmerida.com\/eshop\/wp-json\/wp\/v2\/media\/64254"}],"wp:attachment":[{"href":"https:\/\/www.pussycatmerida.com\/eshop\/wp-json\/wp\/v2\/media?parent=64253"}],"wp:term":[{"taxonomy":"pwb-brand","embeddable":true,"href":"https:\/\/www.pussycatmerida.com\/eshop\/wp-json\/wp\/v2\/pwb-brand?post=64253"},{"taxonomy":"product_brand","embeddable":true,"href":"https:\/\/www.pussycatmerida.com\/eshop\/wp-json\/wp\/v2\/product_brand?post=64253"},{"taxonomy":"product_cat","embeddable":true,"href":"https:\/\/www.pussycatmerida.com\/eshop\/wp-json\/wp\/v2\/product_cat?post=64253"},{"taxonomy":"product_tag","embeddable":true,"href":"https:\/\/www.pussycatmerida.com\/eshop\/wp-json\/wp\/v2\/product_tag?post=64253"}],"curies":[{"name":"wp","href":"https:\/\/api.w.org\/{rel}","templated":true}]}}