{"id":6626,"date":"2021-02-24T15:14:33","date_gmt":"2021-02-24T13:14:33","guid":{"rendered":"https:\/\/www.pussycatmerida.com\/eshop\/product\/fetish-fantasy-triple-succionador-vibrador\/"},"modified":"2026-03-11T12:38:31","modified_gmt":"2026-03-11T11:38:31","slug":"fetish-fantasy-triple-succionador-vibrador","status":"publish","type":"product","link":"https:\/\/www.pussycatmerida.com\/eshop\/producto\/fetish-fantasy-triple-succionador-vibrador\/","title":{"rendered":"FETISH FANTASY TRIPLE SUCCIONADOR VIBRADOR"},"content":{"rendered":"<p>Fabuloso succionador de pezones y clitoris a la vez estimulante!! Conecta los 3 mini vibradores sit\u00faa la copa succionadora sobre cl\u00edtoris y pezones y aprieta la bomba hasta que los succionadores permanezcan en su lugar.<\/p>\n<p>La estimulante succi\u00f3n y las sensuales vibraciones te llevar\u00e1n al cl\u00edmax.<\/p>\n<p>Para aflojar la presi\u00f3n pulsa la v\u00e1lvula liberadora de presi\u00f3n e inmediatamente quedar\u00e1s liberada.<\/p>\n<p>Pru\u00e9balo en la ducha para una excitantes emociones nuevas.<\/p>\n<ul>\n<li>Funciona con 4 pilas LR44 que van incluidas.<\/li>\n<li>100% Libre de phalatos.<\/li>\n<li>Incluye m\u00e1scara, muestras de lubricante y limpiador de regalo.<\/li>\n<\/ul>\n<p>Descubre nuevas sensaciones.<\/p>\n<p style=\"text-align: center;\"><embed allowfullscreen=\"true\" allowscriptaccess=\"always\" flashvars=\"controlbar=bottomnetstreambasepath=http%3A%2F%2Fwww.pipedreamproducts.com%2Ffile=http%3A%2F%2Fwww.pipedreamproducts.com%2Fvideos%2Fpd3222-00.m4vautostart=true\" height=\"262\" src=\"http:\/\/www.pipedreamproducts.com\/jwplayer\/player.swf\" width=\"500\"><\/embed><\/p>\n","protected":false},"excerpt":{"rendered":"<p>FETISH FANTASY VIBRATING TRIPLE SUCKERS<\/p>\n","protected":false},"featured_media":35508,"template":"","meta":[],"pwb-brand":[485,476],"product_brand":[],"product_cat":[286,288,274,294],"product_tag":[],"class_list":{"0":"post-6626","1":"product","2":"type-product","3":"status-publish","4":"has-post-thumbnail","6":"pwb-brand-pipedreams-fetish-fantasy-series","7":"pwb-brand-pipedreams","8":"product_cat-juguetes-sexuales-xxxdesarrolladores","9":"product_cat-juguetes-sexuales-xxxestimuladores","10":"product_cat-juguetes-sexuales-xxx","11":"product_cat-juguetes-sexuales-xxxmasturbadores-para-ellas","12":"post_count_is_0","13":"boutique_post_style_4","15":"first","16":"instock","17":"taxable","18":"shipping-taxable","19":"purchasable","20":"product-type-simple","21":"boutique_image_style_2"},"brands":[{"id":485,"name":"FETISH FANTASY SERIES","slug":"pipedreams-fetish-fantasy-series"},{"id":476,"name":"PIPEDREAMS","slug":"pipedreams"}],"_links":{"self":[{"href":"https:\/\/www.pussycatmerida.com\/eshop\/wp-json\/wp\/v2\/product\/6626","targetHints":{"allow":["GET"]}}],"collection":[{"href":"https:\/\/www.pussycatmerida.com\/eshop\/wp-json\/wp\/v2\/product"}],"about":[{"href":"https:\/\/www.pussycatmerida.com\/eshop\/wp-json\/wp\/v2\/types\/product"}],"wp:featuredmedia":[{"embeddable":true,"href":"https:\/\/www.pussycatmerida.com\/eshop\/wp-json\/wp\/v2\/media\/35508"}],"wp:attachment":[{"href":"https:\/\/www.pussycatmerida.com\/eshop\/wp-json\/wp\/v2\/media?parent=6626"}],"wp:term":[{"taxonomy":"pwb-brand","embeddable":true,"href":"https:\/\/www.pussycatmerida.com\/eshop\/wp-json\/wp\/v2\/pwb-brand?post=6626"},{"taxonomy":"product_brand","embeddable":true,"href":"https:\/\/www.pussycatmerida.com\/eshop\/wp-json\/wp\/v2\/product_brand?post=6626"},{"taxonomy":"product_cat","embeddable":true,"href":"https:\/\/www.pussycatmerida.com\/eshop\/wp-json\/wp\/v2\/product_cat?post=6626"},{"taxonomy":"product_tag","embeddable":true,"href":"https:\/\/www.pussycatmerida.com\/eshop\/wp-json\/wp\/v2\/product_tag?post=6626"}],"curies":[{"name":"wp","href":"https:\/\/api.w.org\/{rel}","templated":true}]}}