{"id":7498,"date":"2021-02-26T10:37:22","date_gmt":"2021-02-26T08:37:22","guid":{"rendered":"https:\/\/www.pussycatmerida.com\/eshop\/product\/pretty-love-flirtation-vibrador-con-estimulador-felix\/"},"modified":"2026-03-11T12:28:01","modified_gmt":"2026-03-11T11:28:01","slug":"pretty-love-flirtation-vibrador-con-estimulador-felix","status":"publish","type":"product","link":"https:\/\/www.pussycatmerida.com\/eshop\/producto\/pretty-love-flirtation-vibrador-con-estimulador-felix\/","title":{"rendered":"PRETTY LOVE FLIRTATION &#8211; VIBRADOR CON ESTIMULADOR FELIX"},"content":{"rendered":"<p>Elegante vibrador rampante en color Lila y Blanco de calidad inigualable que puede ofrecer una estimulaci\u00f3n del cl\u00edtoris altamente irresistible gracias a su estimulador potente.<\/p>\n<p>Te dar\u00e1 sin duda un paseo inolvidable, al mismo tiempo que se introduce dentro de ti, haci\u00e9ndote sentir a\u00fan m\u00e1s profundamente sus vibraciones, masajeando tu interior.<\/p>\n<p>Pretty Love es sinonimo de Calidad.<\/p>\n<ul>\n<li>Dispone de 30 impulsos diferentes diferentes de vibraci\u00f3n, haciendo un vibrador perfecto para ti!!<\/li>\n<li>Silicona 100% Alta Calidad libre de phalatos aprobada por la FDA<\/li>\n<li>Ergonomico<\/li>\n<li>Muy Silencioso<\/li>\n<li>Sumergible<\/li>\n<li>Funciona con dos pilas AAA que no van incluidas.<\/li>\n<li>Medidas: 21 cm x 3.1 cm.<\/li>\n<\/ul>\n<p>Pretty Love fabrica productos con exigentes normas de calidad, todos sus productos estan dise\u00f1ados en Estados Unidos y tienen 1 a\u00f1o de garant\u00eda en defectos tecnicos.<\/p>\n","protected":false},"excerpt":{"rendered":"<p>PRETTY LOVE FLIRTATION &#8211; VIBRADOR CON ESTIMULADOR FELIX<\/p>\n","protected":false},"featured_media":38270,"template":"","meta":[],"pwb-brand":[509,213],"product_brand":[],"product_cat":[275,274,294,299,905],"product_tag":[],"class_list":{"0":"post-7498","1":"product","2":"type-product","3":"status-publish","4":"has-post-thumbnail","6":"pwb-brand-pretty-loveflirtation","7":"pwb-brand-pretty-love","8":"product_cat-juguetes-sexuales-xxxacuaticos","9":"product_cat-juguetes-sexuales-xxx","10":"product_cat-juguetes-sexuales-xxxmasturbadores-para-ellas","11":"product_cat-juguetes-sexuales-xxxvibradores","12":"product_cat-vibradores-dobles","13":"post_count_is_0","14":"boutique_post_style_4","16":"first","17":"instock","18":"taxable","19":"shipping-taxable","20":"purchasable","21":"product-type-simple","22":"boutique_image_style_2"},"brands":[{"id":509,"name":"FLIRTATION","slug":"pretty-loveflirtation"},{"id":213,"name":"PRETTY LOVE","slug":"pretty-love"}],"_links":{"self":[{"href":"https:\/\/www.pussycatmerida.com\/eshop\/wp-json\/wp\/v2\/product\/7498","targetHints":{"allow":["GET"]}}],"collection":[{"href":"https:\/\/www.pussycatmerida.com\/eshop\/wp-json\/wp\/v2\/product"}],"about":[{"href":"https:\/\/www.pussycatmerida.com\/eshop\/wp-json\/wp\/v2\/types\/product"}],"wp:featuredmedia":[{"embeddable":true,"href":"https:\/\/www.pussycatmerida.com\/eshop\/wp-json\/wp\/v2\/media\/38270"}],"wp:attachment":[{"href":"https:\/\/www.pussycatmerida.com\/eshop\/wp-json\/wp\/v2\/media?parent=7498"}],"wp:term":[{"taxonomy":"pwb-brand","embeddable":true,"href":"https:\/\/www.pussycatmerida.com\/eshop\/wp-json\/wp\/v2\/pwb-brand?post=7498"},{"taxonomy":"product_brand","embeddable":true,"href":"https:\/\/www.pussycatmerida.com\/eshop\/wp-json\/wp\/v2\/product_brand?post=7498"},{"taxonomy":"product_cat","embeddable":true,"href":"https:\/\/www.pussycatmerida.com\/eshop\/wp-json\/wp\/v2\/product_cat?post=7498"},{"taxonomy":"product_tag","embeddable":true,"href":"https:\/\/www.pussycatmerida.com\/eshop\/wp-json\/wp\/v2\/product_tag?post=7498"}],"curies":[{"name":"wp","href":"https:\/\/api.w.org\/{rel}","templated":true}]}}