{"id":7551,"date":"2021-02-26T15:24:00","date_gmt":"2021-02-26T13:24:00","guid":{"rendered":"https:\/\/www.pussycatmerida.com\/eshop\/product\/fetish-fantasy-series-primer-latigo\/"},"modified":"2026-03-11T12:39:21","modified_gmt":"2026-03-11T11:39:21","slug":"fetish-fantasy-series-primer-latigo","status":"publish","type":"product","link":"https:\/\/www.pussycatmerida.com\/eshop\/producto\/fetish-fantasy-series-primer-latigo\/","title":{"rendered":"FETISH FANTASY SERIES PRIMER LATIGO"},"content":{"rendered":"<p>Muestre a su amante quien es jefe con el Fetish Fantasy First-time Flogger. Un golpe del gato de nueve colas y su amante sabr\u00e1n qui\u00e9n est\u00e1 al mando!<\/p>\n","protected":false},"excerpt":{"rendered":"<p>FETISH FANTASY SERIES FIRST-TIME FLOGGER<\/p>\n","protected":false},"featured_media":51900,"template":"","meta":[],"pwb-brand":[485,476],"product_brand":[],"product_cat":[282,274,940],"product_tag":[],"class_list":{"0":"post-7551","1":"product","2":"type-product","3":"status-publish","4":"has-post-thumbnail","6":"pwb-brand-pipedreams-fetish-fantasy-series","7":"pwb-brand-pipedreams","8":"product_cat-juguetes-sexuales-xxxfetish-bondage","9":"product_cat-juguetes-sexuales-xxx","10":"product_cat-latigos-y-palas","11":"post_count_is_0","12":"boutique_post_style_4","14":"first","15":"instock","16":"taxable","17":"shipping-taxable","18":"purchasable","19":"product-type-simple","20":"boutique_image_style_2"},"brands":[{"id":485,"name":"FETISH FANTASY SERIES","slug":"pipedreams-fetish-fantasy-series"},{"id":476,"name":"PIPEDREAMS","slug":"pipedreams"}],"_links":{"self":[{"href":"https:\/\/www.pussycatmerida.com\/eshop\/wp-json\/wp\/v2\/product\/7551","targetHints":{"allow":["GET"]}}],"collection":[{"href":"https:\/\/www.pussycatmerida.com\/eshop\/wp-json\/wp\/v2\/product"}],"about":[{"href":"https:\/\/www.pussycatmerida.com\/eshop\/wp-json\/wp\/v2\/types\/product"}],"wp:featuredmedia":[{"embeddable":true,"href":"https:\/\/www.pussycatmerida.com\/eshop\/wp-json\/wp\/v2\/media\/51900"}],"wp:attachment":[{"href":"https:\/\/www.pussycatmerida.com\/eshop\/wp-json\/wp\/v2\/media?parent=7551"}],"wp:term":[{"taxonomy":"pwb-brand","embeddable":true,"href":"https:\/\/www.pussycatmerida.com\/eshop\/wp-json\/wp\/v2\/pwb-brand?post=7551"},{"taxonomy":"product_brand","embeddable":true,"href":"https:\/\/www.pussycatmerida.com\/eshop\/wp-json\/wp\/v2\/product_brand?post=7551"},{"taxonomy":"product_cat","embeddable":true,"href":"https:\/\/www.pussycatmerida.com\/eshop\/wp-json\/wp\/v2\/product_cat?post=7551"},{"taxonomy":"product_tag","embeddable":true,"href":"https:\/\/www.pussycatmerida.com\/eshop\/wp-json\/wp\/v2\/product_tag?post=7551"}],"curies":[{"name":"wp","href":"https:\/\/api.w.org\/{rel}","templated":true}]}}