{"id":7590,"date":"2021-02-24T14:30:48","date_gmt":"2021-02-24T12:30:48","guid":{"rendered":"https:\/\/www.pussycatmerida.com\/eshop\/product\/fetish-fantasy-elite-arnes-transpirable\/"},"modified":"2026-03-11T12:27:01","modified_gmt":"2026-03-11T11:27:01","slug":"fetish-fantasy-elite-arnes-transpirable","status":"publish","type":"product","link":"https:\/\/www.pussycatmerida.com\/eshop\/producto\/fetish-fantasy-elite-arnes-transpirable\/","title":{"rendered":"FETISH FANTASY ELITE ARNES TRANSPIRABLE"},"content":{"rendered":"<p>Cuando est\u00e1s buscando un arn\u00e9s universal transpirable de precio asequible este arn\u00e9s ser\u00e1 la elecci\u00f3n perfecta!<\/p>\n<p>Confeccionado Spandex es muy comodo de utilizar y se adapta perfectamente al cuerpo.<\/p>\n<ul>\n<li>Se adapta al tama\u00f1o de la cintura 107 cm.<\/li>\n<li>No incluye dildo.<\/li>\n<\/ul>\n<p>Escoge el consolador que m\u00e1s te guste y disfrutar de un sexo con arn\u00e9s sensacional sin preocuparse por que se rompa o afloje.<\/p>\n<p>No hay roce, fricci\u00f3n o molestias en el cuerpo. Se adapta a una variedad de tama\u00f1os y tipos de cuerpo y funciona con cualquier consoladorFetish Fantasy Elite con vibrador o sin.<\/p>\n<p>El c\u00f3modo arn\u00e9s te permite usarlo por per\u00edodos prolongados de tiempo, prolongando la diversi\u00f3n sin sacrificar su comodidad.<\/p>\n<p>Lo mejor de todo, no se afloja o se rompe durante el calor del momento.<\/p>\n<p>Para limpiar el arn\u00e9s, solamente tienes que limpiar cuidadosamente las manchas con el limpiador de juguetes especializado.<\/p>\n<p>No moje ni sumerja el arn\u00e9s en agua o ponga el arn\u00e9s en la lavadora o el lavavajillas.<\/p>\n<p>Descubre nuevas experiencias!!<\/p>\n<p>\u00a0<\/p>\n","protected":false},"excerpt":{"rendered":"<p>FETISH FANTASY ELITE  BREATHABLE HARNES<\/p>\n","protected":false},"featured_media":33464,"template":"","meta":[],"pwb-brand":[491,476],"product_brand":[],"product_cat":[278,274],"product_tag":[],"class_list":{"0":"post-7590","1":"product","2":"type-product","3":"status-publish","4":"has-post-thumbnail","6":"pwb-brand-pipedreams-fetish-fantasy-elite","7":"pwb-brand-pipedreams","8":"product_cat-juguetes-sexuales-xxxarneses","9":"product_cat-juguetes-sexuales-xxx","10":"post_count_is_0","11":"boutique_post_style_4","13":"first","14":"instock","15":"taxable","16":"shipping-taxable","17":"purchasable","18":"product-type-simple","19":"boutique_image_style_2"},"brands":[{"id":491,"name":"FETISH FANTASY ELITE","slug":"pipedreams-fetish-fantasy-elite"},{"id":476,"name":"PIPEDREAMS","slug":"pipedreams"}],"_links":{"self":[{"href":"https:\/\/www.pussycatmerida.com\/eshop\/wp-json\/wp\/v2\/product\/7590","targetHints":{"allow":["GET"]}}],"collection":[{"href":"https:\/\/www.pussycatmerida.com\/eshop\/wp-json\/wp\/v2\/product"}],"about":[{"href":"https:\/\/www.pussycatmerida.com\/eshop\/wp-json\/wp\/v2\/types\/product"}],"wp:featuredmedia":[{"embeddable":true,"href":"https:\/\/www.pussycatmerida.com\/eshop\/wp-json\/wp\/v2\/media\/33464"}],"wp:attachment":[{"href":"https:\/\/www.pussycatmerida.com\/eshop\/wp-json\/wp\/v2\/media?parent=7590"}],"wp:term":[{"taxonomy":"pwb-brand","embeddable":true,"href":"https:\/\/www.pussycatmerida.com\/eshop\/wp-json\/wp\/v2\/pwb-brand?post=7590"},{"taxonomy":"product_brand","embeddable":true,"href":"https:\/\/www.pussycatmerida.com\/eshop\/wp-json\/wp\/v2\/product_brand?post=7590"},{"taxonomy":"product_cat","embeddable":true,"href":"https:\/\/www.pussycatmerida.com\/eshop\/wp-json\/wp\/v2\/product_cat?post=7590"},{"taxonomy":"product_tag","embeddable":true,"href":"https:\/\/www.pussycatmerida.com\/eshop\/wp-json\/wp\/v2\/product_tag?post=7590"}],"curies":[{"name":"wp","href":"https:\/\/api.w.org\/{rel}","templated":true}]}}