{"id":7671,"date":"2021-02-26T10:54:24","date_gmt":"2021-02-26T08:54:24","guid":{"rendered":"https:\/\/www.pussycatmerida.com\/eshop\/product\/fetish-fantasy-asiento-hinchable\/"},"modified":"2026-03-11T12:26:13","modified_gmt":"2026-03-11T11:26:13","slug":"fetish-fantasy-asiento-hinchable","status":"publish","type":"product","link":"https:\/\/www.pussycatmerida.com\/eshop\/producto\/fetish-fantasy-asiento-hinchable\/","title":{"rendered":"FETISH FANTASY ASIENTO HINCHABLE"},"content":{"rendered":"<p>Fabuloso asiento hinchable de color negro con pene vibrador de 15cm., de la colecci\u00f3n FETISH FANTASY SERIES.<\/p>\n<p>Coge las riendas de tu vida! Con el pene vibrador anclado firmemente en el medio de este coj\u00edn hinchable, disfrutar\u00e1s de muchos momentos de placer ya que estar\u00e1 siempre listo para la acci\u00f3n!.<\/p>\n<ul>\n<li>100% Libre de phalatos<\/li>\n<li>MultiVelocidad<\/li>\n<\/ul>\n<p>Col\u00f3calo sobre una superficie plana, h\u00ednchalo, escoge la velocidad del vibrador id\u00f3nea para ti y empieza a sentir como te excita.<\/p>\n<p>Una vez que la diversi\u00f3n ha terminado, presiona la v\u00e1lvula para que se deshinche y gu\u00e1rdalo. Funciona con 2 pilas AA que no van incluidas.<\/p>\n<p>Este set contiene:<\/p>\n<ul>\n<li>Pene multivibrador.<\/li>\n<li>Asiento hinchable.<\/li>\n<li>M\u00e1scara de sat\u00e9n.<\/li>\n<li>Soporta 136 Kg.<\/li>\n<\/ul>\n","protected":false},"excerpt":{"rendered":"<p>FETISH FANTASY INFLATABLE LUV LOG<\/p>\n","protected":false},"featured_media":40775,"template":"","meta":[],"pwb-brand":[485,476],"product_brand":[],"product_cat":[423,283,282,274,294,299],"product_tag":[],"class_list":{"0":"post-7671","1":"product","2":"type-product","3":"status-publish","4":"has-post-thumbnail","6":"pwb-brand-pipedreams-fetish-fantasy-series","7":"pwb-brand-pipedreams","8":"product_cat-juguetes-sexuales-xxxfetish-bondagebdsm-accesorios","9":"product_cat-juguetes-sexuales-xxxcolumpios-muebles","10":"product_cat-juguetes-sexuales-xxxfetish-bondage","11":"product_cat-juguetes-sexuales-xxx","12":"product_cat-juguetes-sexuales-xxxmasturbadores-para-ellas","13":"product_cat-juguetes-sexuales-xxxvibradores","14":"post_count_is_0","15":"boutique_post_style_4","17":"first","18":"instock","19":"taxable","20":"shipping-taxable","21":"purchasable","22":"product-type-simple","23":"boutique_image_style_2"},"brands":[{"id":485,"name":"FETISH FANTASY SERIES","slug":"pipedreams-fetish-fantasy-series"},{"id":476,"name":"PIPEDREAMS","slug":"pipedreams"}],"_links":{"self":[{"href":"https:\/\/www.pussycatmerida.com\/eshop\/wp-json\/wp\/v2\/product\/7671","targetHints":{"allow":["GET"]}}],"collection":[{"href":"https:\/\/www.pussycatmerida.com\/eshop\/wp-json\/wp\/v2\/product"}],"about":[{"href":"https:\/\/www.pussycatmerida.com\/eshop\/wp-json\/wp\/v2\/types\/product"}],"wp:featuredmedia":[{"embeddable":true,"href":"https:\/\/www.pussycatmerida.com\/eshop\/wp-json\/wp\/v2\/media\/40775"}],"wp:attachment":[{"href":"https:\/\/www.pussycatmerida.com\/eshop\/wp-json\/wp\/v2\/media?parent=7671"}],"wp:term":[{"taxonomy":"pwb-brand","embeddable":true,"href":"https:\/\/www.pussycatmerida.com\/eshop\/wp-json\/wp\/v2\/pwb-brand?post=7671"},{"taxonomy":"product_brand","embeddable":true,"href":"https:\/\/www.pussycatmerida.com\/eshop\/wp-json\/wp\/v2\/product_brand?post=7671"},{"taxonomy":"product_cat","embeddable":true,"href":"https:\/\/www.pussycatmerida.com\/eshop\/wp-json\/wp\/v2\/product_cat?post=7671"},{"taxonomy":"product_tag","embeddable":true,"href":"https:\/\/www.pussycatmerida.com\/eshop\/wp-json\/wp\/v2\/product_tag?post=7671"}],"curies":[{"name":"wp","href":"https:\/\/api.w.org\/{rel}","templated":true}]}}