{"id":7760,"date":"2021-02-26T15:40:45","date_gmt":"2021-02-26T13:40:45","guid":{"rendered":"https:\/\/www.pussycatmerida.com\/eshop\/product\/pump-worx-bomba-de-succion-vibradora-para-principiantes\/"},"modified":"2026-03-11T12:27:56","modified_gmt":"2026-03-11T11:27:56","slug":"pump-worx-bomba-de-succion-vibradora-para-principiantes","status":"publish","type":"product","link":"https:\/\/www.pussycatmerida.com\/eshop\/producto\/pump-worx-bomba-de-succion-vibradora-para-principiantes\/","title":{"rendered":"PUMP WORX BOMBA DE SUCCION VIBRADORA PARA PRINCIPIANTES"},"content":{"rendered":"<p style=\"text-align: center;\"><embed allowfullscreen=\"true\" allowscriptaccess=\"always\" flashvars=\"controlbar=bottomnetstreambasepath=http%3A%2F%2Fwww.pipedreamproducts.com%2Ffile=http%3A%2F%2Fwww.pipedreamproducts.com%2Fpdtv_videos\/pdtvvideo_0000000158.m4vautostart=true\" height=\"304\" src=\"http:\/\/www.pipedreamproducts.com\/jwplayer\/player.swf\" width=\"650\"><\/embed><\/p>\n<p>Las duchas ya no ser\u00e1n lo mismo otra vez con la bomba de succi\u00f3n.<\/p>\n<p>Con cada apret\u00f3n que le des a la bomba de estilo m\u00e9dica, tu placer ira subiendo cada vez m\u00e1s hasta alcanzar el cielo del placer. Una vez que introduces tu pene por la apertura de PVC, ver\u00e1s como se pone dura como una piedra, r\u00edgida como un \u00e1rbol y m\u00e1s duradera que Matusal\u00e9n y a su vez la sensaci\u00f3n te va gustando m\u00e1s, y m\u00e1s y m\u00e1s&#8230;<\/p>\n<p>El tubo de vac\u00edo transparente, te permite ver crecer a tu grandull\u00f3n, y la v\u00e1lvula de liberaci\u00f3n r\u00e1pida te permite aliviar la presi\u00f3n.<\/p>\n<ul>\n<li>100% Libre de Phalatos.<\/li>\n<\/ul>\n<p>Gira el disco inferior de la base para activar las vibraciones y disfrutar de una estimulaci\u00f3n extra.<br \/>Para prolongar tu erecci\u00f3n, desliza el anillo a lo largo de tu miembro hasta que lo encuentres c\u00f3modo, pero ajustado.<\/p>\n<p>Una vez hayas terminado y para mantenerlo como si fuera nuevo, te recomendamos que simplemente separes el cilindro de la bomba de vac\u00edo y lo limpies con agua tibia y nuestro Pump Worx Toy Cleaner.<\/p>\n<ul>\n<li>Funciona con 2 pilas AA. Incluye muestras gratis de lubricante y limpiador de juguetes.<\/li>\n<li>Medidas: 18 cm x 5 cm.<\/li>\n<\/ul>\n","protected":false},"excerpt":{"rendered":"<p>PUMP WORX BEGINNERS VIBRATING SUCTION-CUP PUMP<\/p>\n","protected":false},"featured_media":53731,"template":"","meta":[],"pwb-brand":[476,844],"product_brand":[],"product_cat":[386,277,953,286,274,306],"product_tag":[],"class_list":{"0":"post-7760","1":"product","2":"type-product","3":"status-publish","4":"has-post-thumbnail","6":"pwb-brand-pipedreams","7":"pwb-brand-pipedreams-pump-worx","8":"product_cat-alargamiento-del-pene","9":"product_cat-juguetes-sexuales-xxxalargamiento-pene","10":"product_cat-bombas-de-ereccion","11":"product_cat-juguetes-sexuales-xxxdesarrolladores","12":"product_cat-juguetes-sexuales-xxx","13":"product_cat-juguetes-sexuales-xxxpara-el","14":"post_count_is_0","15":"boutique_post_style_4","17":"first","18":"instock","19":"taxable","20":"shipping-taxable","21":"purchasable","22":"product-type-simple","23":"boutique_image_style_2"},"brands":[{"id":476,"name":"PIPEDREAMS","slug":"pipedreams"},{"id":844,"name":"PUMP WORX","slug":"pipedreams-pump-worx"}],"_links":{"self":[{"href":"https:\/\/www.pussycatmerida.com\/eshop\/wp-json\/wp\/v2\/product\/7760","targetHints":{"allow":["GET"]}}],"collection":[{"href":"https:\/\/www.pussycatmerida.com\/eshop\/wp-json\/wp\/v2\/product"}],"about":[{"href":"https:\/\/www.pussycatmerida.com\/eshop\/wp-json\/wp\/v2\/types\/product"}],"wp:featuredmedia":[{"embeddable":true,"href":"https:\/\/www.pussycatmerida.com\/eshop\/wp-json\/wp\/v2\/media\/53731"}],"wp:attachment":[{"href":"https:\/\/www.pussycatmerida.com\/eshop\/wp-json\/wp\/v2\/media?parent=7760"}],"wp:term":[{"taxonomy":"pwb-brand","embeddable":true,"href":"https:\/\/www.pussycatmerida.com\/eshop\/wp-json\/wp\/v2\/pwb-brand?post=7760"},{"taxonomy":"product_brand","embeddable":true,"href":"https:\/\/www.pussycatmerida.com\/eshop\/wp-json\/wp\/v2\/product_brand?post=7760"},{"taxonomy":"product_cat","embeddable":true,"href":"https:\/\/www.pussycatmerida.com\/eshop\/wp-json\/wp\/v2\/product_cat?post=7760"},{"taxonomy":"product_tag","embeddable":true,"href":"https:\/\/www.pussycatmerida.com\/eshop\/wp-json\/wp\/v2\/product_tag?post=7760"}],"curies":[{"name":"wp","href":"https:\/\/api.w.org\/{rel}","templated":true}]}}