{"id":8370,"date":"2021-02-24T14:56:54","date_gmt":"2021-02-24T12:56:54","guid":{"rendered":"https:\/\/www.pussycatmerida.com\/eshop\/product\/fetish-fantasy-gold-arnes-diseno\/"},"modified":"2026-03-11T12:38:31","modified_gmt":"2026-03-11T11:38:31","slug":"fetish-fantasy-gold-arnes-diseno","status":"publish","type":"product","link":"https:\/\/www.pussycatmerida.com\/eshop\/producto\/fetish-fantasy-gold-arnes-diseno\/","title":{"rendered":"FETISH FANTASY GOLD ARNES DISE\u00d1O"},"content":{"rendered":"<p style=\"text-align: center;\"><embed allowfullscreen=\"true\" allowscriptaccess=\"always\" flashvars=\"controlbar=bottomnetstreambasepath=http%3A%2F%2Fwww.pipedreamproducts.com%2Ffile=http%3A%2F%2Fwww.pipedreamproducts.com%2Fpdtv_videos\/pdtvvideo_0000000217.m4vautostart=true\" height=\"304\" src=\"http:\/\/www.pipedreamproducts.com\/jwplayer\/player.swf\" width=\"700\"><\/embed><\/p>\n<p>Experimenta la emoci\u00f3n de tener el control con este delicioso y lujoso arn\u00e9s. Fabricado con firme pero flexible PVC y l\u00e1tex, este cl\u00e1sico arn\u00e9s es ideal para aquellos que se que aman los juegos de arn\u00e9s.<\/p>\n<p>El cintur\u00f3n es el\u00e1stico y se ajusta a la mayor\u00eda de las tallas, mientras que el arn\u00e9s de suave vinilo permaneces en su lugar cuando el ambiente se calienta.<\/p>\n<p>El arn\u00e9s Designer Strap-on gracias a su forma con punta c\u00f3nica hace f\u00e1cil la penetraci\u00f3n para los principiantes y divertido para todos.<\/p>\n<ul>\n<li>100% Libre de phalatos<\/li>\n<\/ul>\n<p>Lo mejor de todo es la facilidad para limpiarlo simplemente utilizando el limpiador Pipedream Toy Cleaner y agua tibia.<\/p>\n","protected":false},"excerpt":{"rendered":"<p>FETISH FANTASY GOLD DESIGNER STRAP-ON<\/p>\n","protected":false},"featured_media":34480,"template":"","meta":[],"pwb-brand":[526,476],"product_brand":[],"product_cat":[278,274],"product_tag":[],"class_list":{"0":"post-8370","1":"product","2":"type-product","3":"status-publish","4":"has-post-thumbnail","6":"pwb-brand-pipedreams-fetish-fantasy-gold","7":"pwb-brand-pipedreams","8":"product_cat-juguetes-sexuales-xxxarneses","9":"product_cat-juguetes-sexuales-xxx","10":"post_count_is_0","11":"boutique_post_style_4","13":"first","14":"instock","15":"taxable","16":"shipping-taxable","17":"purchasable","18":"product-type-simple","19":"boutique_image_style_2"},"brands":[{"id":526,"name":"FETISH FANTASY GOLD","slug":"pipedreams-fetish-fantasy-gold"},{"id":476,"name":"PIPEDREAMS","slug":"pipedreams"}],"_links":{"self":[{"href":"https:\/\/www.pussycatmerida.com\/eshop\/wp-json\/wp\/v2\/product\/8370","targetHints":{"allow":["GET"]}}],"collection":[{"href":"https:\/\/www.pussycatmerida.com\/eshop\/wp-json\/wp\/v2\/product"}],"about":[{"href":"https:\/\/www.pussycatmerida.com\/eshop\/wp-json\/wp\/v2\/types\/product"}],"wp:featuredmedia":[{"embeddable":true,"href":"https:\/\/www.pussycatmerida.com\/eshop\/wp-json\/wp\/v2\/media\/34480"}],"wp:attachment":[{"href":"https:\/\/www.pussycatmerida.com\/eshop\/wp-json\/wp\/v2\/media?parent=8370"}],"wp:term":[{"taxonomy":"pwb-brand","embeddable":true,"href":"https:\/\/www.pussycatmerida.com\/eshop\/wp-json\/wp\/v2\/pwb-brand?post=8370"},{"taxonomy":"product_brand","embeddable":true,"href":"https:\/\/www.pussycatmerida.com\/eshop\/wp-json\/wp\/v2\/product_brand?post=8370"},{"taxonomy":"product_cat","embeddable":true,"href":"https:\/\/www.pussycatmerida.com\/eshop\/wp-json\/wp\/v2\/product_cat?post=8370"},{"taxonomy":"product_tag","embeddable":true,"href":"https:\/\/www.pussycatmerida.com\/eshop\/wp-json\/wp\/v2\/product_tag?post=8370"}],"curies":[{"name":"wp","href":"https:\/\/api.w.org\/{rel}","templated":true}]}}