{"id":8384,"date":"2021-02-24T14:30:22","date_gmt":"2021-02-24T12:30:22","guid":{"rendered":"https:\/\/www.pussycatmerida.com\/eshop\/product\/fetish-fantasy-arnes-para-principiantes\/"},"modified":"2026-03-11T12:26:00","modified_gmt":"2026-03-11T11:26:00","slug":"fetish-fantasy-arnes-para-principiantes","status":"publish","type":"product","link":"https:\/\/www.pussycatmerida.com\/eshop\/producto\/fetish-fantasy-arnes-para-principiantes\/","title":{"rendered":"FETISH FANTASY ARN\u00c9S PARA PRINCIPIANTES"},"content":{"rendered":"<p style=\"text-align: center;\"><embed allowfullscreen=\"true\" allowscriptaccess=\"always\" flashvars=\"controlbar=bottomnetstreambasepath=http%3A%2F%2Fwww.pipedreamproducts.com%2Ffile=http%3A%2F%2Fwww.pipedreamproducts.com%2Fpdtv_videos\/pdtvvideo_0000000218.m4vautostart=true\" height=\"204\" src=\"http:\/\/www.pipedreamproducts.com\/jwplayer\/player.swf\" width=\"650\"><\/embed><\/p>\n<p>Cuando necesitas un arn\u00e9s que mantenga todo en su lugar para los trabajos duros, este arn\u00e9s universal es la \u00fanica soluci\u00f3n y la \u00fanica opci\u00f3n de obtener resultados satisfactorios.<\/p>\n<p>Dise\u00f1ado para soportar juegos fetichistas extremos, este arn\u00e9s cuenta con cintas ajustables y una anilla de silicona el\u00e1stica en la junta t\u00f3rica.<\/p>\n<p>El arn\u00e9s universal se adapta a una gran variedad de dildos y est\u00e1 hecho para jugar duro!<\/p>\n<p>Adelante, ponte a dar placer con este maravilloso arn\u00e9s! Su dise\u00f1o se adapta c\u00f3modamente a los contornos de tu cuerpo, lo que te permite moverte libremente y de forma flexible sin ninguna molestia.<\/p>\n<p>Con el uso, se va adaptando a\u00fan m\u00e1s a la forma de tu cuerpo, por lo que lo sentir\u00e1s a\u00fan m\u00e1s c\u00f3modo y placentero.<\/p>\n<ul>\n<li>Suave arn\u00e9s de neopreno , respeta t\u00fa cuerpo. Perfecto para principantes .<\/li>\n<li>Para limpiar el arn\u00e9s solamente debes hacerlo a mano y dejarlo secar sobre una superficie plana.<\/li>\n<li>Se adapta al tama\u00f1o de la cintura hasta 112 cm y hasta 102 cm de muslo.<\/li>\n<li>No incluye dildo.<\/li>\n<\/ul>\n<p>\u00a0<\/p>\n","protected":false},"excerpt":{"rendered":"<p>FETISH FANTASY BEGINNER&#8217;S HARNESS<\/p>\n","protected":false},"featured_media":33392,"template":"","meta":[],"pwb-brand":[490,476],"product_brand":[],"product_cat":[278,274],"product_tag":[],"class_list":{"0":"post-8384","1":"product","2":"type-product","3":"status-publish","4":"has-post-thumbnail","6":"pwb-brand-pipedreams-harness-collection","7":"pwb-brand-pipedreams","8":"product_cat-juguetes-sexuales-xxxarneses","9":"product_cat-juguetes-sexuales-xxx","10":"post_count_is_0","11":"boutique_post_style_4","13":"first","14":"instock","15":"taxable","16":"shipping-taxable","17":"purchasable","18":"product-type-simple","19":"boutique_image_style_2"},"brands":[{"id":490,"name":"HARNESS COLLECTION","slug":"pipedreams-harness-collection"},{"id":476,"name":"PIPEDREAMS","slug":"pipedreams"}],"_links":{"self":[{"href":"https:\/\/www.pussycatmerida.com\/eshop\/wp-json\/wp\/v2\/product\/8384","targetHints":{"allow":["GET"]}}],"collection":[{"href":"https:\/\/www.pussycatmerida.com\/eshop\/wp-json\/wp\/v2\/product"}],"about":[{"href":"https:\/\/www.pussycatmerida.com\/eshop\/wp-json\/wp\/v2\/types\/product"}],"wp:featuredmedia":[{"embeddable":true,"href":"https:\/\/www.pussycatmerida.com\/eshop\/wp-json\/wp\/v2\/media\/33392"}],"wp:attachment":[{"href":"https:\/\/www.pussycatmerida.com\/eshop\/wp-json\/wp\/v2\/media?parent=8384"}],"wp:term":[{"taxonomy":"pwb-brand","embeddable":true,"href":"https:\/\/www.pussycatmerida.com\/eshop\/wp-json\/wp\/v2\/pwb-brand?post=8384"},{"taxonomy":"product_brand","embeddable":true,"href":"https:\/\/www.pussycatmerida.com\/eshop\/wp-json\/wp\/v2\/product_brand?post=8384"},{"taxonomy":"product_cat","embeddable":true,"href":"https:\/\/www.pussycatmerida.com\/eshop\/wp-json\/wp\/v2\/product_cat?post=8384"},{"taxonomy":"product_tag","embeddable":true,"href":"https:\/\/www.pussycatmerida.com\/eshop\/wp-json\/wp\/v2\/product_tag?post=8384"}],"curies":[{"name":"wp","href":"https:\/\/api.w.org\/{rel}","templated":true}]}}