{"id":8519,"date":"2021-02-26T10:37:43","date_gmt":"2021-02-26T08:37:43","guid":{"rendered":"https:\/\/www.pussycatmerida.com\/eshop\/product\/pretty-love-flirtation-gene-con-vibracion-por-voz\/"},"modified":"2026-03-11T12:28:01","modified_gmt":"2026-03-11T11:28:01","slug":"pretty-love-flirtation-gene-con-vibracion-por-voz","status":"publish","type":"product","link":"https:\/\/www.pussycatmerida.com\/eshop\/producto\/pretty-love-flirtation-gene-con-vibracion-por-voz\/","title":{"rendered":"PRETTY LOVE FLIRTATION &#8211; GENE CON VIBRACION POR VOZ"},"content":{"rendered":"<p>Gena incorpora alta tecnologia en su interior con resultados excelentes en su exterior, dispone del sistema voice en el que simplemente hablandole comenzar\u00e1 a vibrar si as\u00ed lo deseas y activas esta funci\u00f3n, en su exterior gracias\u00a0 al revolucionario material silicona Pretty Love es suave y sedoso con vibraciones pulsantes.<\/p>\n<p>Gena har\u00e1 que alcances profundamente sus vibraciones pulsantes en tu interior, estimulando todos tus sentidos, incorpora estimulador de clitorias ergon\u00f3mico en forma de conejito rampante y<\/p>\n<p>Sus principales caracteristicas son;<\/p>\n<ul>\n<li>100% Silicona aprobada por la FDA<\/li>\n<li>Sistem Control Voice ( Vibra al sonido de tu voz)<\/li>\n<li>Estimulador de clitoris rampante<\/li>\n<li>30 Funciones de Vibraci\u00f3n<\/li>\n<li>Sumergible, apto para la ducha<\/li>\n<li>Vibraci\u00f3n silenciosa y potente<\/li>\n<li>2 Motores internos.<\/li>\n<li>Suave y Sedoso con un estimulador de clitoris potente.<\/li>\n<li>Led rojo de retroiluminacion en sus pulsadores de facil uso.<\/li>\n<\/ul>\n<p>Los patrones de vibraci\u00f3n son de facil uso y dispone de hasta 30 modos distintos, utilizando la parte que mas deseas en el momento que prefieras.<\/p>\n<p>Medidas: 3.4 cm x 20.5 cm.<br \/>\u00a0<\/p>\n<p>Funciona con dos baterias AAA \/ no incluidas que podr\u00e1s encontrar en la secci\u00f3n Pilas.<\/p>\n<p>Pretty Love fabrica productos con exigentes normas de calidad, todos sus productos estan dise\u00f1ados en Estados Unidos y tienen 1 a\u00f1o de garant\u00eda en defectos tecnicos.<\/p>\n","protected":false},"excerpt":{"rendered":"<p>PRETTY LOVE FLIRTATION &#8211; GENE CON VIBRACION POR VOZ<\/p>\n","protected":false},"featured_media":38348,"template":"","meta":[],"pwb-brand":[509,213],"product_brand":[],"product_cat":[274,294,299,905],"product_tag":[],"class_list":{"0":"post-8519","1":"product","2":"type-product","3":"status-publish","4":"has-post-thumbnail","6":"pwb-brand-pretty-loveflirtation","7":"pwb-brand-pretty-love","8":"product_cat-juguetes-sexuales-xxx","9":"product_cat-juguetes-sexuales-xxxmasturbadores-para-ellas","10":"product_cat-juguetes-sexuales-xxxvibradores","11":"product_cat-vibradores-dobles","12":"post_count_is_0","13":"boutique_post_style_4","15":"first","16":"instock","17":"taxable","18":"shipping-taxable","19":"purchasable","20":"product-type-simple","21":"boutique_image_style_2"},"brands":[{"id":509,"name":"FLIRTATION","slug":"pretty-loveflirtation"},{"id":213,"name":"PRETTY LOVE","slug":"pretty-love"}],"_links":{"self":[{"href":"https:\/\/www.pussycatmerida.com\/eshop\/wp-json\/wp\/v2\/product\/8519","targetHints":{"allow":["GET"]}}],"collection":[{"href":"https:\/\/www.pussycatmerida.com\/eshop\/wp-json\/wp\/v2\/product"}],"about":[{"href":"https:\/\/www.pussycatmerida.com\/eshop\/wp-json\/wp\/v2\/types\/product"}],"wp:featuredmedia":[{"embeddable":true,"href":"https:\/\/www.pussycatmerida.com\/eshop\/wp-json\/wp\/v2\/media\/38348"}],"wp:attachment":[{"href":"https:\/\/www.pussycatmerida.com\/eshop\/wp-json\/wp\/v2\/media?parent=8519"}],"wp:term":[{"taxonomy":"pwb-brand","embeddable":true,"href":"https:\/\/www.pussycatmerida.com\/eshop\/wp-json\/wp\/v2\/pwb-brand?post=8519"},{"taxonomy":"product_brand","embeddable":true,"href":"https:\/\/www.pussycatmerida.com\/eshop\/wp-json\/wp\/v2\/product_brand?post=8519"},{"taxonomy":"product_cat","embeddable":true,"href":"https:\/\/www.pussycatmerida.com\/eshop\/wp-json\/wp\/v2\/product_cat?post=8519"},{"taxonomy":"product_tag","embeddable":true,"href":"https:\/\/www.pussycatmerida.com\/eshop\/wp-json\/wp\/v2\/product_tag?post=8519"}],"curies":[{"name":"wp","href":"https:\/\/api.w.org\/{rel}","templated":true}]}}