{"id":8527,"date":"2021-02-26T10:37:48","date_gmt":"2021-02-26T08:37:48","guid":{"rendered":"https:\/\/www.pussycatmerida.com\/eshop\/product\/pretty-love-flirtation-vibrador-taylor\/"},"modified":"2026-03-11T12:28:02","modified_gmt":"2026-03-11T11:28:02","slug":"pretty-love-flirtation-vibrador-taylor","status":"publish","type":"product","link":"https:\/\/www.pussycatmerida.com\/eshop\/producto\/pretty-love-flirtation-vibrador-taylor\/","title":{"rendered":"PRETTY LOVE FLIRTATION &#8211; VIBRADOR TAYLOR"},"content":{"rendered":"<p>Taylor har\u00e1 que alcances profundamente sus vibraciones pulsantes en tu interior, estimulando tu clitoris y vagina al mismo tiempo, sus principales caracteristicas son;<\/p>\n<ul>\n<li>100% Silicona aprobada por la FDA<\/li>\n<li>10 Funciones de Vibraci\u00f3n<\/li>\n<li>Vibraci\u00f3n silenciosa y potente<\/li>\n<li>Suave y Sedoso con un estimulador de clitoris potente.<\/li>\n<li>Facil extracci\u00f3n gracias\u00a0 a su dise\u00f1o.<\/li>\n<li>Medidas;\u00a0 3.5 cm ancho x 11 cm de largo.<\/li>\n<li>Incluye practica bolsa de tela para guardar el producto despues de su uso.<\/li>\n<li>Funciona con 1 bateria AAA no incluida que puedes encontrar en la seccion Pilas.<\/li>\n<\/ul>\n<p>Los patrones de vibraci\u00f3n son de facil uso y dispone de hasta 10 modos distintos, utilizando la parte que mas deseas en el momento que prefieras.<br \/>Pretty Love fabrica productos con exigentes normas de calidad, todos sus productos estan dise\u00f1ados en Estados Unidos y tienen 1 a\u00f1o de garant\u00eda en defectos tecnicos.<\/p>\n","protected":false},"excerpt":{"rendered":"<p>PRETTY LOVE FLIRTATION  TAYLOR VIBRATOR PURPLE<\/p>\n","protected":false},"featured_media":38367,"template":"","meta":[],"pwb-brand":[509,213],"product_brand":[],"product_cat":[280,288,274,294,300,299,907],"product_tag":[],"class_list":{"0":"post-8527","1":"product","2":"type-product","3":"status-publish","4":"has-post-thumbnail","6":"pwb-brand-pretty-loveflirtation","7":"pwb-brand-pretty-love","8":"product_cat-juguetes-sexuales-xxxanal","9":"product_cat-juguetes-sexuales-xxxestimuladores","10":"product_cat-juguetes-sexuales-xxx","11":"product_cat-juguetes-sexuales-xxxmasturbadores-para-ellas","12":"product_cat-juguetes-sexuales-xxxplugs-anales","13":"product_cat-juguetes-sexuales-xxxvibradores","14":"product_cat-vibradores-anales","15":"post_count_is_0","16":"boutique_post_style_4","18":"first","19":"instock","20":"taxable","21":"shipping-taxable","22":"purchasable","23":"product-type-simple","24":"boutique_image_style_2"},"brands":[{"id":509,"name":"FLIRTATION","slug":"pretty-loveflirtation"},{"id":213,"name":"PRETTY LOVE","slug":"pretty-love"}],"_links":{"self":[{"href":"https:\/\/www.pussycatmerida.com\/eshop\/wp-json\/wp\/v2\/product\/8527","targetHints":{"allow":["GET"]}}],"collection":[{"href":"https:\/\/www.pussycatmerida.com\/eshop\/wp-json\/wp\/v2\/product"}],"about":[{"href":"https:\/\/www.pussycatmerida.com\/eshop\/wp-json\/wp\/v2\/types\/product"}],"wp:featuredmedia":[{"embeddable":true,"href":"https:\/\/www.pussycatmerida.com\/eshop\/wp-json\/wp\/v2\/media\/38367"}],"wp:attachment":[{"href":"https:\/\/www.pussycatmerida.com\/eshop\/wp-json\/wp\/v2\/media?parent=8527"}],"wp:term":[{"taxonomy":"pwb-brand","embeddable":true,"href":"https:\/\/www.pussycatmerida.com\/eshop\/wp-json\/wp\/v2\/pwb-brand?post=8527"},{"taxonomy":"product_brand","embeddable":true,"href":"https:\/\/www.pussycatmerida.com\/eshop\/wp-json\/wp\/v2\/product_brand?post=8527"},{"taxonomy":"product_cat","embeddable":true,"href":"https:\/\/www.pussycatmerida.com\/eshop\/wp-json\/wp\/v2\/product_cat?post=8527"},{"taxonomy":"product_tag","embeddable":true,"href":"https:\/\/www.pussycatmerida.com\/eshop\/wp-json\/wp\/v2\/product_tag?post=8527"}],"curies":[{"name":"wp","href":"https:\/\/api.w.org\/{rel}","templated":true}]}}