{"id":88188,"date":"2022-02-10T13:56:04","date_gmt":"2022-02-10T12:56:04","guid":{"rendered":"https:\/\/www.pussycatmerida.com\/eshop\/?post_type=product&#038;p=88188"},"modified":"2022-02-10T13:56:09","modified_gmt":"2022-02-10T12:56:09","slug":"intense-estimulador-clitoris-10-modos-de-succion-y-licking-rojo","status":"publish","type":"product","link":"https:\/\/www.pussycatmerida.com\/eshop\/producto\/intense-estimulador-clitoris-10-modos-de-succion-y-licking-rojo\/","title":{"rendered":"INTENSE ESTIMULADOR CLITORIS 10 MODOS DE SUCCI\u00d3N Y LICKING &#8211; ROJO"},"content":{"rendered":"<p>\u00a1Dejen paso a su majestad! \u00a1El rey del placer est\u00e1 aqu\u00ed! El juguete que toda reina debe tener por fin ha llegado y \u00a1viene directo a conquistar tu coraz\u00f3n! <\/p>\n<p>Este estimulador de cl\u00edtoris con su tacto super suave, sus 10 modos de succi\u00f3n y 10 de licking y la posibilidad de que puedas usarlo adem\u00e1s en la ducha, lo convierten sin lugar a dudas en la joya de la corona. <\/p>\n<p>    Estimulador de cl\u00edtoris<br \/>\n    10 modos de succi\u00f3n<br \/>\n    10 modos de licking<br \/>\n    Resistente al agua, perfecto para sesiones en el ba\u00f1o<br \/>\n    Libre de ftalatos<br \/>\n    USB recargable<br \/>\n    Silicona super suave hipoalerg\u00e9nica<\/p>\n<p>\u00a1Larga vida al rey!<\/p>\n","protected":false},"excerpt":{"rendered":"<p>\u00a1Dejen paso a su majestad! \u00a1El rey del placer est\u00e1 aqu\u00ed! El juguete que toda reina debe tener por fin ha llegado y \u00a1viene directo a conquistar tu coraz\u00f3n! <\/p>\n<p>Este estimulador de cl\u00edtoris con su tacto super suave, sus 10 modos de succi\u00f3n y 10 de licking y la posibilidad de que puedas usarlo adem\u00e1s en la ducha, lo convierten sin lugar a dudas en la joya de la corona. <\/p>\n","protected":false},"featured_media":88258,"template":"","meta":[],"pwb-brand":[146,518,465],"product_brand":[],"product_cat":[288,274,434],"product_tag":[],"class_list":{"0":"post-88188","1":"product","2":"type-product","3":"status-publish","4":"has-post-thumbnail","6":"pwb-brand-intense","7":"pwb-brand-intenseintense-toysintense-fun","8":"pwb-brand-intenseintense-toys","9":"product_cat-juguetes-sexuales-xxxestimuladores","10":"product_cat-juguetes-sexuales-xxx","11":"product_cat-juguetes-sexuales-xxxestimuladorespara-clitoris","12":"post_count_is_0","13":"boutique_post_style_4","15":"first","16":"instock","17":"taxable","18":"shipping-taxable","19":"purchasable","20":"product-type-simple","21":"boutique_image_style_2"},"brands":[{"id":146,"name":"INTENSE","slug":"intense"},{"id":518,"name":"INTENSE FUN","slug":"intenseintense-toysintense-fun"},{"id":465,"name":"INTENSE TOYS","slug":"intenseintense-toys"}],"_links":{"self":[{"href":"https:\/\/www.pussycatmerida.com\/eshop\/wp-json\/wp\/v2\/product\/88188","targetHints":{"allow":["GET"]}}],"collection":[{"href":"https:\/\/www.pussycatmerida.com\/eshop\/wp-json\/wp\/v2\/product"}],"about":[{"href":"https:\/\/www.pussycatmerida.com\/eshop\/wp-json\/wp\/v2\/types\/product"}],"wp:featuredmedia":[{"embeddable":true,"href":"https:\/\/www.pussycatmerida.com\/eshop\/wp-json\/wp\/v2\/media\/88258"}],"wp:attachment":[{"href":"https:\/\/www.pussycatmerida.com\/eshop\/wp-json\/wp\/v2\/media?parent=88188"}],"wp:term":[{"taxonomy":"pwb-brand","embeddable":true,"href":"https:\/\/www.pussycatmerida.com\/eshop\/wp-json\/wp\/v2\/pwb-brand?post=88188"},{"taxonomy":"product_brand","embeddable":true,"href":"https:\/\/www.pussycatmerida.com\/eshop\/wp-json\/wp\/v2\/product_brand?post=88188"},{"taxonomy":"product_cat","embeddable":true,"href":"https:\/\/www.pussycatmerida.com\/eshop\/wp-json\/wp\/v2\/product_cat?post=88188"},{"taxonomy":"product_tag","embeddable":true,"href":"https:\/\/www.pussycatmerida.com\/eshop\/wp-json\/wp\/v2\/product_tag?post=88188"}],"curies":[{"name":"wp","href":"https:\/\/api.w.org\/{rel}","templated":true}]}}