{"id":8954,"date":"2021-02-26T14:25:35","date_gmt":"2021-02-26T12:25:35","guid":{"rendered":"https:\/\/www.pussycatmerida.com\/eshop\/product\/bijoux-balsamo-intensificador-orgasmos-para-ella\/"},"modified":"2026-03-11T12:38:41","modified_gmt":"2026-03-11T11:38:41","slug":"bijoux-balsamo-intensificador-orgasmos-para-ella","status":"publish","type":"product","link":"https:\/\/www.pussycatmerida.com\/eshop\/producto\/bijoux-balsamo-intensificador-orgasmos-para-ella\/","title":{"rendered":"BIJOUX BALSAMO INTENSIFICADOR ORGASMOS PARA ELLA"},"content":{"rendered":"<p>B\u00e1lsamo clitoriano intensificador del deseo y de los orgasmos femeninos perfumado con la esencia de Bijoux Indiscrets. Se apodera de tus sentidos convirtiendo el cl\u00edmax en un verdadero placer org\u00e1smico.<\/p>\n<p>C\u00e9ntrate en lo que de verdad importa: \u00a1tu placer!<\/p>\n<ul>\n<li>Contenido: B\u00e1lsamo clitoriano intensificador del orgasmo femenino perfumado con la esencia de Bijoux Indiscrets (13 ml).<\/li>\n<\/ul>\n<p>Con un par de gotas del b\u00e1lsamo en la punta de tus dedos, masajea con suavidad la zona del cl\u00edtoris. Los efectos de Aphrodisia se hacen notar pasados unos minutos aumentando la sensibilidad y la micro circulaci\u00f3n en la zona para que alcances orgasmos m\u00e1s intensos y frecuentes. Entretanto, c\u00e9ntrate en tu placer y disfruta del juego.<\/p>\n<p>Bijoux es simbolo de placer , erotismo y sensualidad, fabrican productos clave para el mejor climax en tus momentos intimos.<\/p>\n<p>La imaginaci\u00f3n est\u00e1 presente en todos los aspectos de la vida, pero cobra especial relevancia en los momentos de intimidad. En Bijoux Indiscrets, sabemos lo importante que son las fantas\u00edas y el juego en las relaciones.<\/p>\n<p>Por eso, cada uno de nuestros productos esconde una idea, una historia y un secreto que los dota de personalidad, haci\u00e9ndolos \u00fanicos.<\/p>\n<p>Bienvenidos al mundo secreto de Bijoux Indiscrets.<\/p>\n<ul>\n<li>El origen del Nombre Bijoux Indiscrets!<\/li>\n<\/ul>\n<p>\u201cLes Bijoux Indiscrets\u201d es\u00a0 la novela er\u00f3tica escrita por\u00a0 Denis Diderot, en el\u00a0 s.XVIII, en la que sus personajes viven en un mundo on\u00edrico repleto de erotismo y fantas\u00eda. A esa otra realidad, acceden gracias a un anillo m\u00e1gico. Y es, precisamente, ese \u201canillo m\u00e1gico\u201d el que preside\u00a0\u00a0 nuestro nombre, y esperamos nos guie, para poder conducir tambi\u00e9n a todos nuestros clientes hasta ese otro mundo lleno de placeres y sensuales aventuras.<\/p>\n<p style=\"text-align: center;\"><iframe loading=\"lazy\" allowfullscreen=\"\" frameborder=\"0\" height=\"300\" scrolling=\"no\" src=\"https:\/\/www.youtube.com\/embed\/jqFzr6UwdYc?rel=0controls=0showinfo=0\" width=\"800\"><\/iframe><\/p>\n<p style=\"text-align: center;\"><iframe loading=\"lazy\" allowfullscreen=\"\" frameborder=\"0\" height=\"300\" scrolling=\"no\" src=\"https:\/\/www.youtube.com\/embed\/hwTvgJD65as?rel=0controls=0showinfo=0\" width=\"800\"><\/iframe><\/p>\n","protected":false},"excerpt":{"rendered":"<p>BIJOUX INTENSIFIER BALSAM FOR HER<\/p>\n","protected":false},"featured_media":46735,"template":"","meta":[],"pwb-brand":[51,758],"product_brand":[],"product_cat":[337,359,361,330,362,334],"product_tag":[],"class_list":{"0":"post-8954","1":"product","2":"type-product","3":"status-publish","4":"has-post-thumbnail","6":"pwb-brand-bijoux-indiscrets","7":"pwb-brand-bijoux-indiscretsbijoux-love-cosmetiques","8":"product_cat-aceites-y-lubricantes","9":"product_cat-aceites-y-lubricantesorgasmo-femenino","10":"product_cat-aceites-y-lubricantesorgasmo-femeninopotenciador-orgasmo-femenino","11":"product_cat-afrodisiacospotenciadores","12":"product_cat-afrodisiacospunto-g","13":"product_cat-afrodisiacossensibilizantes","14":"post_count_is_0","15":"boutique_post_style_4","17":"first","18":"instock","19":"taxable","20":"shipping-taxable","21":"purchasable","22":"product-type-simple","23":"boutique_image_style_2"},"brands":[{"id":51,"name":"BIJOUX INDISCRETS","slug":"bijoux-indiscrets"},{"id":758,"name":"BIJOUX LOVE COSMETIQUES","slug":"bijoux-indiscretsbijoux-love-cosmetiques"}],"_links":{"self":[{"href":"https:\/\/www.pussycatmerida.com\/eshop\/wp-json\/wp\/v2\/product\/8954","targetHints":{"allow":["GET"]}}],"collection":[{"href":"https:\/\/www.pussycatmerida.com\/eshop\/wp-json\/wp\/v2\/product"}],"about":[{"href":"https:\/\/www.pussycatmerida.com\/eshop\/wp-json\/wp\/v2\/types\/product"}],"wp:featuredmedia":[{"embeddable":true,"href":"https:\/\/www.pussycatmerida.com\/eshop\/wp-json\/wp\/v2\/media\/46735"}],"wp:attachment":[{"href":"https:\/\/www.pussycatmerida.com\/eshop\/wp-json\/wp\/v2\/media?parent=8954"}],"wp:term":[{"taxonomy":"pwb-brand","embeddable":true,"href":"https:\/\/www.pussycatmerida.com\/eshop\/wp-json\/wp\/v2\/pwb-brand?post=8954"},{"taxonomy":"product_brand","embeddable":true,"href":"https:\/\/www.pussycatmerida.com\/eshop\/wp-json\/wp\/v2\/product_brand?post=8954"},{"taxonomy":"product_cat","embeddable":true,"href":"https:\/\/www.pussycatmerida.com\/eshop\/wp-json\/wp\/v2\/product_cat?post=8954"},{"taxonomy":"product_tag","embeddable":true,"href":"https:\/\/www.pussycatmerida.com\/eshop\/wp-json\/wp\/v2\/product_tag?post=8954"}],"curies":[{"name":"wp","href":"https:\/\/api.w.org\/{rel}","templated":true}]}}