{"id":8963,"date":"2021-03-01T10:48:57","date_gmt":"2021-03-01T08:48:57","guid":{"rendered":"https:\/\/www.pussycatmerida.com\/eshop\/product\/bijoux-aceite-masaje-efecto-calor-aroma-caramelo\/"},"modified":"2026-03-11T12:26:29","modified_gmt":"2026-03-11T11:26:29","slug":"bijoux-aceite-masaje-efecto-calor-aroma-caramelo","status":"publish","type":"product","link":"https:\/\/www.pussycatmerida.com\/eshop\/producto\/bijoux-aceite-masaje-efecto-calor-aroma-caramelo\/","title":{"rendered":"BIJOUX ACEITE MASAJE EFECTO CALOR AROMA CARAMELO"},"content":{"rendered":"<p>Sube la temperatura y sucumbe al deseo con el efecto calor de este aceite de masaje al caramelo.<\/p>\n<ul>\n<li>Contenido: Aceite de masaje efecto calor con aroma a caramelo salado (100 ml).<\/li>\n<\/ul>\n<p>Enciende el fuego de la pasi\u00f3n: con unas gotas de aceite comienza a masajear con movimientos circulares por todo el cuerpo. El roce activa y potencia el efecto calor del aceite. Finaliza el masaje con besos o soplando sobre la piel para avivar el efecto calor.<\/p>\n<p>Bijoux es simbolo de placer , erotismo y sensualidad, fabrican productos clave para el mejor climax en tus momentos intimos.<\/p>\n<p>La imaginaci\u00f3n est\u00e1 presente en todos los aspectos de la vida, pero cobra especial relevancia en los momentos de intimidad. En Bijoux Indiscrets, sabemos lo importante que son las fantas\u00edas y el juego en las relaciones.<\/p>\n<p>Por eso, cada uno de nuestros productos esconde una idea, una historia y un secreto que los dota de personalidad, haci\u00e9ndolos \u00fanicos.<\/p>\n<p>Bienvenidos al mundo secreto de Bijoux Indiscrets.<\/p>\n<ul>\n<li>El origen del Nombre Bijoux Indiscrets!<\/li>\n<\/ul>\n<p>\u201cLes Bijoux Indiscrets\u201d es\u00a0 la novela er\u00f3tica escrita por\u00a0 Denis Diderot, en el\u00a0 s.XVIII, en la que sus personajes viven en un mundo on\u00edrico repleto de erotismo y fantas\u00eda. A esa otra realidad, acceden gracias a un anillo m\u00e1gico. Y es, precisamente, ese \u201canillo m\u00e1gico\u201d el que preside\u00a0\u00a0 nuestro nombre, y esperamos nos guie, para poder conducir tambi\u00e9n a todos nuestros clientes hasta ese otro mundo lleno de placeres y sensuales aventuras.<\/p>\n<p style=\"text-align: center;\"><iframe loading=\"lazy\" src=\"https:\/\/www.youtube.com\/embed\/hwTvgJD65as?rel=0controls=0showinfo=0\" width=\"800\" height=\"300\" frameborder=\"0\" scrolling=\"no\" allowfullscreen=\"allowfullscreen\"><\/iframe><\/p>\n","protected":false},"excerpt":{"rendered":"<p>LIGHT MY FIRE SOFT CARAMEL WARMING OIL<\/p>\n","protected":false},"featured_media":58331,"template":"","meta":[],"pwb-brand":[51,758],"product_brand":[],"product_cat":[342,337,351,356],"product_tag":[],"class_list":{"0":"post-8963","1":"product","2":"type-product","3":"status-publish","4":"has-post-thumbnail","6":"pwb-brand-bijoux-indiscrets","7":"pwb-brand-bijoux-indiscretsbijoux-love-cosmetiques","8":"product_cat-aceites-y-lubricantesaceites-y-cremas-de-masaje","9":"product_cat-aceites-y-lubricantes","10":"product_cat-aceites-y-lubricantesaceites-y-cremas-de-masajecon-efecto-calor","11":"product_cat-aceites-y-lubricantesaceites-y-cremas-de-masajeefecto-afrodisiaco","12":"post_count_is_0","13":"boutique_post_style_4","15":"first","16":"instock","17":"taxable","18":"shipping-taxable","19":"purchasable","20":"product-type-simple","21":"boutique_image_style_2"},"brands":[{"id":51,"name":"BIJOUX INDISCRETS","slug":"bijoux-indiscrets"},{"id":758,"name":"BIJOUX LOVE COSMETIQUES","slug":"bijoux-indiscretsbijoux-love-cosmetiques"}],"_links":{"self":[{"href":"https:\/\/www.pussycatmerida.com\/eshop\/wp-json\/wp\/v2\/product\/8963","targetHints":{"allow":["GET"]}}],"collection":[{"href":"https:\/\/www.pussycatmerida.com\/eshop\/wp-json\/wp\/v2\/product"}],"about":[{"href":"https:\/\/www.pussycatmerida.com\/eshop\/wp-json\/wp\/v2\/types\/product"}],"wp:featuredmedia":[{"embeddable":true,"href":"https:\/\/www.pussycatmerida.com\/eshop\/wp-json\/wp\/v2\/media\/58331"}],"wp:attachment":[{"href":"https:\/\/www.pussycatmerida.com\/eshop\/wp-json\/wp\/v2\/media?parent=8963"}],"wp:term":[{"taxonomy":"pwb-brand","embeddable":true,"href":"https:\/\/www.pussycatmerida.com\/eshop\/wp-json\/wp\/v2\/pwb-brand?post=8963"},{"taxonomy":"product_brand","embeddable":true,"href":"https:\/\/www.pussycatmerida.com\/eshop\/wp-json\/wp\/v2\/product_brand?post=8963"},{"taxonomy":"product_cat","embeddable":true,"href":"https:\/\/www.pussycatmerida.com\/eshop\/wp-json\/wp\/v2\/product_cat?post=8963"},{"taxonomy":"product_tag","embeddable":true,"href":"https:\/\/www.pussycatmerida.com\/eshop\/wp-json\/wp\/v2\/product_tag?post=8963"}],"curies":[{"name":"wp","href":"https:\/\/api.w.org\/{rel}","templated":true}]}}