{"id":92752,"date":"2022-03-07T18:03:10","date_gmt":"2022-03-07T17:03:10","guid":{"rendered":"https:\/\/www.pussycatmerida.com\/eshop\/?post_type=product&#038;p=92752"},"modified":"2022-03-07T18:03:11","modified_gmt":"2022-03-07T17:03:11","slug":"pjur-med-sensitive-glide-lubricante-base-agua-100-ml","status":"publish","type":"product","link":"https:\/\/www.pussycatmerida.com\/eshop\/producto\/pjur-med-sensitive-glide-lubricante-base-agua-100-ml\/","title":{"rendered":"PJUR MED SENSITIVE GLIDE LUBRICANTE BASE AGUA 100 ML"},"content":{"rendered":"<p>Lubricante de base acuosa sin glicerina ni parabenos para una experiencia sensitiva.<\/p>\n<p>Est\u00e1 especialmente formulado para membranas mucosas muy sensibles de la zona genital.<\/p>\n<p>La glicerina, los parabenos y los conservantes han sido eliminados con el fin de hacer la formulaci\u00f3n lo m\u00e1s neutral posible, asegurando as\u00ed la m\u00e1xima compatibilidad con las membranas mucosas.<\/p>\n<p>    Envase de 100 ml.<\/p>\n<p>Experimenta Pjur.<\/p>\n","protected":false},"excerpt":{"rendered":"<p>Lubricante de base acuosa sin glicerina ni parabenos para una experiencia sensitiva.<\/p>\n<p>Est\u00e1 especialmente formulado para membranas mucosas muy sensibles de la zona genital.<\/p>\n<p>La glicerina, los parabenos y los conservantes han sido eliminados con el fin de hacer la formulaci\u00f3n lo m\u00e1s neutral posible, asegurando as\u00ed la m\u00e1xima compatibilidad con las membranas mucosas.<\/p>\n","protected":false},"featured_media":92753,"template":"","meta":[],"pwb-brand":[],"product_brand":[],"product_cat":[337,338,900],"product_tag":[],"class_list":{"0":"post-92752","1":"product","2":"type-product","3":"status-publish","4":"has-post-thumbnail","6":"product_cat-aceites-y-lubricantes","7":"product_cat-aceites-y-lubricanteslubricantes","8":"product_cat-lubricantes-naturales","9":"post_count_is_0","10":"boutique_post_style_4","12":"first","13":"instock","14":"taxable","15":"shipping-taxable","16":"purchasable","17":"product-type-simple","18":"boutique_image_style_2"},"brands":[],"_links":{"self":[{"href":"https:\/\/www.pussycatmerida.com\/eshop\/wp-json\/wp\/v2\/product\/92752","targetHints":{"allow":["GET"]}}],"collection":[{"href":"https:\/\/www.pussycatmerida.com\/eshop\/wp-json\/wp\/v2\/product"}],"about":[{"href":"https:\/\/www.pussycatmerida.com\/eshop\/wp-json\/wp\/v2\/types\/product"}],"wp:featuredmedia":[{"embeddable":true,"href":"https:\/\/www.pussycatmerida.com\/eshop\/wp-json\/wp\/v2\/media\/92753"}],"wp:attachment":[{"href":"https:\/\/www.pussycatmerida.com\/eshop\/wp-json\/wp\/v2\/media?parent=92752"}],"wp:term":[{"taxonomy":"pwb-brand","embeddable":true,"href":"https:\/\/www.pussycatmerida.com\/eshop\/wp-json\/wp\/v2\/pwb-brand?post=92752"},{"taxonomy":"product_brand","embeddable":true,"href":"https:\/\/www.pussycatmerida.com\/eshop\/wp-json\/wp\/v2\/product_brand?post=92752"},{"taxonomy":"product_cat","embeddable":true,"href":"https:\/\/www.pussycatmerida.com\/eshop\/wp-json\/wp\/v2\/product_cat?post=92752"},{"taxonomy":"product_tag","embeddable":true,"href":"https:\/\/www.pussycatmerida.com\/eshop\/wp-json\/wp\/v2\/product_tag?post=92752"}],"curies":[{"name":"wp","href":"https:\/\/api.w.org\/{rel}","templated":true}]}}