{"id":9413,"date":"2021-02-26T10:38:09","date_gmt":"2021-02-26T08:38:09","guid":{"rendered":"https:\/\/www.pussycatmerida.com\/eshop\/product\/lelo-luna-smart-bead-deep-rose\/"},"modified":"2026-03-11T12:28:03","modified_gmt":"2026-03-11T11:28:03","slug":"lelo-luna-smart-bead-deep-rose","status":"publish","type":"product","link":"https:\/\/www.pussycatmerida.com\/eshop\/producto\/lelo-luna-smart-bead-deep-rose\/","title":{"rendered":"LELO LUNA SMART BEAD DEEP ROSE"},"content":{"rendered":"<p style=\"font-size: 12.8000001907349px; line-height: 16.6399993896484px;\">LUNA Smart Bead\u2122 es tu entrenador personal para el placer. Gracias a sus sensores t\u00e1ctiles que responden a tus movimientos, el dispositivo selecciona de forma autom\u00e1tica la rutina de ejercicios Kegel m\u00e1s adecuada para ti.<\/p>\n<p style=\"font-size: 12.8000001907349px; line-height: 16.6399993896484px;\">A medida que tu suelo p\u00e9lvico se tonifica, LUNA Smart Bead\u2122 te indicar\u00e1 uno de sus 5 niveles progresivos de ejercicios guiados por vibraci\u00f3n.<\/p>\n<p style=\"font-size: 12.8000001907349px; line-height: 16.6399993896484px;\">Su uso continuado te har\u00e1 disfrutar de orgasmos m\u00e1s intensos y frecuentes.<\/p>\n<ul style=\"font-size: 12.8000001907349px; line-height: 16.6399993896484px;\">\n<li>\u00a0 \u00a0 Sensores t\u00e1ctiles que personalizan tu rutina de ejercicios<\/li>\n<li>\u00a0 \u00a0 5 niveles de vibraciones progresivas<\/li>\n<li>\u00a0 \u00a0 Su funci\u00f3n de memoria inteligente recuerda tus progresos<\/li>\n<li>\u00a0 \u00a0 Hasta 200 rutinas con una sola pila AAA<\/li>\n<li>\u00a0 \u00a0 Suave silicona biocompatible 100% sumergible<\/li>\n<li>\u00a0 \u00a0\u00a0<strong>UN ENTRENADOR PERSONAL PARA TU SUELO P\u00c9LVICO<\/strong><\/li>\n<\/ul>\n<p style=\"font-size: 12.8000001907349px; line-height: 16.6399993896484px;\">Ejercitador de Kegel inteligente para orgasmos m\u00e1s intensos y frecuentes<\/p>\n<ul style=\"font-size: 12.8000001907349px; line-height: 16.6399993896484px;\">\n<li>ENTRENAMIENTO PERSONALIZADO PARA EL PLACER<\/li>\n<\/ul>\n<p style=\"font-size: 12.8000001907349px; line-height: 16.6399993896484px;\">Sensores t\u00e1ctiles que personalizan tu rutina de ejercicios<\/p>\n<ul style=\"font-size: 12.8000001907349px; line-height: 16.6399993896484px;\">\n<li>LA T\u00c9CNICA \u201cCONTRAER\/RELAJAR\u201d<\/li>\n<\/ul>\n<p style=\"font-size: 12.8000001907349px; line-height: 16.6399993896484px;\">Sencillas rutinas de entrenamiento guiadas por vibraci\u00f3n<\/p>\n<ul style=\"font-size: 12.8000001907349px; line-height: 16.6399993896484px;\">\n<li>5 NIVELES DE VIBRACIONES PROGRESIVAS<\/li>\n<\/ul>\n<p style=\"font-size: 12.8000001907349px; line-height: 16.6399993896484px;\">La rutina se ajusta autom\u00e1ticamente a medida que tus m\u00fasculos se tonifican<\/p>\n<ul style=\"font-size: 12.8000001907349px; line-height: 16.6399993896484px;\">\n<li>SILICONA BIOCOMPATIBLE\u00a0<\/li>\n<\/ul>\n<p style=\"font-size: 12.8000001907349px; line-height: 16.6399993896484px;\">Incluye un modo de vibraci\u00f3n extra s\u00f3lo para el placer<\/p>\n<p style=\"font-size: 12.8000001907349px; line-height: 16.6399993896484px;\"><span style=\"font-size: 12.8000001907349px; line-height: 16.6399993896484px;\">Asimismo, LELO LUNA SMART\u00a0se presenta en una elegante caja de regalo que contiene una lujosa bolsita de sat\u00e9n para guardarlo, adem\u00e1s 1 pila AAA, el manual de usuario\u00a0y la garant\u00eda completa LELO de 1 a\u00f1o.<\/span><\/p>\n<p style=\"font-size: 12.8000001907349px; line-height: 16.6399993896484px; text-align: center;\"><iframe loading=\"lazy\" allowfullscreen=\"\" frameborder=\"0\" height=\"300\" scrolling=\"no\" src=\"\/\/www.youtube-nocookie.com\/embed\/pugAG14RIVc?rel=0\" width=\"800\"><\/iframe><\/p>\n","protected":false},"excerpt":{"rendered":"<p>LELO LUNA SMART BEAD DEEP ROSE<\/p>\n","protected":false},"featured_media":38407,"template":"","meta":[],"pwb-brand":[40],"product_brand":[],"product_cat":[430,288,289,274,299],"product_tag":[],"class_list":{"0":"post-9413","1":"product","2":"type-product","3":"status-publish","4":"has-post-thumbnail","6":"pwb-brand-lelo","7":"product_cat-juguetes-sexuales-xxxbolas","8":"product_cat-juguetes-sexuales-xxxestimuladores","9":"product_cat-juguetes-sexuales-xxxhuevos-vibradores","10":"product_cat-juguetes-sexuales-xxx","11":"product_cat-juguetes-sexuales-xxxvibradores","12":"post_count_is_0","13":"boutique_post_style_4","15":"first","16":"instock","17":"taxable","18":"shipping-taxable","19":"purchasable","20":"product-type-simple","21":"boutique_image_style_2"},"brands":[{"id":40,"name":"LELO","slug":"lelo"}],"_links":{"self":[{"href":"https:\/\/www.pussycatmerida.com\/eshop\/wp-json\/wp\/v2\/product\/9413","targetHints":{"allow":["GET"]}}],"collection":[{"href":"https:\/\/www.pussycatmerida.com\/eshop\/wp-json\/wp\/v2\/product"}],"about":[{"href":"https:\/\/www.pussycatmerida.com\/eshop\/wp-json\/wp\/v2\/types\/product"}],"wp:featuredmedia":[{"embeddable":true,"href":"https:\/\/www.pussycatmerida.com\/eshop\/wp-json\/wp\/v2\/media\/38407"}],"wp:attachment":[{"href":"https:\/\/www.pussycatmerida.com\/eshop\/wp-json\/wp\/v2\/media?parent=9413"}],"wp:term":[{"taxonomy":"pwb-brand","embeddable":true,"href":"https:\/\/www.pussycatmerida.com\/eshop\/wp-json\/wp\/v2\/pwb-brand?post=9413"},{"taxonomy":"product_brand","embeddable":true,"href":"https:\/\/www.pussycatmerida.com\/eshop\/wp-json\/wp\/v2\/product_brand?post=9413"},{"taxonomy":"product_cat","embeddable":true,"href":"https:\/\/www.pussycatmerida.com\/eshop\/wp-json\/wp\/v2\/product_cat?post=9413"},{"taxonomy":"product_tag","embeddable":true,"href":"https:\/\/www.pussycatmerida.com\/eshop\/wp-json\/wp\/v2\/product_tag?post=9413"}],"curies":[{"name":"wp","href":"https:\/\/api.w.org\/{rel}","templated":true}]}}